{"id":3233,"date":"2022-12-01T05:07:00","date_gmt":"2022-12-01T05:07:00","guid":{"rendered":"https:\/\/fluechter-verlag.de\/media-data\/"},"modified":"2023-12-27T10:30:04","modified_gmt":"2023-12-27T10:30:04","slug":"media-data","status":"publish","type":"page","link":"https:\/\/fluechter-verlag.de\/en\/media-data\/","title":{"rendered":"Media Data"},"content":{"rendered":"\n<div class=\"wp-block-uagb-advanced-heading uagb-block-b1818220\"><h2 class=\"uagb-heading-text\"><strong>HRVATSKI!<\/strong> <br\/>The Magazine for Learning Croatian<\/h2><\/div>\n\n<div class=\"wp-block-uagb-container uagb-block-65eb521e alignfull uagb-is-root-container\"><div class=\"uagb-container-inner-blocks-wrap\">\n<div style=\"height:35px\" aria-hidden=\"true\" class=\"wp-block-spacer\"><\/div>\n<\/div><\/div>\n\n<h3 class=\"wp-block-heading has-text-align-center\">MEDIA DATA 2024<\/h3>\n\n<div class=\"wp-block-uagb-container uagb-block-1fe75763 alignfull uagb-is-root-container\"><div class=\"uagb-container-inner-blocks-wrap\">\n<div style=\"height:61px\" aria-hidden=\"true\" class=\"wp-block-spacer\"><\/div>\n<\/div><\/div>\n\n<p><strong>PRICE LIST No. 3, 2024<\/strong><\/p>\n\n<p>Valid from January 1st, 2024<\/p>\n\n<div class=\"wp-block-uagb-container uagb-block-245d3d0b alignfull uagb-is-root-container\"><div class=\"uagb-container-inner-blocks-wrap\">\n<div class=\"wp-block-columns is-layout-flex wp-container-core-columns-is-layout-28f84493 wp-block-columns-is-layout-flex\">\n<div class=\"wp-block-column is-layout-flow wp-block-column-is-layout-flow\">\n<figure class=\"wp-block-image size-full has-custom-border\"><img decoding=\"async\" src=\"https:\/\/fluechter-verlag.de\/wp-content\/uploads\/2022\/11\/naslovnica-1-2023-hr-de-1.jpg\" alt=\"\" class=\"has-border-color has-cyan-bluish-gray-border-color wp-image-3031\" style=\"border-width:1px\"\/><\/figure>\n<\/div>\n\n\n\n<div class=\"wp-block-column is-layout-flow wp-block-column-is-layout-flow\">\n<figure class=\"wp-block-image size-full has-custom-border\"><img decoding=\"async\" src=\"https:\/\/fluechter-verlag.de\/wp-content\/uploads\/2022\/11\/naslovnica-2-2023-hr-de.jpg\" alt=\"\" class=\"has-border-color has-cyan-bluish-gray-border-color wp-image-3053\" style=\"border-width:1px\"\/><\/figure>\n<\/div>\n<\/div>\n<\/div><\/div>\n\n<div class=\"wp-block-uagb-container uagb-block-02cf1f5a alignfull uagb-is-root-container\"><div class=\"uagb-container-inner-blocks-wrap\">\n<div class=\"wp-block-uagb-container uagb-block-bdc7953e\">\n<div style=\"height:66px\" aria-hidden=\"true\" class=\"wp-block-spacer\"><\/div>\n<\/div>\n<\/div><\/div>\n\n<h3 class=\"wp-block-heading\"><strong>FL\u00dcCHTER VERLAG<\/strong><\/h3>\n\n<div style=\"height:36px\" aria-hidden=\"true\" class=\"wp-block-spacer\"><\/div>\n\n<p>Fl\u00fcchter Verlag is a start-up publishing company in the segment of learning Croatian. The concept of Fl\u00fcchter Verlag consists of the combination of entertaining insights into Croatian life and culture with various reports enriched with vocabulary lists and language exercises. With our first products &#8211; with the language magazine<em> <\/em><strong>HRVATSKI!<\/strong> (Croatian!) and the short grammar overview <strong>My Little Croatian Grammar <\/strong>\u2013 learning the Croatian language is much easier and more interesting.<\/p>\n\n<div style=\"height:28px\" aria-hidden=\"true\" class=\"wp-block-spacer\"><\/div>\n\n<p><strong>ADDRESS OF THE PUBLISHER<\/strong><\/p>\n\n<p><strong>Fl\u00fcchter Verlag publishing house<\/strong><\/p>\n\n<p>Thurgaustr. 6<\/p>\n\n<p>81475 Munich<\/p>\n\n<p><strong>Phone:<\/strong> +49 170 20 38 456<\/p>\n\n<p><strong>E-mail:<\/strong> info@fluechter-verlag.de, info@hrvatski-a-o.com<\/p>\n\n<p><strong>Website: <\/strong>www.fluechter-verlag.de, www.hrvatski-a-o.com<\/p>\n\n<p><\/p>\n\n<p><strong>Bank details<\/strong><\/p>\n\n<p>Account holder: Marija Fl\u00fcchter-Krstulja, Fl\u00fcchter Verlag<br\/>Bank account number: 61374141<br\/>BLZ: 10010010<br\/>Credit institution: Deutsche Bank AG<br\/>SWIFT: PBNKDEFF<br\/>IBAN: DE84100100100061374141<\/p>\n\n<div style=\"height:73px\" aria-hidden=\"true\" class=\"wp-block-spacer\"><\/div>\n\n<h3 class=\"wp-block-heading\"><strong>HRVATSKI!<\/strong><\/h3>\n\n<div style=\"height:34px\" aria-hidden=\"true\" class=\"wp-block-spacer\"><\/div>\n\n<p><strong>Have fun with HRVATSKI!<\/strong><\/p>\n\n<p>The language magazine <strong><em>HRVATSKI!<\/em><\/strong> contains 80 pages of interesting articles on topics from language, culture, society, everyday life and cuisine in Croatia. It enables readers to expand their Croatian language skills in an entertaining way and to experience the Croatian way of life.<\/p>\n\n<div style=\"height:26px\" aria-hidden=\"true\" class=\"wp-block-spacer\"><\/div>\n\n<p><strong>Frequency of publication:<\/strong> 2 times a year.<\/p>\n\n<p><strong>Readership data<\/strong>: known as of January 2024.<\/p>\n\n<p><strong>Sold circulation<\/strong>: known from January 2024.<\/p>\n\n<div style=\"height:100px\" aria-hidden=\"true\" class=\"wp-block-spacer\"><\/div>\n\n<h3 class=\"wp-block-heading\"><strong>SCHEDULE OVERVIEW<\/strong><\/h3>\n\n<div style=\"height:34px\" aria-hidden=\"true\" class=\"wp-block-spacer\"><\/div>\n\n<figure class=\"wp-block-table\"><table><tbody><tr><td><strong>Issue<\/strong><strong><\/strong><\/td><td class=\"has-text-align-right\" data-align=\"right\"><strong>Release date<\/strong><strong><\/strong><\/td><td class=\"has-text-align-right\" data-align=\"right\"><strong>Ad deadline<\/strong><strong><\/strong><\/td><td class=\"has-text-align-right\" data-align=\"right\"><strong>Press deadline<\/strong><strong><\/strong><\/td><\/tr><tr><td>1\/2024<\/td><td class=\"has-text-align-right\" data-align=\"right\">01.01.2024<\/td><td class=\"has-text-align-right\" data-align=\"right\">15.11.2023<\/td><td class=\"has-text-align-right\" data-align=\"right\">01.12.2023<\/td><\/tr><tr><td>2\/2024<\/td><td class=\"has-text-align-right\" data-align=\"right\">01.07.2024<\/td><td class=\"has-text-align-right\" data-align=\"right\">15.05.2024<\/td><td class=\"has-text-align-right\" data-align=\"right\">01.06.2024<\/td><\/tr><tr><td>1\/2025<\/td><td class=\"has-text-align-right\" data-align=\"right\">01.01.2025<\/td><td class=\"has-text-align-right\" data-align=\"right\">15.11.2024<\/td><td class=\"has-text-align-right\" data-align=\"right\">01.12.2024<\/td><\/tr><tr><td>2\/2025<\/td><td class=\"has-text-align-right\" data-align=\"right\">01.07.2025<\/td><td class=\"has-text-align-right\" data-align=\"right\">15.05.2025<\/td><td class=\"has-text-align-right\" data-align=\"right\">01.06.2025<\/td><\/tr><\/tbody><\/table><\/figure>\n\n<div style=\"height:100px\" aria-hidden=\"true\" class=\"wp-block-spacer\"><\/div>\n\n<h3 class=\"wp-block-heading\"><strong>TARGET GROUP<\/strong><\/h3>\n\n<div style=\"height:33px\" aria-hidden=\"true\" class=\"wp-block-spacer\"><\/div>\n\n<p><strong>People interested in Croatian language<\/strong><\/p>\n\n<p>The readers of <strong>Hrvatski!<\/strong> are very well educated, quality-conscious, demanding and have a strong interest in everything that has to do with Croatia: holidays, travel, culture, geography, cuisine, language and much more. They show great interest in the Croatian language not only because of their vacation in Croatia, but also because of their origin, life partner, friends, job, property ownership or even their life in Croatia. <\/p>\n\n<div style=\"height:35px\" aria-hidden=\"true\" class=\"wp-block-spacer\"><\/div>\n\n<p><strong>Teenagers and adults<\/strong><\/p>\n\n<p><strong>Hrvatski! <\/strong>also addresses young people and adults of Croatian origin who live in the second or third generation outside Croatia in the European Union as well as in all English- and German-speaking countries. They speak Croatian, understand it well and still feel the need to learn more about all the cultural and geographical aspects of their country of origin in the Croatian language.<\/p>\n\n<div style=\"height:35px\" aria-hidden=\"true\" class=\"wp-block-spacer\"><\/div>\n\n<p><strong>Language students<\/strong><\/p>\n\n<p>Students at Slavic Studies universities also use our products to prepare for a stay in Croatia.<\/p>\n\n<div style=\"height:35px\" aria-hidden=\"true\" class=\"wp-block-spacer\"><\/div>\n\n<p><strong>Teachers of the croatian language<\/strong><\/p>\n\n<p>Our products are also used by Croatian teachers for varied lessons.<\/p>\n\n<div style=\"height:100px\" aria-hidden=\"true\" class=\"wp-block-spacer\"><\/div>\n\n<h3 class=\"wp-block-heading\"><strong>PRINT: ADVERTISEMENT FORMATS and PRICES<\/strong><\/h3>\n\n<div style=\"height:38px\" aria-hidden=\"true\" class=\"wp-block-spacer\"><\/div>\n\n<figure class=\"wp-block-table\"><table><tbody><tr><td><strong>Format<\/strong><strong><\/strong><\/td><td><strong> <\/strong><\/td><td class=\"has-text-align-right\" data-align=\"right\"><strong>Price<\/strong><strong><\/strong><\/td><\/tr><tr><td><strong>2 pages<\/strong><\/td><td>420 x 280 mm<\/td><td class=\"has-text-align-right\" data-align=\"right\">1.000,- \u20ac<\/td><\/tr><tr><td><strong>1 page<\/strong><\/td><td>210 x 280 mm<\/td><td class=\"has-text-align-right\" data-align=\"right\">500,- \u20ac<\/td><\/tr><tr><td><strong>1\/2 page<\/strong><\/td><td>210 x 140 mm<\/td><td class=\"has-text-align-right\" data-align=\"right\">250,- \u20ac<\/td><\/tr><tr><td><strong>1\/2 page<\/strong><\/td><td>105 x 280 mm<\/td><td class=\"has-text-align-right\" data-align=\"right\">250,- \u20ac<\/td><\/tr><tr><td><strong>1\/3 page <\/strong><\/td><td>210 x 93 mm<\/td><td class=\"has-text-align-right\" data-align=\"right\">165,- \u20ac<\/td><\/tr><tr><td><strong>1\/3 page <\/strong><\/td><td>70 x 280 mm<\/td><td class=\"has-text-align-right\" data-align=\"right\">165,- \u20ac<\/td><\/tr><tr><td><strong>1\/4 page<\/strong><\/td><td>210 x 70 mm<\/td><td class=\"has-text-align-right\" data-align=\"right\">125,- \u20ac<\/td><\/tr><tr><td><strong>1\/4 page<\/strong><\/td><td>53 x 280 mm<\/td><td class=\"has-text-align-right\" data-align=\"right\">125,- \u20ac<\/td><\/tr><tr><td><strong>1\/4 page<\/strong><\/td><td>105 x 140 mm<\/td><td class=\"has-text-align-right\" data-align=\"right\">125,- \u20ac<\/td><\/tr><tr><td><strong>1\/6 page<\/strong><\/td><td>123 x 58 mm<\/td><td class=\"has-text-align-right\" data-align=\"right\">82,- \u20ac<\/td><\/tr><\/tbody><\/table><\/figure>\n\n<p>All prices without VAT.<\/p>\n\n<div style=\"height:35px\" aria-hidden=\"true\" class=\"wp-block-spacer\"><\/div>\n\n<p>Your ad will appear in the print and digital edition of HRVATSKI! in the Croatian-German version, as well as in the digital edition in the Croatian-English version of the language magazine HRVATSKI!.<\/p>\n\n<div style=\"height:35px\" aria-hidden=\"true\" class=\"wp-block-spacer\"><\/div>\n\n<p>If your advertisement is placed in two issues of the language magazine HRVATSKI! (duration one year) you will receive a <strong>discount of 50%.<\/strong> <\/p>\n\n<div style=\"height:100px\" aria-hidden=\"true\" class=\"wp-block-spacer\"><\/div>\n\n<h3 class=\"wp-block-heading\"><strong>PRINT: ADVERTORIAL<\/strong><\/h3>\n\n<div style=\"height:35px\" aria-hidden=\"true\" class=\"wp-block-spacer\"><\/div>\n\n<p><strong>Your advertising message in an editorial environment<\/strong><\/p>\n\n<p>Present your individual advertising message in a convincing advertorial that is created according to your ideas. To do this, provide us with your desired content that you want it to appear in the article. We take over the implementation of your individual appearance. The editorial layout improves your advertising performance and is optimally integrated into the magazine.<\/p>\n\n<div style=\"height:36px\" aria-hidden=\"true\" class=\"wp-block-spacer\"><\/div>\n\n<figure class=\"wp-block-table\"><table><tbody><tr><td><strong>Format<\/strong><strong><\/strong><\/td><td><strong> <\/strong><\/td><td class=\"has-text-align-right\" data-align=\"right\"><strong>Price<\/strong><strong><\/strong><\/td><\/tr><tr><td><strong>2 pages<\/strong><\/td><td>420 x 280 mm<\/td><td class=\"has-text-align-right\" data-align=\"right\">500,- \u20ac<\/td><\/tr><tr><td><strong>1 page<\/strong><\/td><td>210 x 280 mm<\/td><td class=\"has-text-align-right\" data-align=\"right\">250,- \u20ac<\/td><\/tr><\/tbody><\/table><\/figure>\n\n<p>Plus creation costs and VAT.<\/p>\n\n<p>Other formats on request.<\/p>\n\n<div style=\"height:100px\" aria-hidden=\"true\" class=\"wp-block-spacer\"><\/div>\n\n<h3 class=\"wp-block-heading\"><strong>PRINT: SMALL ADS<\/strong><\/h3>\n\n<div style=\"height:35px\" aria-hidden=\"true\" class=\"wp-block-spacer\"><\/div>\n\n<p><strong>Small budget with a big impact!<\/strong><\/p>\n\n<p>Even with a smaller budget, your advertising message will reach the right readers. We offer the right advertising environment for language courses, books, products, travel or accommodation options.<\/p>\n\n<div style=\"height:35px\" aria-hidden=\"true\" class=\"wp-block-spacer\"><\/div>\n\n<figure class=\"wp-block-table\"><table><tbody><tr><td><strong>Format<\/strong><\/td><td class=\"has-text-align-right\" data-align=\"right\"><strong>Price<\/strong><strong><\/strong><\/td><\/tr><tr><td>45 x 25 mm<\/td><td class=\"has-text-align-right\" data-align=\"right\">15,- \u20ac<\/td><\/tr><tr><td>45 x 50 mm<\/td><td class=\"has-text-align-right\" data-align=\"right\">31,- \u20ac<\/td><\/tr><tr><td>90 x 30 mm<\/td><td class=\"has-text-align-right\" data-align=\"right\">31,- \u20ac<\/td><\/tr><\/tbody><\/table><\/figure>\n\n<p>All prices without VAT.<\/p>\n\n<div style=\"height:35px\" aria-hidden=\"true\" class=\"wp-block-spacer\"><\/div>\n\n<p>If your advertisement is placed in two issues of the language magazine HRVATSKI! (duration one year) you will receive a <strong>discount of 50%.<\/strong> <\/p>\n\n<div style=\"height:100px\" aria-hidden=\"true\" class=\"wp-block-spacer\"><\/div>\n\n<h3 class=\"wp-block-heading\"><strong>ONLINE: ADVERTISING OPPORTUNITIES<\/strong><\/h3>\n\n<div style=\"height:35px\" aria-hidden=\"true\" class=\"wp-block-spacer\"><\/div>\n\n<p>The HRVATSKI! newsletter is free for our readers. Twice a year, the editors provide information about new products from Fl\u00fcchter Verlag publishing company.<\/p>\n\n<p>You can also reach our readers online. Use our digital advertising options for your advertising message in a newsletter banner or integrated into the newsletter. <\/p>\n\n<div style=\"height:35px\" aria-hidden=\"true\" class=\"wp-block-spacer\"><\/div>\n\n<figure class=\"wp-block-table\"><table><tbody><tr><td><strong>Advertising opportunities<\/strong><strong><\/strong><\/td><td><strong>Format <\/strong><strong><\/strong><\/td><td class=\"has-text-align-right\" data-align=\"right\"><strong>Prices per placement <\/strong><strong><\/strong><\/td><\/tr><tr><td><strong>Newsletter banner<\/strong><\/td><td>600 x 200 pixels<\/td><td class=\"has-text-align-right\" data-align=\"right\">110 \u20ac<\/td><\/tr><tr><td><strong>Newsletter integration with image and text<\/strong><\/td><td>Image: 240 x 200 pixels<br\/>Text: 300-500 characters<\/td><td class=\"has-text-align-right\" data-align=\"right\">90 \u20ac<\/td><\/tr><\/tbody><\/table><\/figure>\n\n<p>Prices without VAT.<\/p>\n\n<div style=\"height:100px\" aria-hidden=\"true\" class=\"wp-block-spacer\"><\/div>\n\n<h4 class=\"wp-block-heading\"><strong>YOUR CONTACT PERSON<\/strong><\/h4>\n\n<div style=\"height:36px\" aria-hidden=\"true\" class=\"wp-block-spacer\"><\/div>\n\n<p>Feel free to contact us with your wishes and ideas. Together we will develop a suitable advertising strategy.<\/p>\n\n<div style=\"height:35px\" aria-hidden=\"true\" class=\"wp-block-spacer\"><\/div>\n\n<p><strong>Marija Fl\u00fcchter-Krstulja<\/strong>, publisher<\/p>\n\n<p><strong>Fl\u00fcchter Verlag<\/strong>, Thurgaustr.6, 81475 M\u00fcnchen<\/p>\n\n<p>Tel.: +49 170 20 38 456<\/p>\n\n<p>Mail: <a href=\"mailto:info@fluechter-verlag.de\">info@fluechter-verlag.de<\/a><\/p>\n\n<p>www.fluechter-verlag.de<\/p>\n\n<p>VAT identifikation number: DE357910001<\/p>\n\n<div style=\"height:35px\" aria-hidden=\"true\" class=\"wp-block-spacer\"><\/div>\n\n<p>Credit institution: Deutsche Bank AG<\/p>\n\n<p>Bank account number: 61374141<br\/>BLZ: 10010010<br\/>SWIFT: PBNKDEFF<br\/>IBAN: DE84100100100061374141<\/p>\n\n<div style=\"height:35px\" aria-hidden=\"true\" class=\"wp-block-spacer\"><\/div>\n\n<p><strong>Terms and Conditions<\/strong><\/p>\n\n<p>The publisher&#8217;s terms and conditions apply to the processing of advertising orders of any kind.<\/p>\n\n<div style=\"height:35px\" aria-hidden=\"true\" class=\"wp-block-spacer\"><\/div>\n\n<p><strong>Terms of payment<\/strong><\/p>\n\n<p>Within 30 days net after receipt of invoice by bank transfer, direct debit.<\/p>\n\n<div style=\"height:35px\" aria-hidden=\"true\" class=\"wp-block-spacer\"><\/div>\n\n<p><strong>Value added tax<\/strong><\/p>\n\n<p>The statutory VAT applies.<\/p>\n\n<div style=\"height:35px\" aria-hidden=\"true\" class=\"wp-block-spacer\"><\/div>\n\n<p><strong>Deadline for advertisements \/ right of withdrawal<\/strong><\/p>\n\n<p>The advertising deadline is 6 weeks before the publication date.<\/p>\n\n<div style=\"height:35px\" aria-hidden=\"true\" class=\"wp-block-spacer\"><\/div>\n\n<p><strong>Press deadline<\/strong><\/p>\n\n<p>20 working days before publication.<\/p>\n\n<div style=\"height:35px\" aria-hidden=\"true\" class=\"wp-block-spacer\"><\/div>\n","protected":false},"excerpt":{"rendered":"<p>HRVATSKI! The Magazine for Learning Croatian MEDIA DATA 2024 PRICE LIST No. 3, 2024 Valid from January 1st, 2024 FL\u00dcCHTER VERLAG Fl\u00fcchter Verlag is a start-up publishing company in the segment of learning Croatian. The concept of Fl\u00fcchter Verlag consists of the combination of entertaining insights into Croatian life and culture with various reports enriched [&hellip;]<\/p>\n","protected":false},"author":1,"featured_media":0,"parent":0,"menu_order":0,"comment_status":"closed","ping_status":"closed","template":"","meta":{"_uag_custom_page_level_css":"","site-sidebar-layout":"default","site-content-layout":"","ast-site-content-layout":"default","site-content-style":"default","site-sidebar-style":"default","ast-global-header-display":"","ast-banner-title-visibility":"","ast-main-header-display":"","ast-hfb-above-header-display":"","ast-hfb-below-header-display":"","ast-hfb-mobile-header-display":"","site-post-title":"disabled","ast-breadcrumbs-content":"","ast-featured-img":"","footer-sml-layout":"","ast-disable-related-posts":"","theme-transparent-header-meta":"","adv-header-id-meta":"","stick-header-meta":"","header-above-stick-meta":"","header-main-stick-meta":"","header-below-stick-meta":"","astra-migrate-meta-layouts":"default","ast-page-background-enabled":"default","ast-page-background-meta":{"desktop":{"background-color":"","background-image":"","background-repeat":"repeat","background-position":"center center","background-size":"auto","background-attachment":"scroll","background-type":"","background-media":"","overlay-type":"","overlay-color":"","overlay-opacity":"","overlay-gradient":""},"tablet":{"background-color":"","background-image":"","background-repeat":"repeat","background-position":"center center","background-size":"auto","background-attachment":"scroll","background-type":"","background-media":"","overlay-type":"","overlay-color":"","overlay-opacity":"","overlay-gradient":""},"mobile":{"background-color":"","background-image":"","background-repeat":"repeat","background-position":"center center","background-size":"auto","background-attachment":"scroll","background-type":"","background-media":"","overlay-type":"","overlay-color":"","overlay-opacity":"","overlay-gradient":""}},"ast-content-background-meta":{"desktop":{"background-color":"var(--ast-global-color-5)","background-image":"","background-repeat":"repeat","background-position":"center center","background-size":"auto","background-attachment":"scroll","background-type":"","background-media":"","overlay-type":"","overlay-color":"","overlay-opacity":"","overlay-gradient":""},"tablet":{"background-color":"var(--ast-global-color-5)","background-image":"","background-repeat":"repeat","background-position":"center center","background-size":"auto","background-attachment":"scroll","background-type":"","background-media":"","overlay-type":"","overlay-color":"","overlay-opacity":"","overlay-gradient":""},"mobile":{"background-color":"var(--ast-global-color-5)","background-image":"","background-repeat":"repeat","background-position":"center center","background-size":"auto","background-attachment":"scroll","background-type":"","background-media":"","overlay-type":"","overlay-color":"","overlay-opacity":"","overlay-gradient":""}},"jetpack_post_was_ever_published":false,"footnotes":""},"class_list":["post-3233","page","type-page","status-publish","hentry"],"uagb_featured_image_src":{"full":false,"thumbnail":false,"medium":false,"medium_large":false,"large":false,"1536x1536":false,"2048x2048":false,"mailpoet_newsletter_max":false,"woocommerce_thumbnail":false,"woocommerce_single":false,"woocommerce_gallery_thumbnail":false},"uagb_author_info":{"display_name":"Marija","author_link":"https:\/\/fluechter-verlag.de\/en\/author\/admin\/"},"uagb_comment_info":0,"uagb_excerpt":"HRVATSKI! The Magazine for Learning Croatian MEDIA DATA 2024 PRICE LIST No. 3, 2024 Valid from January 1st, 2024 FL\u00dcCHTER VERLAG Fl\u00fcchter Verlag is a start-up publishing company in the segment of learning Croatian. The concept of Fl\u00fcchter Verlag consists of the combination of entertaining insights into Croatian life and culture with various reports enriched&hellip;","jetpack_sharing_enabled":true,"_links":{"self":[{"href":"https:\/\/fluechter-verlag.de\/en\/wp-json\/wp\/v2\/pages\/3233","targetHints":{"allow":["GET"]}}],"collection":[{"href":"https:\/\/fluechter-verlag.de\/en\/wp-json\/wp\/v2\/pages"}],"about":[{"href":"https:\/\/fluechter-verlag.de\/en\/wp-json\/wp\/v2\/types\/page"}],"author":[{"embeddable":true,"href":"https:\/\/fluechter-verlag.de\/en\/wp-json\/wp\/v2\/users\/1"}],"replies":[{"embeddable":true,"href":"https:\/\/fluechter-verlag.de\/en\/wp-json\/wp\/v2\/comments?post=3233"}],"version-history":[{"count":14,"href":"https:\/\/fluechter-verlag.de\/en\/wp-json\/wp\/v2\/pages\/3233\/revisions"}],"predecessor-version":[{"id":5748,"href":"https:\/\/fluechter-verlag.de\/en\/wp-json\/wp\/v2\/pages\/3233\/revisions\/5748"}],"wp:attachment":[{"href":"https:\/\/fluechter-verlag.de\/en\/wp-json\/wp\/v2\/media?parent=3233"}],"curies":[{"name":"wp","href":"https:\/\/api.w.org\/{rel}","templated":true}]}}