{"id":2058,"date":"2022-10-01T08:29:58","date_gmt":"2022-10-01T08:29:58","guid":{"rendered":"https:\/\/fluechter-verlag.de\/otisak\/"},"modified":"2023-07-04T08:01:20","modified_gmt":"2023-07-04T08:01:20","slug":"impresum","status":"publish","type":"page","link":"https:\/\/fluechter-verlag.de\/hr\/impresum\/","title":{"rendered":"Impresum"},"content":{"rendered":"<p>Odgovorna prema \u00a7 5 TMG:<\/p>\n<p>Vlasnik\/ovla\u0161teni predstavnik:<br \/>\nMarija Fl\u00fcchter-Krstulja<\/p>\n<p><strong>Fl\u00fcchter Verlag izdava\u010dka tvrtka<\/strong><\/p>\n<p>Thurgaustr. 6<br \/>\n81475 M\u00fcnchen<\/p>\n<p>Broj telefona: +49 170 20 38 456<br \/>\nE-mail adresa: info@fluechter-verlag.de, info@hrvatski-a-o.com<\/p>\n<p>PDV broj: DE357910001<\/p>\n<p>Odgovorna za sadr\u017eaj: Marija Fl\u00fcchter-Krstulja, gore navedena adresa.<\/p>\n<p>Platforma Europske komisije za online rje\u0161avanje sporova (OS) za potro\u0161a\u010de: https:\/\/ec.europa.eu\/consumers\/odr\/. Nismo voljni i nismo obvezni sudjelovati u postupku rje\u0161avanja sporova pred potro\u0161a\u010dkom arbitra\u017eom.<\/p>\n","protected":false},"excerpt":{"rendered":"<p>Odgovorna prema \u00a7 5 TMG: Vlasnik\/ovla\u0161teni predstavnik: Marija Fl\u00fcchter-Krstulja Fl\u00fcchter Verlag izdava\u010dka tvrtka Thurgaustr. 6 81475 M\u00fcnchen Broj telefona: +49 170 20 38 456 E-mail adresa: info@fluechter-verlag.de, info@hrvatski-a-o.com PDV broj: DE357910001 Odgovorna za sadr\u017eaj: Marija Fl\u00fcchter-Krstulja, gore navedena adresa. Platforma Europske komisije za online rje\u0161avanje sporova (OS) za potro\u0161a\u010de: https:\/\/ec.europa.eu\/consumers\/odr\/. Nismo voljni i nismo obvezni [&hellip;]<\/p>\n","protected":false},"author":1,"featured_media":0,"parent":0,"menu_order":0,"comment_status":"closed","ping_status":"closed","template":"","meta":{"_uag_custom_page_level_css":"","site-sidebar-layout":"default","site-content-layout":"","ast-site-content-layout":"default","site-content-style":"default","site-sidebar-style":"default","ast-global-header-display":"","ast-banner-title-visibility":"","ast-main-header-display":"","ast-hfb-above-header-display":"","ast-hfb-below-header-display":"","ast-hfb-mobile-header-display":"","site-post-title":"","ast-breadcrumbs-content":"","ast-featured-img":"","footer-sml-layout":"","ast-disable-related-posts":"","theme-transparent-header-meta":"","adv-header-id-meta":"","stick-header-meta":"","header-above-stick-meta":"","header-main-stick-meta":"","header-below-stick-meta":"","astra-migrate-meta-layouts":"default","ast-page-background-enabled":"default","ast-page-background-meta":{"desktop":{"background-color":"","background-image":"","background-repeat":"repeat","background-position":"center center","background-size":"auto","background-attachment":"scroll","background-type":"","background-media":"","overlay-type":"","overlay-color":"","overlay-opacity":"","overlay-gradient":""},"tablet":{"background-color":"","background-image":"","background-repeat":"repeat","background-position":"center center","background-size":"auto","background-attachment":"scroll","background-type":"","background-media":"","overlay-type":"","overlay-color":"","overlay-opacity":"","overlay-gradient":""},"mobile":{"background-color":"","background-image":"","background-repeat":"repeat","background-position":"center center","background-size":"auto","background-attachment":"scroll","background-type":"","background-media":"","overlay-type":"","overlay-color":"","overlay-opacity":"","overlay-gradient":""}},"ast-content-background-meta":{"desktop":{"background-color":"var(--ast-global-color-5)","background-image":"","background-repeat":"repeat","background-position":"center center","background-size":"auto","background-attachment":"scroll","background-type":"","background-media":"","overlay-type":"","overlay-color":"","overlay-opacity":"","overlay-gradient":""},"tablet":{"background-color":"var(--ast-global-color-5)","background-image":"","background-repeat":"repeat","background-position":"center center","background-size":"auto","background-attachment":"scroll","background-type":"","background-media":"","overlay-type":"","overlay-color":"","overlay-opacity":"","overlay-gradient":""},"mobile":{"background-color":"var(--ast-global-color-5)","background-image":"","background-repeat":"repeat","background-position":"center center","background-size":"auto","background-attachment":"scroll","background-type":"","background-media":"","overlay-type":"","overlay-color":"","overlay-opacity":"","overlay-gradient":""}},"jetpack_post_was_ever_published":false,"footnotes":""},"class_list":["post-2058","page","type-page","status-publish","hentry"],"uagb_featured_image_src":{"full":false,"thumbnail":false,"medium":false,"medium_large":false,"large":false,"1536x1536":false,"2048x2048":false,"mailpoet_newsletter_max":false,"woocommerce_thumbnail":false,"woocommerce_single":false,"woocommerce_gallery_thumbnail":false},"uagb_author_info":{"display_name":"Marija","author_link":"https:\/\/fluechter-verlag.de\/hr\/author\/admin\/"},"uagb_comment_info":0,"uagb_excerpt":"Odgovorna prema \u00a7 5 TMG: Vlasnik\/ovla\u0161teni predstavnik: Marija Fl\u00fcchter-Krstulja Fl\u00fcchter Verlag izdava\u010dka tvrtka Thurgaustr. 6 81475 M\u00fcnchen Broj telefona: +49 170 20 38 456 E-mail adresa: info@fluechter-verlag.de, info@hrvatski-a-o.com PDV broj: DE357910001 Odgovorna za sadr\u017eaj: Marija Fl\u00fcchter-Krstulja, gore navedena adresa. Platforma Europske komisije za online rje\u0161avanje sporova (OS) za potro\u0161a\u010de: https:\/\/ec.europa.eu\/consumers\/odr\/. Nismo voljni i nismo obvezni&hellip;","jetpack_sharing_enabled":true,"_links":{"self":[{"href":"https:\/\/fluechter-verlag.de\/hr\/wp-json\/wp\/v2\/pages\/2058","targetHints":{"allow":["GET"]}}],"collection":[{"href":"https:\/\/fluechter-verlag.de\/hr\/wp-json\/wp\/v2\/pages"}],"about":[{"href":"https:\/\/fluechter-verlag.de\/hr\/wp-json\/wp\/v2\/types\/page"}],"author":[{"embeddable":true,"href":"https:\/\/fluechter-verlag.de\/hr\/wp-json\/wp\/v2\/users\/1"}],"replies":[{"embeddable":true,"href":"https:\/\/fluechter-verlag.de\/hr\/wp-json\/wp\/v2\/comments?post=2058"}],"version-history":[{"count":10,"href":"https:\/\/fluechter-verlag.de\/hr\/wp-json\/wp\/v2\/pages\/2058\/revisions"}],"predecessor-version":[{"id":4774,"href":"https:\/\/fluechter-verlag.de\/hr\/wp-json\/wp\/v2\/pages\/2058\/revisions\/4774"}],"wp:attachment":[{"href":"https:\/\/fluechter-verlag.de\/hr\/wp-json\/wp\/v2\/media?parent=2058"}],"curies":[{"name":"wp","href":"https:\/\/api.w.org\/{rel}","templated":true}]}}