{"id":2059,"date":"2022-12-01T08:29:58","date_gmt":"2022-12-01T08:29:58","guid":{"rendered":"https:\/\/fluechter-verlag.de\/povlacenje-za-digitalni-sadrzaj\/"},"modified":"2023-02-02T10:20:28","modified_gmt":"2023-02-02T10:20:28","slug":"povlacenje-za-digitalni-sadrzaj","status":"publish","type":"page","link":"https:\/\/fluechter-verlag.de\/hr\/povlacenje-za-digitalni-sadrzaj\/","title":{"rendered":"Opoziv za digitalni sadr\u017eaj"},"content":{"rendered":"<h3>Uputa o pravu na odustajanje za potro\u0161a\u010de u vezi s isporukom digitalnog sadr\u017eaja koji nije isporu\u010den na fizi\u010dkom nosa\u010du podataka (npr. digitalni proizvodi, e-knjiga, preuzimanje softvera)<\/h3>\n<p><strong>Pravo na opoziv<\/strong><\/p>\n<p>Potro\u0161a\u010d je svaka fizi\u010dka osoba koja sklapa pravni posao u svrhe koje nisu namijenjene njegovoj poslovnoj djelatnosti niti obavljanju djelatnosti slobodnog zanimanja.<\/p>\n<p><strong>Pravo na opoziv<\/strong><\/p>\n<p>Imate pravo odustati od ovog ugovora u roku od \u010detrnaest dana bez navo\u0111enja razloga. Otkazni rok je \u010detrnaest dana od dana sklapanja ugovora. Kako biste ostvarili svoje pravo na opoziv\/raskid ugovora, morate nam poslati (Fl\u00fcchter Verlag, Thurgaustr. 6, 81475 M\u00fcnchen, Njema\u010dka, tel. +49 170 20 38 456, info@fluechter-verlag.de) jasnu izjavu (npr. pismo poslano po\u0161tom, faksom ili e-po\u0161tom) o va\u0161oj odluci o povla\u010denju iz ovog ugovora. Za to mo\u017eete koristiti prilo\u017eeni uzorak obrasca za opoziv, ali to nije obavezno. Kako biste ispunili rok za opoziv\/raskid ugovora, dovoljno je da po\u0161aljete obavijest o ostvarivanju prava na opoziv prije isteka roka za opoziv.<\/p>\n<p><strong>Posljedice opoziva<\/strong><br \/>\nUkoliko opozovete ovaj ugovor, du\u017eni smo vam nadoknaditi sva pla\u0107anja koja smo primili od vas odmah, uklju\u010duju\u0107i tro\u0161kove dostave (osim dodatnih tro\u0161kova koji proizlaze iz \u010dinjenice da ste odabrali drugu vrstu dostave od najjeftinije ponu\u0111ene standardne isporuke od na\u0161e strane), a najkasnije u roku od \u010detrnaest dana od dana kada smo primili obavijest o va\u0161em raskidu ovog ugovora. Za povrat novca koristimo ista sredstva pla\u0107anja koja ste koristili u izvornoj transakciji, osim ako ne\u0161to drugo nije izri\u010dito dogovoreno s vama; ni pod kojim okolnostima vam se ne\u0107e naplatiti naknada za povrat novca.<\/p>\n<p><strong>Uzorak obrasca za opoziv\/raskid ugovora<\/strong><\/p>\n<p>(Ako \u017eelite raskinuti ugovor, ispunite ovaj obrazac i po\u0161aljite nam ga.)<br \/>\n&#8211; Primatelj [Fl\u00fcchter Verlag, Thurgaustr. 6, 81475 M\u00fcnchen, Njema\u010dka, tel. +49 170 20 38 456, info@fluechter-verlag.de]:<br \/>\n&#8211; Ja\/mi (*) ovime opozivam ugovor koji sam sklopio (*) za kupnju sljede\u0107e robe (*)\/ pru\u017eanje sljede\u0107e usluge (*)<br \/>\n&#8211; Naru\u010deno (*)\/primljeno (*)<br \/>\n&#8211; Ime potro\u0161a\u010da<br \/>\n&#8211; Adresa potro\u0161a\u010da<br \/>\n&#8211; Potpis potro\u0161a\u010da (samo ako se obavijest vr\u0161i na papiru)<br \/>\n&#8211; Datum<br \/>\n&#8212;&#8212;&#8212;&#8212;&#8212;&#8212;&#8212;&#8212;&#8212;&#8212;&#8212;&#8212;&#8212;<br \/>\n(*) Izbrisati \u0161to nije potrebno.<\/p>\n<p><strong>Isklju\u010denje ili prijevremeni istek prava na opoziv\/odustajanje<\/strong><br \/>\nPravo na opoziv se ne odnosi na ugovore o isporuci digitalnog sadr\u017eaja koji nije unaprijed napravljen i za \u010diju je proizvodnju presudan individualni odabir ili odluka potro\u0161a\u010da ili koji je jasno prilago\u0111en osobnim potrebama potro\u0161a\u010da.<br \/>\nPravo na opoziv prestaje prije vremena ako smo zapo\u010deli s izvr\u0161avanjem ugovora tek nakon \u0161to ste dali svoju izri\u010ditu suglasnost i ujedno potvrdili da ste svjesni da \u0107ete izgubiti pravo na opoziv kada po\u010dnemo ispunjavati ugovor. Napominjemo da o prethodno navedenoj suglasnosti i potvrdi mo\u017eemo uvjetovati sklapanje ugovora.<\/p>\n","protected":false},"excerpt":{"rendered":"<p>Uputa o pravu na odustajanje za potro\u0161a\u010de u vezi s isporukom digitalnog sadr\u017eaja koji nije isporu\u010den na fizi\u010dkom nosa\u010du podataka (npr. digitalni proizvodi, e-knjiga, preuzimanje softvera) Pravo na opoziv Potro\u0161a\u010d je svaka fizi\u010dka osoba koja sklapa pravni posao u svrhe koje nisu namijenjene njegovoj poslovnoj djelatnosti niti obavljanju djelatnosti slobodnog zanimanja. Pravo na opoziv Imate [&hellip;]<\/p>\n","protected":false},"author":1,"featured_media":0,"parent":0,"menu_order":0,"comment_status":"closed","ping_status":"closed","template":"","meta":{"_uag_custom_page_level_css":"","site-sidebar-layout":"default","site-content-layout":"","ast-site-content-layout":"default","site-content-style":"default","site-sidebar-style":"default","ast-global-header-display":"","ast-banner-title-visibility":"","ast-main-header-display":"","ast-hfb-above-header-display":"","ast-hfb-below-header-display":"","ast-hfb-mobile-header-display":"","site-post-title":"","ast-breadcrumbs-content":"","ast-featured-img":"","footer-sml-layout":"","ast-disable-related-posts":"","theme-transparent-header-meta":"","adv-header-id-meta":"","stick-header-meta":"","header-above-stick-meta":"","header-main-stick-meta":"","header-below-stick-meta":"","astra-migrate-meta-layouts":"default","ast-page-background-enabled":"default","ast-page-background-meta":{"desktop":{"background-color":"","background-image":"","background-repeat":"repeat","background-position":"center center","background-size":"auto","background-attachment":"scroll","background-type":"","background-media":"","overlay-type":"","overlay-color":"","overlay-opacity":"","overlay-gradient":""},"tablet":{"background-color":"","background-image":"","background-repeat":"repeat","background-position":"center center","background-size":"auto","background-attachment":"scroll","background-type":"","background-media":"","overlay-type":"","overlay-color":"","overlay-opacity":"","overlay-gradient":""},"mobile":{"background-color":"","background-image":"","background-repeat":"repeat","background-position":"center center","background-size":"auto","background-attachment":"scroll","background-type":"","background-media":"","overlay-type":"","overlay-color":"","overlay-opacity":"","overlay-gradient":""}},"ast-content-background-meta":{"desktop":{"background-color":"var(--ast-global-color-5)","background-image":"","background-repeat":"repeat","background-position":"center center","background-size":"auto","background-attachment":"scroll","background-type":"","background-media":"","overlay-type":"","overlay-color":"","overlay-opacity":"","overlay-gradient":""},"tablet":{"background-color":"var(--ast-global-color-5)","background-image":"","background-repeat":"repeat","background-position":"center center","background-size":"auto","background-attachment":"scroll","background-type":"","background-media":"","overlay-type":"","overlay-color":"","overlay-opacity":"","overlay-gradient":""},"mobile":{"background-color":"var(--ast-global-color-5)","background-image":"","background-repeat":"repeat","background-position":"center center","background-size":"auto","background-attachment":"scroll","background-type":"","background-media":"","overlay-type":"","overlay-color":"","overlay-opacity":"","overlay-gradient":""}},"jetpack_post_was_ever_published":false,"footnotes":""},"class_list":["post-2059","page","type-page","status-publish","hentry"],"uagb_featured_image_src":{"full":false,"thumbnail":false,"medium":false,"medium_large":false,"large":false,"1536x1536":false,"2048x2048":false,"mailpoet_newsletter_max":false,"woocommerce_thumbnail":false,"woocommerce_single":false,"woocommerce_gallery_thumbnail":false},"uagb_author_info":{"display_name":"Marija","author_link":"https:\/\/fluechter-verlag.de\/hr\/author\/admin\/"},"uagb_comment_info":0,"uagb_excerpt":"Uputa o pravu na odustajanje za potro\u0161a\u010de u vezi s isporukom digitalnog sadr\u017eaja koji nije isporu\u010den na fizi\u010dkom nosa\u010du podataka (npr. digitalni proizvodi, e-knjiga, preuzimanje softvera) Pravo na opoziv Potro\u0161a\u010d je svaka fizi\u010dka osoba koja sklapa pravni posao u svrhe koje nisu namijenjene njegovoj poslovnoj djelatnosti niti obavljanju djelatnosti slobodnog zanimanja. Pravo na opoziv Imate&hellip;","jetpack_sharing_enabled":true,"_links":{"self":[{"href":"https:\/\/fluechter-verlag.de\/hr\/wp-json\/wp\/v2\/pages\/2059","targetHints":{"allow":["GET"]}}],"collection":[{"href":"https:\/\/fluechter-verlag.de\/hr\/wp-json\/wp\/v2\/pages"}],"about":[{"href":"https:\/\/fluechter-verlag.de\/hr\/wp-json\/wp\/v2\/types\/page"}],"author":[{"embeddable":true,"href":"https:\/\/fluechter-verlag.de\/hr\/wp-json\/wp\/v2\/users\/1"}],"replies":[{"embeddable":true,"href":"https:\/\/fluechter-verlag.de\/hr\/wp-json\/wp\/v2\/comments?post=2059"}],"version-history":[{"count":3,"href":"https:\/\/fluechter-verlag.de\/hr\/wp-json\/wp\/v2\/pages\/2059\/revisions"}],"predecessor-version":[{"id":3108,"href":"https:\/\/fluechter-verlag.de\/hr\/wp-json\/wp\/v2\/pages\/2059\/revisions\/3108"}],"wp:attachment":[{"href":"https:\/\/fluechter-verlag.de\/hr\/wp-json\/wp\/v2\/media?parent=2059"}],"curies":[{"name":"wp","href":"https:\/\/api.w.org\/{rel}","templated":true}]}}