{"id":2387,"date":"2022-10-01T08:29:58","date_gmt":"2022-10-01T08:29:58","guid":{"rendered":"https:\/\/fluechter-verlag.de\/opci-uvjeti-poslovanja\/"},"modified":"2022-11-15T12:56:53","modified_gmt":"2022-11-15T12:56:53","slug":"opci-uvjeti-poslovanja","status":"publish","type":"page","link":"https:\/\/fluechter-verlag.de\/hr\/opci-uvjeti-poslovanja\/","title":{"rendered":"Op\u0107i uvjeti poslovanja"},"content":{"rendered":"<p><strong>Op\u0107i uvjeti poslovanja s podacima o kupcima<\/strong><\/p>\n<p>1. Podru\u010dje va\u017eenja<br \/>\n2. Ponude i opisi usluga<br \/>\n3. Postupak narud\u017ebe i sklapanje ogovora<br \/>\n4. Cijene i tro\u0161kovi dostave<br \/>\n5. Dostava, dostupnost proizvoda (robe)<br \/>\n6. Na\u010dini pla\u0107anja<br \/>\n7. Zadr\u017eavanje vlasni\u0161tva<br \/>\n8. Jamstvo za materijalne nedostatke i garancija<br \/>\n9. Jamstvo \/ odgovornost<br \/>\n10. \u010cuvanje teksta ugovora<br \/>\n11. Zavr\u0161ne odredbe<\/p>\n<p><em>1. Podru\u010dje va\u017eenja<\/em><br \/>\n1.1. Za poslovni odnos izme\u0111u izdava\u010dke ku\u0107e Fl\u00fcchter Verlag, vlasnica: Marija Fl\u00fcchter-Krstulja, Thurgaustr. 6, 81475 M\u00fcnchen, Njema\u010dka (u daljnjem tekstu \u201eprodavatelj\u201c) i kupca (u daljnjem tekstu \u201ekupac\u201c) vrijede sljede\u0107i op\u0107i uvjeti poslovanja isklju\u010divo u verziji kako je bila va\u017ee\u0107a u trenutku predaje narud\u017ebe.<\/p>\n<p>1.2. Na\u0161oj slu\u017ebi za koristnike mo\u017eete se obratiti za pitanja, reklamacije i primjedbe od [8:00 UHR] do [11:00 UHR] na telefonski broj [01702038456] kao i na e-mail adresu[info@fluechter-verlag .de].<\/p>\n<p>1.3. Potro\u0161a\u010d u smislu ovih Op\u0107ih uvjeta poslovanja je svaka fizi\u010dka osoba koja sklopi pravni posao u svrhu koja se ne mo\u017ee pripisati niti njezinoj komercijalnoj niti samostalnoj djelatnosti (\u00a7 13 BGB = \u010dlanak 13 Njema\u010dkog gra\u0111anskog zakonika).<\/p>\n<p>1.4. Odstupaju\u0107i uvjeti kupca se ne priznaju, osim ako se prodavatelj izri\u010dito ne slo\u017ei s njihovom valjano\u0161\u0107u.<\/p>\n<p><em>2. Ponude i opisi usluga<\/em><br \/>\nPredstavljanje proizvoda u online trgovini ne predstavlja pravno obvezuju\u0107u ponudu, ve\u0107 poziv na narud\u017ebu. Opisi usluga u katalozima i na web stranicama prodavatelja nemaju karakter jamstva ili garancije.<br \/>\nSve ponude vrijede \u201edo isteka zaliha\u201c, osim ako nije druga\u010dije nazna\u010deno na proizvodima. Proizvo\u0111a\u010d (prodavatelj) zadr\u017eava pravo na pogre\u0161ke i izmjene.<\/p>\n<p><strong>3. Postupak narud\u017ebe i sklapanje ogovora<\/strong><br \/>\n3.1. Kupac mo\u017ee bez obveze odabrati proizvode iz asortimana prodavatelja i skupiti ih u takozvanu ko\u0161aricu pomo\u0107u polja [in den Warenkorb] . Unutar ko\u0161arice za kupnju je mogu\u0107e promijeniti odabir proizvoda, npr. obrisati ga. Kupac zatim mo\u017ee koristiti polje [Weiter zur Kasse] u ko\u0161arici za kupnju kako bi dovr\u0161io postupak naru\u010divanja.<\/p>\n<p>3.2. Putem polja [zahlungspflichtig bestellen] kupac podnosi obvezuju\u0107i zahtjev za kupnju proizvoda\/robe u ko\u0161arici. Prije slanja narud\u017ebe kupac mo\u017ee u bilo kojem trenutku promijeniti i pregledati podatke te se pomo\u0107u funkcije preglednika &#8220;natrag&#8221; vratiti u ko\u0161aricu ili u potpunosti odustati od procesa narud\u017ebe. Obavezni podaci ozna\u010deni su zvjezdicom (*).<\/p>\n<p>3.3. Prodavatelj zatim \u0161alje kupcu automatsku potvrdu primitka e-po\u0161tom u kojoj je ponovno navedena narud\u017eba kupca i koju kupac mo\u017ee ispisati pomo\u0107u funkcije \u201eispis\u201c (potvrda narud\u017ebe). Automatska potvrda primitka samo dokumentira da je prodavatelj primio narud\u017ebu kupca i ne predstavlja prihva\u0107anje zahtjeva. Kupoprodajni ugovor je sklopljen tek kada prodavatelj u roku od 2 dana po\u0161alje ili preda kupcu naru\u010deni proizvod ili u roku od 2 dana potvrdi slanje kupcu drugim e-mailom, izri\u010ditom potvrdom narud\u017ebe ili slanjem ra\u010duna.<\/p>\n<p>3.4. Ukoliko prodavatelj omogu\u0107i pla\u0107anje unaprijed, ugovor je sklopljen dostavljanjem bankovnih podataka i zahtjeva za pla\u0107anje. Ako prodavatelj ne primi uplatu u roku od 10 kalendarskih dana nakon slanja potvrde narud\u017ebe, \u010dak ni nakon ponovljenog zahtjeva, prodavatelj se povla\u010di iz ugovora s posljedicom da narud\u017eba vi\u0161e nije valjana i prodavatelj nema obvezu dostaviti. Narud\u017eba je tada dovr\u0161ena za kupca i prodavatelja bez daljnjih posljedica. Rezervacija artikla u slu\u010daju pla\u0107anja unaprijed se stoga vr\u0161i za maksimalno 10 kalendarskih dana.<\/p>\n<p><strong>4. Cijene i tro\u0161kovi dostave<\/strong><br \/>\n4.1. Sve cijene navedene na web stranici prodavatelja uklju\u010duju va\u017ee\u0107i zakonski porez na promet.<\/p>\n<p>4.2. Uz navedene cijene, prodavatelj napla\u0107uje i tro\u0161kove dostave. Tro\u0161kovi dostave bit je jasno priop\u0107eni kupcu na zasebnoj infomacijskoj stranici i u okviru procesa naru\u010divanja.<\/p>\n<p><strong>5. Dostava, dostupnost proizvoda (robe)<\/strong><br \/>\n5.1. Ukoliko je ugovoreno pla\u0107anje unaprijed, isporuka \u0107e se izvr\u0161iti nakon primitka iznosa ra\u010duna.<\/p>\n<p>5.2. Ako isporuka robe\/proizvoda ne uspije krivnjom kupca unato\u010d tri poku\u0161aja isporuke, prodavatelj mo\u017ee odustati od ugovora. Sva izvr\u0161ena pla\u0107anja bit \u0107e odmah vra\u0107ena kupcu.<\/p>\n<p>5.3. Ako naru\u010deni proizvod nije dostupan, jer prodavatelju taj proizvod nije isporu\u010dio njegov dobavlja\u010d bez njegove (prodavateljeve) krivnje, prodavatelj mo\u017ee odustati od ugovora. U tom \u0107e slu\u010daju prodavatelj odmah obavijestiti kupca i po potrebi predlo\u017eiti isporuku usporedivog proizvoda. Ako usporedivi proizvod nije dostupan ili kupac ne \u017eeli isporuku usporedivog proizvoda, prodavatelj \u0107e odmah nadoknaditi kupcu svu ve\u0107 pla\u0107enu naknadu.<\/p>\n<p>5.4. Kupci su obavije\u0161teni o rokovima dostave i ograni\u010denjima dostave (npr. ograni\u010denja isporuke u odre\u0111ene zemlje) na posebnoj stranici s informacijama ili unutar opisa proizvoda.<\/p>\n<p><strong>6. Na\u010dini pla\u0107anja<\/strong><br \/>\n6.1. Kupac mo\u017ee birati izme\u0111u dostupnih na\u010dina pla\u0107anja tijekom postupka naru\u010divanja kao i prije zavr\u0161etka postupka naru\u010divanja. Kupci su obavije\u0161teni o dostupnim na\u010dinima pla\u0107anja na zasebnoj informacijskoj stranici.<\/p>\n<p>6.2. Ukoliko je mogu\u0107e pla\u0107anje putem ra\u010duna, pla\u0107anje je potrebno izvr\u0161iti u roku od 30 dana od dana primitka robe i ra\u010duna. Za sve ostale na\u010di ne pla\u0107anja potrebno je pla\u0107anje unaprijed bez popusta.<\/p>\n<p>6.3. Ako su dobavlja\u010di tre\u0107ih strana ovla\u0161teni za obradu pla\u0107anja, npr. Paypal, primjenjuju se njihovi op\u0107i uvjeti poslovanja.<\/p>\n<p>6.4. Ako je datum dospije\u0107a pla\u0107anja odre\u0111en prema kalendaru, kupac je u ka\u0161njenju ve\u0107 samim propu\u0161tanjem roka. U tom slu\u010daju kupac mora platiti zakonsku zateznu kamatu.<\/p>\n<p>6.5. Obveza kupca da plati zatezne kamate ne isklju\u010duje naplatu daljnje \u0161tete od strane prodavatelja.<\/p>\n<p>6.6. Kupac ima pravo na prebijanje dugova (prijeboj) samo ako je njegova protutrad\u017ebina pravno utemeljena ili priznata od strane prodavatelja. Kupac mo\u017ee ostvariti pravo na zadr\u017eavanje samo ako potra\u017eivanja proizlaze iz istog ugovornog odnosa.<\/p>\n<p><strong>7. Zadr\u017eavanje vlasni\u0161tva<\/strong><br \/>\nIsporu\u010dena roba ostaje vlasni\u0161tvo prodavatelja do potpune uplate.<\/p>\n<p><strong>8. Jamstvo za materijalne nedostatke i garancija<\/strong><br \/>\n8.1. Jamstvo je odre\u0111eno zakonskim propisima.<\/p>\n<p>8.2. Jamstvo\/garancija postoji za proizvode\/robu koju je isporu\u010dio prodavatelj samo ako je to izri\u010dito navedeno. Kupci \u0107e biti obavije\u0161teni o uvjetima jamstva\/garancije prije pokretanja postupka naru\u010divanja.<\/p>\n<p><strong>9. Jamstvo \/ odgovornost<\/strong><br \/>\n9.1. Sljede\u0107a isklju\u010denja i ograni\u010denja odgvornosti primjenjuju se na odgvornost prodavatelja za \u0161tetu, bez obzira na druge zakonske zahtjeve i potra\u017eivanja.<\/p>\n<p>9.2. Prodavatelj je neograni\u010deno odgvoran ako se uzrok \u0161tete temelji na namjeri ili krajnjem nemaru.<\/p>\n<p>9.3. Nadalje, prodavatelj odgovara za lak\u0161u nesavjesnu povredu bitnih obveza \u010dijom povredom je ugro\u017eeno postizanje svrhe ugovora ili za povredu obveza \u010dije ispunjenje prvenstveno omogu\u0107uje pravilno izvr\u0161rnjr ugovora i na \u010dije se po\u0161tivanje kupac redovito oslanja. U ovom slu\u010daju, me\u0111utim, prodavatelj je odgovoran samo za predvidljivu \u0161tetu tipi\u010dnu za ugovor. Prodavatelj nije odgvoran za povredu obveza iz lak\u0161eg nemara osim onih navedenih u prethodnim re\u010denicama.<\/p>\n<p>9.4. Gornja ograni\u010denja odogvornosti ne vrijede u slu\u010daju ozljeda opasnih po \u017eivot, tijelo i zdravlje, za nedostatak nakon preuzimanja jamstva za kvalitetu proizvoda i za podmuklo prekrivene nedostatke. Odgovornost prema njema\u010dkom Zakonu o odgovornosti za proizvode ostaje nepromijenjena.<\/p>\n<p>9.5. Ako je odgovornost prodavatelja isklju\u010dena ili ograni\u010dena, to se tako\u0111er odnosi na osobnu odgovornost zaposlenika, predstavnika i posrednika.<\/p>\n<p><strong>10. \u010cuvanje teksta ugovora<\/strong><br \/>\n10.1. Kupac mo\u017ee ispisati tekst ugovora prije predaje narud\u017ebe prodavatelju kori\u0161tenjem funkcije ispisa svog preglednika u zadnjem koraku narud\u017ebe.<\/p>\n<p>10.2. Prodavatelj tako\u0111er \u0161alje kupcu potvrdu narud\u017ebe sa svim podacima o narud\u017ebi na e-mail adresu koju je kupac naveo. Uz potvrdu narud\u017ebe, ali najkasnije pri isporuci robe, kupac dobiva i presliku op\u0107ih uvjeta poslovanja zajedno s pravilima otkazivanja i informacijama o tro\u0161kovima dostave te uvjetima dostave i pla\u0107anja. Ako ste se registrirali u na\u0161oj trgovini, mo\u017eete vidjeti narud\u017ebe koje ste izvr\u0161ili u svom profilu. Osim toga, spremamo tekst ugovora, ali ga ne \u010dinimo dostupnim na internetu.<\/p>\n<p><strong>11. Zavr\u0161ne odredbe<\/strong><br \/>\n11.1. Nadle\u017enost i mjesto izvr\u0161enja je sjedi\u0161te prodavatelja ako je kupac trgovac, pravna osoba javnog prava ili poseban javnopravni fond.<\/p>\n<p>11.2. Jezik ugovora je njema\u010dki.<\/p>\n<p>11.3. Platforma Europske komisije za internetsko rje\u0161avanje sporova (OS) za potro\u0161a\u010de dostupna je na: <a href=\"http:\/\/ec.europa.eu\/consumers\/odr\/\">http:\/\/ec.europa.eu\/consumers\/odr\/<\/a>. Nismo voljni i nismo obvezni sudjelovati u postupku rje\u0161avanja sporova pred potro\u0161a\u010dkom slu\u017ebom za pomirenje.<\/p>\n","protected":false},"excerpt":{"rendered":"<p>Op\u0107i uvjeti poslovanja s podacima o kupcima 1. Podru\u010dje va\u017eenja 2. Ponude i opisi usluga 3. Postupak narud\u017ebe i sklapanje ogovora 4. Cijene i tro\u0161kovi dostave 5. Dostava, dostupnost proizvoda (robe) 6. Na\u010dini pla\u0107anja 7. Zadr\u017eavanje vlasni\u0161tva 8. Jamstvo za materijalne nedostatke i garancija 9. Jamstvo \/ odgovornost 10. \u010cuvanje teksta ugovora 11. Zavr\u0161ne odredbe [&hellip;]<\/p>\n","protected":false},"author":1,"featured_media":0,"parent":0,"menu_order":0,"comment_status":"closed","ping_status":"closed","template":"","meta":{"_uag_custom_page_level_css":"","site-sidebar-layout":"default","site-content-layout":"","ast-site-content-layout":"default","site-content-style":"default","site-sidebar-style":"default","ast-global-header-display":"","ast-banner-title-visibility":"","ast-main-header-display":"","ast-hfb-above-header-display":"","ast-hfb-below-header-display":"","ast-hfb-mobile-header-display":"","site-post-title":"","ast-breadcrumbs-content":"","ast-featured-img":"","footer-sml-layout":"","ast-disable-related-posts":"","theme-transparent-header-meta":"","adv-header-id-meta":"","stick-header-meta":"","header-above-stick-meta":"","header-main-stick-meta":"","header-below-stick-meta":"","astra-migrate-meta-layouts":"default","ast-page-background-enabled":"default","ast-page-background-meta":{"desktop":{"background-color":"","background-image":"","background-repeat":"repeat","background-position":"center center","background-size":"auto","background-attachment":"scroll","background-type":"","background-media":"","overlay-type":"","overlay-color":"","overlay-opacity":"","overlay-gradient":""},"tablet":{"background-color":"","background-image":"","background-repeat":"repeat","background-position":"center center","background-size":"auto","background-attachment":"scroll","background-type":"","background-media":"","overlay-type":"","overlay-color":"","overlay-opacity":"","overlay-gradient":""},"mobile":{"background-color":"","background-image":"","background-repeat":"repeat","background-position":"center center","background-size":"auto","background-attachment":"scroll","background-type":"","background-media":"","overlay-type":"","overlay-color":"","overlay-opacity":"","overlay-gradient":""}},"ast-content-background-meta":{"desktop":{"background-color":"var(--ast-global-color-5)","background-image":"","background-repeat":"repeat","background-position":"center center","background-size":"auto","background-attachment":"scroll","background-type":"","background-media":"","overlay-type":"","overlay-color":"","overlay-opacity":"","overlay-gradient":""},"tablet":{"background-color":"var(--ast-global-color-5)","background-image":"","background-repeat":"repeat","background-position":"center center","background-size":"auto","background-attachment":"scroll","background-type":"","background-media":"","overlay-type":"","overlay-color":"","overlay-opacity":"","overlay-gradient":""},"mobile":{"background-color":"var(--ast-global-color-5)","background-image":"","background-repeat":"repeat","background-position":"center center","background-size":"auto","background-attachment":"scroll","background-type":"","background-media":"","overlay-type":"","overlay-color":"","overlay-opacity":"","overlay-gradient":""}},"jetpack_post_was_ever_published":false,"footnotes":""},"class_list":["post-2387","page","type-page","status-publish","hentry"],"uagb_featured_image_src":{"full":false,"thumbnail":false,"medium":false,"medium_large":false,"large":false,"1536x1536":false,"2048x2048":false,"mailpoet_newsletter_max":false,"woocommerce_thumbnail":false,"woocommerce_single":false,"woocommerce_gallery_thumbnail":false},"uagb_author_info":{"display_name":"Marija","author_link":"https:\/\/fluechter-verlag.de\/hr\/author\/admin\/"},"uagb_comment_info":0,"uagb_excerpt":"Op\u0107i uvjeti poslovanja s podacima o kupcima 1. Podru\u010dje va\u017eenja 2. Ponude i opisi usluga 3. Postupak narud\u017ebe i sklapanje ogovora 4. Cijene i tro\u0161kovi dostave 5. Dostava, dostupnost proizvoda (robe) 6. Na\u010dini pla\u0107anja 7. Zadr\u017eavanje vlasni\u0161tva 8. Jamstvo za materijalne nedostatke i garancija 9. Jamstvo \/ odgovornost 10. \u010cuvanje teksta ugovora 11. Zavr\u0161ne odredbe&hellip;","jetpack_sharing_enabled":true,"_links":{"self":[{"href":"https:\/\/fluechter-verlag.de\/hr\/wp-json\/wp\/v2\/pages\/2387","targetHints":{"allow":["GET"]}}],"collection":[{"href":"https:\/\/fluechter-verlag.de\/hr\/wp-json\/wp\/v2\/pages"}],"about":[{"href":"https:\/\/fluechter-verlag.de\/hr\/wp-json\/wp\/v2\/types\/page"}],"author":[{"embeddable":true,"href":"https:\/\/fluechter-verlag.de\/hr\/wp-json\/wp\/v2\/users\/1"}],"replies":[{"embeddable":true,"href":"https:\/\/fluechter-verlag.de\/hr\/wp-json\/wp\/v2\/comments?post=2387"}],"version-history":[{"count":1,"href":"https:\/\/fluechter-verlag.de\/hr\/wp-json\/wp\/v2\/pages\/2387\/revisions"}],"predecessor-version":[{"id":2416,"href":"https:\/\/fluechter-verlag.de\/hr\/wp-json\/wp\/v2\/pages\/2387\/revisions\/2416"}],"wp:attachment":[{"href":"https:\/\/fluechter-verlag.de\/hr\/wp-json\/wp\/v2\/media?parent=2387"}],"curies":[{"name":"wp","href":"https:\/\/api.w.org\/{rel}","templated":true}]}}