{"id":2466,"date":"2022-11-20T05:01:18","date_gmt":"2022-11-20T05:01:18","guid":{"rendered":"https:\/\/fluechter-verlag.de\/?page_id=2466"},"modified":"2025-01-17T07:27:01","modified_gmt":"2025-01-17T07:27:01","slug":"izdavacka-tvrtka","status":"publish","type":"page","link":"https:\/\/fluechter-verlag.de\/hr\/izdavacka-tvrtka\/","title":{"rendered":"Izdava\u010d"},"content":{"rendered":"\n<div class=\"wp-block-uagb-container uagb-block-75bd93f2 alignfull uagb-is-root-container\"><div class=\"uagb-container-inner-blocks-wrap\">\n<div class=\"wp-block-uagb-advanced-heading uagb-block-ce184195\"><h1 class=\"uagb-heading-text\">O nama<\/h1><\/div>\n\n\n\n<div class=\"wp-block-columns is-layout-flex wp-container-core-columns-is-layout-28f84493 wp-block-columns-is-layout-flex\">\n<div class=\"wp-block-column is-layout-flow wp-block-column-is-layout-flow\">\n<div class=\"wp-block-uagb-container uagb-block-85993f35\">\n<figure class=\"wp-block-image aligncenter size-full is-resized\"><img loading=\"lazy\" decoding=\"async\" width=\"1106\" height=\"1500\" src=\"https:\/\/fluechter-verlag.de\/wp-content\/uploads\/2025\/01\/Marija-FluCC88chter-Krstulja-5-Kopie.jpg\" alt=\"\" class=\"wp-image-9137\" style=\"width:315px;height:439px\" srcset=\"https:\/\/fluechter-verlag.de\/wp-content\/uploads\/2025\/01\/Marija-FluCC88chter-Krstulja-5-Kopie.jpg 1106w, https:\/\/fluechter-verlag.de\/wp-content\/uploads\/2025\/01\/Marija-FluCC88chter-Krstulja-5-Kopie-221x300.jpg 221w, https:\/\/fluechter-verlag.de\/wp-content\/uploads\/2025\/01\/Marija-FluCC88chter-Krstulja-5-Kopie-755x1024.jpg 755w, https:\/\/fluechter-verlag.de\/wp-content\/uploads\/2025\/01\/Marija-FluCC88chter-Krstulja-5-Kopie-768x1042.jpg 768w, https:\/\/fluechter-verlag.de\/wp-content\/uploads\/2025\/01\/Marija-FluCC88chter-Krstulja-5-Kopie-300x407.jpg 300w, https:\/\/fluechter-verlag.de\/wp-content\/uploads\/2025\/01\/Marija-FluCC88chter-Krstulja-5-Kopie-600x814.jpg 600w\" sizes=\"auto, (max-width: 1106px) 100vw, 1106px\" \/><\/figure>\n<\/div>\n<\/div>\n\n\n\n<div class=\"wp-block-column is-layout-flow wp-block-column-is-layout-flow\">\n<p><\/p>\n\n\n\n<p>Je li te\u0161ko i naporno u\u010diti hrvatski? Odgovor na ovo pitanje je da. Ali uz pravu potporu, to i nije tako te\u0161ko kao \u0161to se \u010dini na prvi pogled.<\/p>\n\n\n\n<p>Do\u017eivite hrvatski jezik i hrvatski svijet. Saznajte vi\u0161e o kulturi, zemljopisu, svakodnevnom \u017eivotu i kulinarskim posebnostima Hrvatske. I u\u010dite nove rije\u010di i gramatiku na zabavan na\u010din. Sve to mo\u017eete prona\u0107i u jezi\u010dnom \u010dasopisu <strong>HRVATSKI!<\/strong><\/p>\n\n\n\n<p>MARIJA FL\u00dcCHTER-KRSTULJA, urednica<\/p>\n<\/div>\n<\/div>\n\n\n\n<div class=\"wp-block-uagb-container uagb-block-b6703e14\">\n<div class=\"wp-block-uagb-advanced-heading uagb-block-7be0ddbe\"><h2 class=\"uagb-heading-text\">Fl\u00fcchter Verlag\u200b izdava\u010dka tvrtka<br\/><\/h2><p class=\"uagb-desc-text\">Fl\u00fcchter Verlag je start-up izdava\u010dka tvrtka specijalizirana za u\u010denje hrvatskog jezika. Koncept izdava\u010dke tvrtke se temelji na kombinaciji zabavnih novinskih \u010dlanaka o hrvatskom \u017eivotu i kulturi s raznim reporta\u017eama koji su oboga\u0107eni popisima rije\u010di i gramati\u010dkim vje\u017ebama. Jezi\u010dni \u010dasopis <strong>HRVATSKI!<\/strong> i pregled gramatike <strong>Moja mala hrvatska gramatika<\/strong> su prva dva proizvoda koje izdaje izdava\u010dka tvrtka Fl\u00fcchter Verlag.<\/p><\/div>\n\n\n\n<div class=\"wp-block-uagb-container uagb-block-eae9b11d\">\n<h2 class=\"wp-block-heading\">Spoj novinarstva i u\u010denja hrvatskog jezika<\/h2>\n<\/div>\n\n\n\n<p>Jezi\u010dni \u010dasopis <strong> HRVATSKI! <\/strong>sadr\u017ei 80 stranica zanimljivih \u010dlanaka s temama iz jezika, kulture, dru\u0161tva, svakodnevnog \u017eivota i kulinarskih posebnosti u Hrvatskoj. \u010citateljima omogu\u0107uje da na zabavan na\u010din pro\u0161ire svoje znanje hrvatskoga jezika i do\u017eive hrvatski stav prema \u017eivotu. Popis rije\u010di odmah pored \u010dlanka olak\u0161ava \u010ditanje i u\u010denje jer \u010ditatelji ne moraju tra\u017eiti zna\u010denje podcrtanih rije\u010di u tekstu. Podcrtane rije\u010di se nalaze neposredno uz ili ispod \u010dlanka i prevedene su na njema\u010dki ili engleski jezik. Rije\u010di u popisima dodatno su ozna\u010dene dugim ili kratkim naglaskom. \u010citatelji ne gube vrijeme tra\u017ee\u0107i zna\u010denje rije\u010di i pravu intonaciju. Sa zabavnim gramati\u010dkim vje\u017ebama i vje\u017ebama za \u0161irenje rje\u010dnika \u010ditatelji mogu provjeriti svoje jezi\u010dne vje\u0161tine. <\/p>\n\n\n\n<p>Jezi\u010dni \u010dasopis je namijenjen zabavnom u\u010denju. Prikladan je za samostalno u\u010denje kao i za u\u010denje na te\u010daju hrvatskog. Novinski \u010dlanci su napisani za razli\u010dite stupnjeve u\u010denja jezika (A1 \u2013 C2) prema Zajedni\u010dkom europskom referentnom okviru za jezike. Stoga su prikladni za po\u010detnike, za one koji ve\u0107 u\u010de, kao i za napredne u\u010denike. Zahvaljuju\u0107i podjeli na pet stupnjeva u\u010denja jezika (jako lako \u2013 A1, lako \u2013 A2, srednje \u2013 B1\/B2, te\u0161ko \u2013 C1, sjako te\u0161ko \u2013 C2) u \u010dasopisu se nalaze za svakoga odgovaraju\u0107i tekstovi. U tu svrhu slu\u017ee neke teme za u\u010denje novog, a u isto vrijeme koriste za ponavljanje i osvje\u017eavanje vokabulara za napredne u\u010denike.<\/p>\n\n\n\n<h2 class=\"wp-block-heading\">Neizostavni suputnik<\/h2>\n\n\n\n<p>Gramati\u010dki pregled <strong>Moja mala hrvatska gramatika <\/strong>sadr\u017ei na \u0161est stranica sve va\u017ene gramati\u010dke teme ukratko obja\u0161njene na njema\u010dkom ili engleskom jeziku. Prikladan je za po\u010detnike, za one koji ve\u0107 u\u010de, kao i za napredne u\u010denike. Gramati\u010dke teme su obja\u0161njene kratko i jezgrovito, \u0161to je idealno kada se \u017eelite brzo podsjetiti neke gramati\u010dke teme.<\/p>\n<\/div>\n\n\n\n<div class=\"wp-block-uagb-container uagb-block-1759b75c\"><\/div>\n<\/div><\/div>\n","protected":false},"excerpt":{"rendered":"<p>O nama Je li te\u0161ko i naporno u\u010diti hrvatski? Odgovor na ovo pitanje je da. Ali uz pravu potporu, to i nije tako te\u0161ko kao \u0161to se \u010dini na prvi pogled. Do\u017eivite hrvatski jezik i hrvatski svijet. Saznajte vi\u0161e o kulturi, zemljopisu, svakodnevnom \u017eivotu i kulinarskim posebnostima Hrvatske. I u\u010dite nove rije\u010di i gramatiku na [&hellip;]<\/p>\n","protected":false},"author":1,"featured_media":0,"parent":0,"menu_order":0,"comment_status":"closed","ping_status":"closed","template":"","meta":{"_uag_custom_page_level_css":"","site-sidebar-layout":"no-sidebar","site-content-layout":"plain-container","ast-site-content-layout":"normal-width-container","site-content-style":"unboxed","site-sidebar-style":"unboxed","ast-global-header-display":"","ast-banner-title-visibility":"","ast-main-header-display":"","ast-hfb-above-header-display":"","ast-hfb-below-header-display":"","ast-hfb-mobile-header-display":"","site-post-title":"disabled","ast-breadcrumbs-content":"","ast-featured-img":"disabled","footer-sml-layout":"","ast-disable-related-posts":"","theme-transparent-header-meta":"enabled","adv-header-id-meta":"","stick-header-meta":"","header-above-stick-meta":"","header-main-stick-meta":"","header-below-stick-meta":"","astra-migrate-meta-layouts":"default","ast-page-background-enabled":"default","ast-page-background-meta":{"desktop":{"background-color":"","background-image":"","background-repeat":"repeat","background-position":"center center","background-size":"auto","background-attachment":"scroll","background-type":"","background-media":"","overlay-type":"","overlay-color":"","overlay-opacity":"","overlay-gradient":""},"tablet":{"background-color":"","background-image":"","background-repeat":"repeat","background-position":"center center","background-size":"auto","background-attachment":"scroll","background-type":"","background-media":"","overlay-type":"","overlay-color":"","overlay-opacity":"","overlay-gradient":""},"mobile":{"background-color":"","background-image":"","background-repeat":"repeat","background-position":"center center","background-size":"auto","background-attachment":"scroll","background-type":"","background-media":"","overlay-type":"","overlay-color":"","overlay-opacity":"","overlay-gradient":""}},"ast-content-background-meta":{"desktop":{"background-color":"var(--ast-global-color-5)","background-image":"","background-repeat":"repeat","background-position":"center center","background-size":"auto","background-attachment":"scroll","background-type":"","background-media":"","overlay-type":"","overlay-color":"","overlay-opacity":"","overlay-gradient":""},"tablet":{"background-color":"var(--ast-global-color-5)","background-image":"","background-repeat":"repeat","background-position":"center center","background-size":"auto","background-attachment":"scroll","background-type":"","background-media":"","overlay-type":"","overlay-color":"","overlay-opacity":"","overlay-gradient":""},"mobile":{"background-color":"var(--ast-global-color-5)","background-image":"","background-repeat":"repeat","background-position":"center center","background-size":"auto","background-attachment":"scroll","background-type":"","background-media":"","overlay-type":"","overlay-color":"","overlay-opacity":"","overlay-gradient":""}},"jetpack_post_was_ever_published":false,"footnotes":""},"class_list":["post-2466","page","type-page","status-publish","hentry"],"uagb_featured_image_src":{"full":false,"thumbnail":false,"medium":false,"medium_large":false,"large":false,"1536x1536":false,"2048x2048":false,"mailpoet_newsletter_max":false,"woocommerce_thumbnail":false,"woocommerce_single":false,"woocommerce_gallery_thumbnail":false},"uagb_author_info":{"display_name":"Marija","author_link":"https:\/\/fluechter-verlag.de\/hr\/author\/admin\/"},"uagb_comment_info":0,"uagb_excerpt":"O nama Je li te\u0161ko i naporno u\u010diti hrvatski? Odgovor na ovo pitanje je da. Ali uz pravu potporu, to i nije tako te\u0161ko kao \u0161to se \u010dini na prvi pogled. Do\u017eivite hrvatski jezik i hrvatski svijet. Saznajte vi\u0161e o kulturi, zemljopisu, svakodnevnom \u017eivotu i kulinarskim posebnostima Hrvatske. I u\u010dite nove rije\u010di i gramatiku na&hellip;","jetpack_sharing_enabled":true,"_links":{"self":[{"href":"https:\/\/fluechter-verlag.de\/hr\/wp-json\/wp\/v2\/pages\/2466","targetHints":{"allow":["GET"]}}],"collection":[{"href":"https:\/\/fluechter-verlag.de\/hr\/wp-json\/wp\/v2\/pages"}],"about":[{"href":"https:\/\/fluechter-verlag.de\/hr\/wp-json\/wp\/v2\/types\/page"}],"author":[{"embeddable":true,"href":"https:\/\/fluechter-verlag.de\/hr\/wp-json\/wp\/v2\/users\/1"}],"replies":[{"embeddable":true,"href":"https:\/\/fluechter-verlag.de\/hr\/wp-json\/wp\/v2\/comments?post=2466"}],"version-history":[{"count":19,"href":"https:\/\/fluechter-verlag.de\/hr\/wp-json\/wp\/v2\/pages\/2466\/revisions"}],"predecessor-version":[{"id":9144,"href":"https:\/\/fluechter-verlag.de\/hr\/wp-json\/wp\/v2\/pages\/2466\/revisions\/9144"}],"wp:attachment":[{"href":"https:\/\/fluechter-verlag.de\/hr\/wp-json\/wp\/v2\/media?parent=2466"}],"curies":[{"name":"wp","href":"https:\/\/api.w.org\/{rel}","templated":true}]}}