{"id":2477,"date":"2022-12-01T08:29:58","date_gmt":"2022-12-01T08:29:58","guid":{"rendered":"https:\/\/fluechter-verlag.de\/?page_id=2477"},"modified":"2023-10-07T06:58:41","modified_gmt":"2023-10-07T06:58:41","slug":"dostava","status":"publish","type":"page","link":"https:\/\/fluechter-verlag.de\/hr\/dostava\/","title":{"rendered":"Dostava i pla\u0107anje"},"content":{"rendered":"<p><strong>Cijene, tro\u0161kovi dostave i informacije o dostavi<\/strong><\/p>\n<p>Cijene navedene na stranicama proizvoda uklju\u010duju zakonski PDV i ostale komponente cijene. Dodatno se pla\u0107a dostava. Cijene dostave su sljede\u0107e:<\/p>\n<p><strong>1. Pau\u0161alni tro\u0161kovi dostave za pojedina\u010dna izdanja i druge proizvode:<\/strong><\/p>\n<p>Njema\u010dka: 3,00 \u20ac<\/p>\n<p>Austrija: 5,00 \u20ac<\/p>\n<p>\u0160vicarska: 5,00 CHF<\/p>\n<p>Zemlje \u010dlanice EU: 5,00 \u20ac<\/p>\n<p>Zemlje koje nisu \u010dlanice EU: 8,00 \u20ac<\/p>\n<p><strong>2. Pau\u0161alni tro\u0161kovi dostave za godi\u0161nju pretplatu PRINT:<\/strong><\/p>\n<p>Njema\u010dka: 6,00 \u20ac<\/p>\n<p>Austrija: 10,00 \u20ac<\/p>\n<p>\u0160vicarska: 10,00 CHF<\/p>\n<p>Zemlje \u010dlanice EU: 10,00 \u20ac<\/p>\n<p>Zemlje koje nisu \u010dlanice EU: 16,00 \u20ac<\/p>\n<p><strong>3. Osobno preuzimanje:<\/strong><\/p>\n<p>Nema tro\u0161kova dostave za osobno preuzimanje.<\/p>\n<p>Tro\u0161kovi dostave bit \u0107e vam ponovno jasno priop\u0107eni u sustavu ko\u0161arice i na stranici za narud\u017ebu.<\/p>\n<p><strong>4. Digitalni sadr\u017eaj<\/strong><\/p>\n<p>Ne postoje tro\u0161kovi dostave za digitalni sadr\u017eaj (e-\u010dasopis, e-gramatika, e-knjige, softver itd.).<\/p>\n<p>Pau\u0161alna naknada za dostavu uklju\u010duje zakonski propisani porez na dodanu vrijednost. Budu\u0107i da se PDV obra\u010dunava na pau\u0161alnu stopu dostave ovisno o kupljenoj robi, mo\u017ee se smanjiti ako se roba kupuje po ni\u017eim stopama PDV-a (npr. pri kupnji knjiga). To zna\u010di da se tro\u0161kovi dostave mogu kona\u010dno izra\u010dunati tek tijekom procesa naru\u010divanja. Dakle, ne mo\u017ee se pove\u0107ati, nego samo smanjiti u va\u0161u korist.<\/p>\n<p>Dostava se vr\u0161i &#8220;Deutsche Post&#8221;-om ili DHL-om.<\/p>\n<p><strong>Pla\u0107anje<\/strong><\/p>\n<p>Mo\u017eete platiti izravnim zadu\u017eenjem (izravno tere\u0107enje bankovnog ra\u010duna), kreditnom karticom ili PayPal-om. Za na\u0161e pretplate mogu\u0107e je i pla\u0107anje unaprijed (izravno tere\u0107enje bankovnog ra\u010duna). Da biste to u\u010dinili, kontaktirajte nas izravno: info@fluechter-verlag.de.<\/p>\n<p>Va\u0161a kreditna kartica bit \u0107e tere\u0107ena za pretplatu kada se po\u0161alje prvo izdanje. Za sve ostale proizvode naplata \u0107e se izvr\u0161iti nakon izvr\u0161enja narud\u017ebe. Za pretplatu pla\u0107enu unaprijed (direktna bankovna doznaka tj. izravno tere\u0107enje bankovnog ra\u010duna), ra\u010dun \u0107ete dobiti e-po\u0161tom jednom godi\u0161nje. Tek po primitku Va\u0161e uplate Va\u0161 \u0107e Vam primjerak biti poslan zajedno s ispisanim ra\u010dunom.<\/p>\n<p><strong>Carina<\/strong><\/p>\n<p>Isporuke primateljima u zemljama izvan EU-a mogu podlijegati carini nakon \u0161to po\u0161iljka stigne u va\u0161u zemlju. Vi preuzimate pla\u0107anje nastalih carinskih ili uvoznih naknada. Nemamo kontrolu nad tim tro\u0161kovima i ne mo\u017eemo predvidjeti iznos. Carinski propisi razlikuju se od zemlje do zemlje.<\/p>\n","protected":false},"excerpt":{"rendered":"<p>Cijene, tro\u0161kovi dostave i informacije o dostavi Cijene navedene na stranicama proizvoda uklju\u010duju zakonski PDV i ostale komponente cijene. Dodatno se pla\u0107a dostava. Cijene dostave su sljede\u0107e: 1. Pau\u0161alni tro\u0161kovi dostave za pojedina\u010dna izdanja i druge proizvode: Njema\u010dka: 3,00 \u20ac Austrija: 5,00 \u20ac \u0160vicarska: 5,00 CHF Zemlje \u010dlanice EU: 5,00 \u20ac Zemlje koje nisu \u010dlanice [&hellip;]<\/p>\n","protected":false},"author":1,"featured_media":0,"parent":0,"menu_order":0,"comment_status":"closed","ping_status":"closed","template":"","meta":{"_uag_custom_page_level_css":"","site-sidebar-layout":"default","site-content-layout":"","ast-site-content-layout":"default","site-content-style":"default","site-sidebar-style":"default","ast-global-header-display":"","ast-banner-title-visibility":"","ast-main-header-display":"","ast-hfb-above-header-display":"","ast-hfb-below-header-display":"","ast-hfb-mobile-header-display":"","site-post-title":"","ast-breadcrumbs-content":"","ast-featured-img":"","footer-sml-layout":"","ast-disable-related-posts":"","theme-transparent-header-meta":"","adv-header-id-meta":"","stick-header-meta":"","header-above-stick-meta":"","header-main-stick-meta":"","header-below-stick-meta":"","astra-migrate-meta-layouts":"default","ast-page-background-enabled":"default","ast-page-background-meta":{"desktop":{"background-color":"","background-image":"","background-repeat":"repeat","background-position":"center center","background-size":"auto","background-attachment":"scroll","background-type":"","background-media":"","overlay-type":"","overlay-color":"","overlay-opacity":"","overlay-gradient":""},"tablet":{"background-color":"","background-image":"","background-repeat":"repeat","background-position":"center center","background-size":"auto","background-attachment":"scroll","background-type":"","background-media":"","overlay-type":"","overlay-color":"","overlay-opacity":"","overlay-gradient":""},"mobile":{"background-color":"","background-image":"","background-repeat":"repeat","background-position":"center center","background-size":"auto","background-attachment":"scroll","background-type":"","background-media":"","overlay-type":"","overlay-color":"","overlay-opacity":"","overlay-gradient":""}},"ast-content-background-meta":{"desktop":{"background-color":"var(--ast-global-color-5)","background-image":"","background-repeat":"repeat","background-position":"center center","background-size":"auto","background-attachment":"scroll","background-type":"","background-media":"","overlay-type":"","overlay-color":"","overlay-opacity":"","overlay-gradient":""},"tablet":{"background-color":"var(--ast-global-color-5)","background-image":"","background-repeat":"repeat","background-position":"center center","background-size":"auto","background-attachment":"scroll","background-type":"","background-media":"","overlay-type":"","overlay-color":"","overlay-opacity":"","overlay-gradient":""},"mobile":{"background-color":"var(--ast-global-color-5)","background-image":"","background-repeat":"repeat","background-position":"center center","background-size":"auto","background-attachment":"scroll","background-type":"","background-media":"","overlay-type":"","overlay-color":"","overlay-opacity":"","overlay-gradient":""}},"jetpack_post_was_ever_published":false,"footnotes":""},"class_list":["post-2477","page","type-page","status-publish","hentry"],"uagb_featured_image_src":{"full":false,"thumbnail":false,"medium":false,"medium_large":false,"large":false,"1536x1536":false,"2048x2048":false,"mailpoet_newsletter_max":false,"woocommerce_thumbnail":false,"woocommerce_single":false,"woocommerce_gallery_thumbnail":false},"uagb_author_info":{"display_name":"Marija","author_link":"https:\/\/fluechter-verlag.de\/hr\/author\/admin\/"},"uagb_comment_info":0,"uagb_excerpt":"Cijene, tro\u0161kovi dostave i informacije o dostavi Cijene navedene na stranicama proizvoda uklju\u010duju zakonski PDV i ostale komponente cijene. Dodatno se pla\u0107a dostava. Cijene dostave su sljede\u0107e: 1. Pau\u0161alni tro\u0161kovi dostave za pojedina\u010dna izdanja i druge proizvode: Njema\u010dka: 3,00 \u20ac Austrija: 5,00 \u20ac \u0160vicarska: 5,00 CHF Zemlje \u010dlanice EU: 5,00 \u20ac Zemlje koje nisu \u010dlanice&hellip;","jetpack_sharing_enabled":true,"_links":{"self":[{"href":"https:\/\/fluechter-verlag.de\/hr\/wp-json\/wp\/v2\/pages\/2477","targetHints":{"allow":["GET"]}}],"collection":[{"href":"https:\/\/fluechter-verlag.de\/hr\/wp-json\/wp\/v2\/pages"}],"about":[{"href":"https:\/\/fluechter-verlag.de\/hr\/wp-json\/wp\/v2\/types\/page"}],"author":[{"embeddable":true,"href":"https:\/\/fluechter-verlag.de\/hr\/wp-json\/wp\/v2\/users\/1"}],"replies":[{"embeddable":true,"href":"https:\/\/fluechter-verlag.de\/hr\/wp-json\/wp\/v2\/comments?post=2477"}],"version-history":[{"count":6,"href":"https:\/\/fluechter-verlag.de\/hr\/wp-json\/wp\/v2\/pages\/2477\/revisions"}],"predecessor-version":[{"id":5438,"href":"https:\/\/fluechter-verlag.de\/hr\/wp-json\/wp\/v2\/pages\/2477\/revisions\/5438"}],"wp:attachment":[{"href":"https:\/\/fluechter-verlag.de\/hr\/wp-json\/wp\/v2\/media?parent=2477"}],"curies":[{"name":"wp","href":"https:\/\/api.w.org\/{rel}","templated":true}]}}