{"id":3103,"date":"2022-12-01T08:29:58","date_gmt":"2022-12-01T08:29:58","guid":{"rendered":"https:\/\/fluechter-verlag.de\/?page_id=3103"},"modified":"2025-01-04T10:07:49","modified_gmt":"2025-01-04T10:07:49","slug":"nacini-placanja","status":"publish","type":"page","link":"https:\/\/fluechter-verlag.de\/hr\/nacini-placanja\/","title":{"rendered":"Na\u010dini pla\u0107anja"},"content":{"rendered":"<p><strong>Na\u010dini pla\u0107anja<\/strong><\/p>\n<p>Nudimo vam sljede\u0107e na\u010dine pla\u0107anja. Jednostavno odaberite najbolji na\u010din pla\u0107anja za vas. Tro\u0161kovi dostave dijelom ovise o odabranom na\u010dinu pla\u0107anja. Cijene navedene u trenutnim ponudama su kona\u010dne cijene. Uklju\u010duju sve komponente cijene uklju\u010duju\u0107i sve primjenjive poreze kao \u0161to je PDV. Samo u slu\u010daju prekograni\u010dnih isporuka mo\u017eda \u0107ete morati platiti dodatne poreze (npr. u slu\u010daju unutardru\u0161tvenog dohoda) i\/ili carinu (npr. carinskoj slu\u017ebi) u pojedina\u010dnim slu\u010dajevima, ali ne prodavatelju, ve\u0107 tamo nadle\u017enim carinskim ili poreznim tijelima. Nastali tro\u0161kovi dostave nisu uklju\u010deni u kupoprodajnu cijenu, mogu se pozvati i pregledati putem stranice &#8220;Tro\u0161kovi dostave&#8221;, posebno se prikazuju u procesu naru\u010divanja i sami ih dodatno snosite.<\/p>\n<p><strong>Na\u010dini pla\u0107anja:<\/strong><\/p>\n<p><em>Kreditna kartica<\/em><\/p>\n<p>Platite jednostavno kreditnom karticom.<\/p>\n<p><em>PayPal<\/em><\/p>\n<p>Pla\u0107ajte brzo i sigurno sa svojim PayPal ra\u010dunom.<\/p>\n<p><em>Pla\u0107anje unaprijed \/ Izravna bankovna doznaka<\/em><\/p>\n<p>Ukupni iznos va\u0161e narud\u017ebe uplatite na na\u0161 ra\u010dun (naveden na dnu stranice).<\/p>\n<p>Za godi\u0161nju pretplatu koju \u017eelite platiti izravnim bankovnim prijenosom, kontaktirajte nas izravno: info@fluechter-verlag.de. Ukoliko ste odabrali godi\u0161nju pretplatu s pla\u0107anjem izravnom bankovnom doznakom, od nas \u0107ete jednom godi\u0161nje dobiti ra\u010dun. &#8230;&#8230;&#8230;&#8230;&#8230;.. <\/p>\n<p><strong>Za pla\u0107anja putem izravne bankovne doznake<\/strong><\/p>\n<p>Ukupan iznos va\u0161e narud\u017ebe uplatite na na\u0161 ra\u010dun:<\/p>\n<p>Vlasnik ra\u010duna: Marija Fl\u00fcchter-Krstulja, Fl\u00fcchter Verlag<br \/>\n Broj ra\u010duna: 61374141<br \/>\n \u0160ifra banke: 10010010<br \/>\n Kreditna institucija: Deutsche Bank AG<br \/>\n SWIFT: PBNKDEFF<br \/>\n IBAN: DE84100100100061374141<\/p>\n","protected":false},"excerpt":{"rendered":"<p>Na\u010dini pla\u0107anja Nudimo vam sljede\u0107e na\u010dine pla\u0107anja. Jednostavno odaberite najbolji na\u010din pla\u0107anja za vas. Tro\u0161kovi dostave dijelom ovise o odabranom na\u010dinu pla\u0107anja. Cijene navedene u trenutnim ponudama su kona\u010dne cijene. Uklju\u010duju sve komponente cijene uklju\u010duju\u0107i sve primjenjive poreze kao \u0161to je PDV. Samo u slu\u010daju prekograni\u010dnih isporuka mo\u017eda \u0107ete morati platiti dodatne poreze (npr. u [&hellip;]<\/p>\n","protected":false},"author":1,"featured_media":0,"parent":0,"menu_order":0,"comment_status":"closed","ping_status":"closed","template":"","meta":{"_uag_custom_page_level_css":"","site-sidebar-layout":"default","site-content-layout":"","ast-site-content-layout":"default","site-content-style":"default","site-sidebar-style":"default","ast-global-header-display":"","ast-banner-title-visibility":"","ast-main-header-display":"","ast-hfb-above-header-display":"","ast-hfb-below-header-display":"","ast-hfb-mobile-header-display":"","site-post-title":"","ast-breadcrumbs-content":"","ast-featured-img":"","footer-sml-layout":"","ast-disable-related-posts":"","theme-transparent-header-meta":"","adv-header-id-meta":"","stick-header-meta":"","header-above-stick-meta":"","header-main-stick-meta":"","header-below-stick-meta":"","astra-migrate-meta-layouts":"default","ast-page-background-enabled":"default","ast-page-background-meta":{"desktop":{"background-color":"","background-image":"","background-repeat":"repeat","background-position":"center center","background-size":"auto","background-attachment":"scroll","background-type":"","background-media":"","overlay-type":"","overlay-color":"","overlay-opacity":"","overlay-gradient":""},"tablet":{"background-color":"","background-image":"","background-repeat":"repeat","background-position":"center center","background-size":"auto","background-attachment":"scroll","background-type":"","background-media":"","overlay-type":"","overlay-color":"","overlay-opacity":"","overlay-gradient":""},"mobile":{"background-color":"","background-image":"","background-repeat":"repeat","background-position":"center center","background-size":"auto","background-attachment":"scroll","background-type":"","background-media":"","overlay-type":"","overlay-color":"","overlay-opacity":"","overlay-gradient":""}},"ast-content-background-meta":{"desktop":{"background-color":"var(--ast-global-color-5)","background-image":"","background-repeat":"repeat","background-position":"center center","background-size":"auto","background-attachment":"scroll","background-type":"","background-media":"","overlay-type":"","overlay-color":"","overlay-opacity":"","overlay-gradient":""},"tablet":{"background-color":"var(--ast-global-color-5)","background-image":"","background-repeat":"repeat","background-position":"center center","background-size":"auto","background-attachment":"scroll","background-type":"","background-media":"","overlay-type":"","overlay-color":"","overlay-opacity":"","overlay-gradient":""},"mobile":{"background-color":"var(--ast-global-color-5)","background-image":"","background-repeat":"repeat","background-position":"center center","background-size":"auto","background-attachment":"scroll","background-type":"","background-media":"","overlay-type":"","overlay-color":"","overlay-opacity":"","overlay-gradient":""}},"jetpack_post_was_ever_published":false,"footnotes":""},"class_list":["post-3103","page","type-page","status-publish","hentry"],"uagb_featured_image_src":{"full":false,"thumbnail":false,"medium":false,"medium_large":false,"large":false,"1536x1536":false,"2048x2048":false,"mailpoet_newsletter_max":false,"woocommerce_thumbnail":false,"woocommerce_single":false,"woocommerce_gallery_thumbnail":false},"uagb_author_info":{"display_name":"Marija","author_link":"https:\/\/fluechter-verlag.de\/hr\/author\/admin\/"},"uagb_comment_info":0,"uagb_excerpt":"Na\u010dini pla\u0107anja Nudimo vam sljede\u0107e na\u010dine pla\u0107anja. Jednostavno odaberite najbolji na\u010din pla\u0107anja za vas. Tro\u0161kovi dostave dijelom ovise o odabranom na\u010dinu pla\u0107anja. Cijene navedene u trenutnim ponudama su kona\u010dne cijene. Uklju\u010duju sve komponente cijene uklju\u010duju\u0107i sve primjenjive poreze kao \u0161to je PDV. Samo u slu\u010daju prekograni\u010dnih isporuka mo\u017eda \u0107ete morati platiti dodatne poreze (npr. u&hellip;","jetpack_sharing_enabled":true,"_links":{"self":[{"href":"https:\/\/fluechter-verlag.de\/hr\/wp-json\/wp\/v2\/pages\/3103","targetHints":{"allow":["GET"]}}],"collection":[{"href":"https:\/\/fluechter-verlag.de\/hr\/wp-json\/wp\/v2\/pages"}],"about":[{"href":"https:\/\/fluechter-verlag.de\/hr\/wp-json\/wp\/v2\/types\/page"}],"author":[{"embeddable":true,"href":"https:\/\/fluechter-verlag.de\/hr\/wp-json\/wp\/v2\/users\/1"}],"replies":[{"embeddable":true,"href":"https:\/\/fluechter-verlag.de\/hr\/wp-json\/wp\/v2\/comments?post=3103"}],"version-history":[{"count":13,"href":"https:\/\/fluechter-verlag.de\/hr\/wp-json\/wp\/v2\/pages\/3103\/revisions"}],"predecessor-version":[{"id":8897,"href":"https:\/\/fluechter-verlag.de\/hr\/wp-json\/wp\/v2\/pages\/3103\/revisions\/8897"}],"wp:attachment":[{"href":"https:\/\/fluechter-verlag.de\/hr\/wp-json\/wp\/v2\/media?parent=3103"}],"curies":[{"name":"wp","href":"https:\/\/api.w.org\/{rel}","templated":true}]}}