{"id":3227,"date":"2022-12-01T05:07:00","date_gmt":"2022-12-01T05:07:00","guid":{"rendered":"https:\/\/fluechter-verlag.de\/medijske-informacije\/"},"modified":"2023-12-27T10:27:34","modified_gmt":"2023-12-27T10:27:34","slug":"medijske-informacije","status":"publish","type":"page","link":"https:\/\/fluechter-verlag.de\/hr\/medijske-informacije\/","title":{"rendered":"Medijske informacije"},"content":{"rendered":"\n<div class=\"wp-block-uagb-advanced-heading uagb-block-b1818220\"><h2 class=\"uagb-heading-text\"><strong>HRVATSKI!<\/strong> <br\/>\u010casopis za u\u010denje hrvatskog jezika<\/h2><\/div>\n\n<div class=\"wp-block-uagb-container uagb-block-65eb521e alignfull uagb-is-root-container\"><div class=\"uagb-container-inner-blocks-wrap\">\n<div style=\"height:35px\" aria-hidden=\"true\" class=\"wp-block-spacer\"><\/div>\n<\/div><\/div>\n\n<h3 class=\"wp-block-heading has-text-align-center\">MEDIJSKE INFORMACIJE 2024.<\/h3>\n\n<div class=\"wp-block-uagb-container uagb-block-1fe75763 alignfull uagb-is-root-container\"><div class=\"uagb-container-inner-blocks-wrap\">\n<div style=\"height:61px\" aria-hidden=\"true\" class=\"wp-block-spacer\"><\/div>\n<\/div><\/div>\n\n<p><strong>CJENIK br. 3, 2024<\/strong><\/p>\n\n<p>Vrijedi od 1. sije\u010dnja 2024.<\/p>\n\n<div class=\"wp-block-uagb-container uagb-block-245d3d0b alignfull uagb-is-root-container\"><div class=\"uagb-container-inner-blocks-wrap\">\n<div class=\"wp-block-columns is-layout-flex wp-container-core-columns-is-layout-28f84493 wp-block-columns-is-layout-flex\">\n<div class=\"wp-block-column is-layout-flow wp-block-column-is-layout-flow\">\n<figure class=\"wp-block-image size-full has-custom-border\"><img decoding=\"async\" src=\"https:\/\/fluechter-verlag.de\/wp-content\/uploads\/2022\/11\/naslovnica-1-2023-hr-de-1.jpg\" alt=\"\" class=\"has-border-color has-cyan-bluish-gray-border-color wp-image-3031\" style=\"border-width:1px\"\/><\/figure>\n<\/div>\n\n\n\n<div class=\"wp-block-column is-layout-flow wp-block-column-is-layout-flow\">\n<figure class=\"wp-block-image size-full has-custom-border\"><img decoding=\"async\" src=\"https:\/\/fluechter-verlag.de\/wp-content\/uploads\/2022\/11\/naslovnica-2-2023-hr-de.jpg\" alt=\"\" class=\"has-border-color has-cyan-bluish-gray-border-color wp-image-3053\" style=\"border-width:1px\"\/><\/figure>\n<\/div>\n<\/div>\n<\/div><\/div>\n\n<div class=\"wp-block-uagb-container uagb-block-02cf1f5a alignfull uagb-is-root-container\"><div class=\"uagb-container-inner-blocks-wrap\">\n<div class=\"wp-block-uagb-container uagb-block-bdc7953e\">\n<div style=\"height:66px\" aria-hidden=\"true\" class=\"wp-block-spacer\"><\/div>\n<\/div>\n<\/div><\/div>\n\n<h3 class=\"wp-block-heading\"><strong>FL\u00dcCHTER VERLAG izdava\u010dka tvrtka<\/strong><\/h3>\n\n<div style=\"height:36px\" aria-hidden=\"true\" class=\"wp-block-spacer\"><\/div>\n\n<p>Fl\u00fcchter Verlag je start-up tvrtka koja se specijalizirala na podru\u010dju u\u010denja hrvatskog jezika. Koncept Fl\u00fcchter Verlag izdava\u010dke tvrtke se sastoji od kombinacije zabavnih izvje\u0161taja i reporta\u017ea o hrvatskom \u017eivotu i kulturi oboga\u0107enih popisima rije\u010di i jezi\u010dnim vje\u017ebama. S na\u0161im prvim proizvodima &#8211; s jezi\u010dnim \u010dasopisom<em> <\/em><strong>HRVATSKI!<\/strong> i kratkim pregledom gramatike <strong>Moja mala hrvatska gramatika <\/strong>\u2013 je u\u010denje hrvatskog jezika puno lak\u0161e i zanimljivije.<\/p>\n\n<div style=\"height:28px\" aria-hidden=\"true\" class=\"wp-block-spacer\"><\/div>\n\n<p><strong>ADRESA IZDAVA\u010cA<\/strong><\/p>\n\n<p><strong>Fl\u00fcchter Verlag izdava\u010dka tvrtka<\/strong><\/p>\n\n<p>Thurgaustr. 6<\/p>\n\n<p>81475 M\u00fcnchen<\/p>\n\n<p><strong>Telefon:<\/strong> +49 170 20 38 456<\/p>\n\n<p><strong>E-mail:<\/strong> info@fluechter-verlag.de, info@hrvatski-a-o.com<\/p>\n\n<p><strong>Internetska stranica: <\/strong>www.fluechter-verlag.de, www.hrvatski-a-o.com<\/p>\n\n<p><\/p>\n\n<p><strong>Bankovni podaci<\/strong><\/p>\n\n<p>Vlasnica ra\u010duna: Marija Fl\u00fcchter-Krstulja, Fl\u00fcchter Verlag<br\/>Broj bankovnog ra\u010duna: 61374141<br\/>BLZ: 10010010<br\/>Kreditna institucija: Deutsche Bank AG<br\/>SWIFT: PBNKDEFF<br\/>IBAN: DE84100100100061374141<\/p>\n\n<div style=\"height:73px\" aria-hidden=\"true\" class=\"wp-block-spacer\"><\/div>\n\n<h3 class=\"wp-block-heading\"><strong>HRVATSKI!<\/strong><\/h3>\n\n<div style=\"height:34px\" aria-hidden=\"true\" class=\"wp-block-spacer\"><\/div>\n\n<p><strong>Zabavite se uz HRVATSKI!<\/strong><\/p>\n\n<p>Jezi\u010dni \u010dasopis <strong><em>HRVATSKI!<\/em><\/strong> sadr\u017ei 80 stranica zanimljivih \u010dlanaka s temama iz jezika, kulture, dru\u0161tva, svakodnevnog \u017eivota i kulinarskih posebnosti u Hrvatskoj. \u010citateljima omogu\u0107uje da na zabavan na\u010din pro\u0161ire svoje znanje hrvatskoga jezika i do\u017eive hrvatski stav prema \u017eivotu.<\/p>\n\n<div style=\"height:26px\" aria-hidden=\"true\" class=\"wp-block-spacer\"><\/div>\n\n<p><strong>U\u010destalost izla\u017eenja: <\/strong>2 puta godi\u0161nje.<\/p>\n\n<p><strong>Podaci o \u010ditanosti<\/strong>: poznati od sije\u010dnja 2024.<\/p>\n\n<p><strong>Prodana naklada<\/strong>: poznata od sije\u010dnja 2024.<\/p>\n\n<div style=\"height:100px\" aria-hidden=\"true\" class=\"wp-block-spacer\"><\/div>\n\n<h3 class=\"wp-block-heading\"><strong>PREGLED RASPOREDA IZLA\u017dENJA<\/strong><\/h3>\n\n<div style=\"height:34px\" aria-hidden=\"true\" class=\"wp-block-spacer\"><\/div>\n\n<figure class=\"wp-block-table\"><table><tbody><tr><td><strong>Izdanje<\/strong><strong><\/strong><\/td><td class=\"has-text-align-right\" data-align=\"right\"><strong>Datum objavljivanja<\/strong><strong><\/strong><\/td><td class=\"has-text-align-right\" data-align=\"right\"><strong>Krajnji rok za oglase<\/strong><strong><\/strong><\/td><td class=\"has-text-align-right\" data-align=\"right\"><strong>Rok za tisak<\/strong><strong><\/strong><\/td><\/tr><tr><td>1\/2024<\/td><td class=\"has-text-align-right\" data-align=\"right\">01.01.2024<\/td><td class=\"has-text-align-right\" data-align=\"right\">15.11.2023<\/td><td class=\"has-text-align-right\" data-align=\"right\">01.12.2023<\/td><\/tr><tr><td>2\/2024<\/td><td class=\"has-text-align-right\" data-align=\"right\">01.07.2024<\/td><td class=\"has-text-align-right\" data-align=\"right\">15.05.2024<\/td><td class=\"has-text-align-right\" data-align=\"right\">01.06.2024<\/td><\/tr><tr><td>1\/2025<\/td><td class=\"has-text-align-right\" data-align=\"right\">01.01.2025<\/td><td class=\"has-text-align-right\" data-align=\"right\">15.11.2024<\/td><td class=\"has-text-align-right\" data-align=\"right\">01.12.2024<\/td><\/tr><tr><td>2\/2025<\/td><td class=\"has-text-align-right\" data-align=\"right\">01.07.2025<\/td><td class=\"has-text-align-right\" data-align=\"right\">15.05.2025<\/td><td class=\"has-text-align-right\" data-align=\"right\">01.06.2025<\/td><\/tr><\/tbody><\/table><\/figure>\n\n<div style=\"height:100px\" aria-hidden=\"true\" class=\"wp-block-spacer\"><\/div>\n\n<h3 class=\"wp-block-heading\"><strong>CILJNA SKUPINA<\/strong><\/h3>\n\n<div style=\"height:33px\" aria-hidden=\"true\" class=\"wp-block-spacer\"><\/div>\n\n<p><strong>Zainteresirani za hrvatski jezik<\/strong><\/p>\n\n<p>\u010citatelji \u010dasopisa <strong>Hrvatski!<\/strong> su vrlo dobro obrazovani, svjesni kvalitete, zahtjevni i jako ih zanima sve \u0161to ima veze s Hrvatskom: odmor, putovanja, kultura, geografija, kuhinja, jezik i jo\u0161 mnogo toga. Veliki interes za hrvatski jezik pokazuju ne samo zbog svog odmora u Hrvatskoj, ve\u0107 i zbog svog podrijetla, \u017eivotnog partnera, prijatelja, posla, posjedovanja nekretnine ili \u010dak \u017eivota u Hrvatskoj. <\/p>\n\n<div style=\"height:35px\" aria-hidden=\"true\" class=\"wp-block-spacer\"><\/div>\n\n<p><strong>Tinejd\u017eeri i odrasli<\/strong><\/p>\n\n<p><strong>Hrvatski! <\/strong>se tako\u0111er obra\u0107a mladima i odraslima porijeklom iz Hrvatske koji \u017eive u drugoj ili tre\u0107oj generaciji izvan Hrvatske u Europskoj Uniji kao i u svim zemljama engleskog i njema\u010dkog govornog podru\u010dja. Govore hrvatski, dobro ga razumiju i jo\u0161 uvijek osje\u0107aju potrebu saznati vi\u0161e o svim kulturnim i geografskim aspektima svoje zemlje podrijetla na hrvatskom jeziku.<\/p>\n\n<div style=\"height:35px\" aria-hidden=\"true\" class=\"wp-block-spacer\"><\/div>\n\n<p><strong>Studenti<\/strong><\/p>\n\n<p>Studenti slavisti\u010dkih sveu\u010dili\u0161ta tako\u0111er koriste na\u0161e proizvode za pripremu za boravak u Hrvatskoj.<\/p>\n\n<div style=\"height:35px\" aria-hidden=\"true\" class=\"wp-block-spacer\"><\/div>\n\n<p><strong>U\u010ditelji hrvatskog jezika<\/strong><\/p>\n\n<p>Na\u0161e proizvode koriste i profesori hrvatskog jezika za raznovrsnu i zabavnu nastavu.<\/p>\n\n<div style=\"height:100px\" aria-hidden=\"true\" class=\"wp-block-spacer\"><\/div>\n\n<h3 class=\"wp-block-heading\"><strong>PRINT: FORMATI OGLASA i CIJENE<\/strong><\/h3>\n\n<div style=\"height:38px\" aria-hidden=\"true\" class=\"wp-block-spacer\"><\/div>\n\n<figure class=\"wp-block-table\"><table><tbody><tr><td><strong>Format<\/strong><strong><\/strong><\/td><td><strong> <\/strong><\/td><td class=\"has-text-align-right\" data-align=\"right\"><strong>Cijena<\/strong><strong><\/strong><\/td><\/tr><tr><td><strong>2 stranice<\/strong><\/td><td>420 x 280 mm<\/td><td class=\"has-text-align-right\" data-align=\"right\">1.000,- \u20ac<\/td><\/tr><tr><td><strong>1 stranica<\/strong><\/td><td>210 x 280 mm<\/td><td class=\"has-text-align-right\" data-align=\"right\">500,- \u20ac<\/td><\/tr><tr><td><strong>1\/2 stranice<\/strong><\/td><td>210 x 140 mm<\/td><td class=\"has-text-align-right\" data-align=\"right\">250,- \u20ac<\/td><\/tr><tr><td><strong>1\/2 stranice<\/strong><\/td><td>105 x 280 mm<\/td><td class=\"has-text-align-right\" data-align=\"right\">250,- \u20ac<\/td><\/tr><tr><td><strong>1\/3 stranice <\/strong><\/td><td>210 x 93 mm<\/td><td class=\"has-text-align-right\" data-align=\"right\">165,- \u20ac<\/td><\/tr><tr><td><strong>1\/3 stranice <\/strong><\/td><td>70 x 280 mm<\/td><td class=\"has-text-align-right\" data-align=\"right\">165,- \u20ac<\/td><\/tr><tr><td><strong>1\/4 stranice<\/strong><\/td><td>210 x 70 mm<\/td><td class=\"has-text-align-right\" data-align=\"right\">125,- \u20ac<\/td><\/tr><tr><td><strong>1\/4 stranice<\/strong><\/td><td>53 x 280 mm<\/td><td class=\"has-text-align-right\" data-align=\"right\">125,- \u20ac<\/td><\/tr><tr><td><strong>1\/4 stranice<\/strong><\/td><td>105 x 140 mm<\/td><td class=\"has-text-align-right\" data-align=\"right\">125,- \u20ac<\/td><\/tr><tr><td><strong>1\/6 stranice<\/strong><\/td><td>123 x 58 mm<\/td><td class=\"has-text-align-right\" data-align=\"right\">82,- \u20ac<\/td><\/tr><\/tbody><\/table><\/figure>\n\n<p>Cijene ne uklju\u010duju PDV.<\/p>\n\n<div style=\"height:35px\" aria-hidden=\"true\" class=\"wp-block-spacer\"><\/div>\n\n<p>Va\u0161 oglas pojavit \u0107e se u tiskanom i digitalnom izdanju \u010dasopisa HRVATSKI! u hrvatsko-njema\u010dkoj verziji, kao i u digitalnom izdanju u hrvatsko-engleskoj verziji jezi\u010dnog \u010dasopisa HRVATSKI!.<\/p>\n\n<div style=\"height:35px\" aria-hidden=\"true\" class=\"wp-block-spacer\"><\/div>\n\n<p>Ako Va\u0161 oglas bude postavljen u dva broja jezi\u010dnog \u010dasopisa HRVATSKI! (trajanje ogla\u0161avanja godinu dana) dobit \u0107ete <strong>popust od 50%.<\/strong> <\/p>\n\n<div style=\"height:100px\" aria-hidden=\"true\" class=\"wp-block-spacer\"><\/div>\n\n<h3 class=\"wp-block-heading\"><strong>PRINT: ADVERTORIJAL (sponzorirani \u010dlanak)<\/strong><\/h3>\n\n<div style=\"height:35px\" aria-hidden=\"true\" class=\"wp-block-spacer\"><\/div>\n\n<p><strong>Va\u0161a oglasna poruka u uredni\u010dkom okru\u017eenju<\/strong><\/p>\n\n<p>Predstavite svoju individualnu reklamnu poruku u uvjerljivom advertorijalu koji je kreiran prema Va\u0161im idejama. Da biste to u\u010dinili, dostavite nam sadr\u017eaj koji \u017eelite da se nalazi u \u010dlanku. Preuzimamo realizaciju individualnog izgleda Va\u0161eg \u010dlanka u \u010dasopisu. Uredni\u010dki izgled \u010dlanka pobolj\u0161ava u\u010dinak Va\u0161eg oglasa i optimalno je integriran u \u010dasopis.<\/p>\n\n<div style=\"height:36px\" aria-hidden=\"true\" class=\"wp-block-spacer\"><\/div>\n\n<figure class=\"wp-block-table\"><table><tbody><tr><td><strong>Format<\/strong><strong><\/strong><\/td><td><strong> <\/strong><\/td><td class=\"has-text-align-right\" data-align=\"right\"><strong>Cijena<\/strong><strong><\/strong><\/td><\/tr><tr><td><strong>2 stranice<\/strong><\/td><td>420 x 280 mm<\/td><td class=\"has-text-align-right\" data-align=\"right\">500,- \u20ac<\/td><\/tr><tr><td><strong>1 stranica<\/strong><\/td><td>210 x 280 mm<\/td><td class=\"has-text-align-right\" data-align=\"right\">250,- \u20ac<\/td><\/tr><\/tbody><\/table><\/figure>\n\n<p>Plus tro\u0161kovi izrade i PDV.<\/p>\n\n<p>Ostali formati na upit.<\/p>\n\n<div style=\"height:100px\" aria-hidden=\"true\" class=\"wp-block-spacer\"><\/div>\n\n<h3 class=\"wp-block-heading\"><strong>PRINT: MALI OGLASI<\/strong><\/h3>\n\n<div style=\"height:35px\" aria-hidden=\"true\" class=\"wp-block-spacer\"><\/div>\n\n<p><strong>Mali bud\u017eet s velikim u\u010dinkom!<\/strong><\/p>\n\n<p>\u010cak i uz manji bud\u017eet, va\u0161a \u0107e reklamna poruka do\u0107i do pravih \u010ditatelja. Nudimo pravo ogla\u0161iva\u010dko okru\u017eenje za jezi\u010dne te\u010dajeve, knjige, proizvode, mogu\u0107nosti putovanja ili smje\u0161taja.<\/p>\n\n<div style=\"height:35px\" aria-hidden=\"true\" class=\"wp-block-spacer\"><\/div>\n\n<figure class=\"wp-block-table\"><table><tbody><tr><td><strong>Format<\/strong><\/td><td class=\"has-text-align-right\" data-align=\"right\"><strong>Cijena<\/strong><strong><\/strong><\/td><\/tr><tr><td>45 x 25 mm<\/td><td class=\"has-text-align-right\" data-align=\"right\">15,- \u20ac<\/td><\/tr><tr><td>45 x 50 mm<\/td><td class=\"has-text-align-right\" data-align=\"right\">31,- \u20ac<\/td><\/tr><tr><td>90 x 30 mm<\/td><td class=\"has-text-align-right\" data-align=\"right\">31,- \u20ac<\/td><\/tr><\/tbody><\/table><\/figure>\n\n<p>Cijene ne uklju\u010duju PDV.<\/p>\n\n<div style=\"height:35px\" aria-hidden=\"true\" class=\"wp-block-spacer\"><\/div>\n\n<p>Ako Va\u0161 oglas bude postavljen u dva broja jezi\u010dnog \u010dasopisa HRVATSKI! (trajanje ogla\u0161avanja godinu dana) dobit \u0107ete <strong>popust od 50%.<\/strong> <\/p>\n\n<div style=\"height:100px\" aria-hidden=\"true\" class=\"wp-block-spacer\"><\/div>\n\n<h3 class=\"wp-block-heading\"><strong>ONLINE: MOGU\u0106NOSTI OGLA\u0160AVANJA<\/strong><\/h3>\n\n<div style=\"height:35px\" aria-hidden=\"true\" class=\"wp-block-spacer\"><\/div>\n\n<p>Newsletter \u010dasopisa HRVATSKI! besplatan je za na\u0161e \u010ditatelje. Dva puta godi\u0161nje uredni\u0161tvo daje informacije o novim proizvodima iz Fl\u00fcchter Verlag izdava\u010dke tvrtke.<\/p>\n\n<p>Do na\u0161ih \u010ditatelja mo\u017eete do\u0107i i putem interneta. Upotrijebite na\u0161e mogu\u0107nosti digitalnog ogla\u0161avanja za svoju oglasnu poruku u banneru newslettera ili integriranu u newsletter. <\/p>\n\n<div style=\"height:35px\" aria-hidden=\"true\" class=\"wp-block-spacer\"><\/div>\n\n<figure class=\"wp-block-table\"><table><tbody><tr><td><strong>Mogu\u0107nosti ogla\u0161avanja<\/strong><strong><\/strong><\/td><td><strong>Format <\/strong><strong><\/strong><\/td><td class=\"has-text-align-right\" data-align=\"right\"><strong>Cijene za jedno uklju\u010divanje <\/strong><strong><\/strong><\/td><\/tr><tr><td><strong>Newsletter banner<\/strong><\/td><td>600 x 200 piksela<\/td><td class=\"has-text-align-right\" data-align=\"right\">110 \u20ac<\/td><\/tr><tr><td><strong>Integracija u newsletter sa slikom i tekstom<\/strong><\/td><td>Slika: 240 x 200 piksela<br\/>Tekst: 300 \u2013 500 znakova<\/td><td class=\"has-text-align-right\" data-align=\"right\">90 \u20ac<\/td><\/tr><\/tbody><\/table><\/figure>\n\n<p>Cijene ne uklju\u010duju PDV.<\/p>\n\n<div style=\"height:100px\" aria-hidden=\"true\" class=\"wp-block-spacer\"><\/div>\n\n<h4 class=\"wp-block-heading\"><strong>VA\u0160A KONTAKT OSOBA<\/strong><\/h4>\n\n<div style=\"height:36px\" aria-hidden=\"true\" class=\"wp-block-spacer\"><\/div>\n\n<p>Slobodno nam se obratite sa svojim \u017eeljama i idejama. Zajedno \u0107emo razviti odgovaraju\u0107u strategiju ogla\u0161avanja.<\/p>\n\n<div style=\"height:35px\" aria-hidden=\"true\" class=\"wp-block-spacer\"><\/div>\n\n<p><strong>Marija Fl\u00fcchter-Krstulja<\/strong>, urednica<\/p>\n\n<p><strong>Fl\u00fcchter Verlag<\/strong>, Thurgaustr.6, 81475 M\u00fcnchen<\/p>\n\n<p>Tel.: +49 170 20 38 456<\/p>\n\n<p>Mail: <a href=\"mailto:info@fluechter-verlag.de\">info@fluechter-verlag.de<\/a><\/p>\n\n<p>www.fluechter-verlag.de<\/p>\n\n<p>PDV broj: DE357910001<\/p>\n\n<div style=\"height:35px\" aria-hidden=\"true\" class=\"wp-block-spacer\"><\/div>\n\n<p>Kreditna institucija: Deutsche Bank AG<\/p>\n\n<p>Broj bankovnog ra\u010duna: 61374141<br\/>BLZ: 10010010<br\/>SWIFT: PBNKDEFF<br\/>IBAN: DE84100100100061374141<\/p>\n\n<div style=\"height:35px\" aria-hidden=\"true\" class=\"wp-block-spacer\"><\/div>\n\n<p><strong>Uvjeti poslovanja<\/strong><\/p>\n\n<p>Uvjeti i odredbe poslovanja izdava\u010da primjenjuju se na obradu reklamnih narud\u017ebi bilo koje vrste.<\/p>\n\n<div style=\"height:35px\" aria-hidden=\"true\" class=\"wp-block-spacer\"><\/div>\n\n<p><strong>Uvjeti pla\u0107anja<\/strong><\/p>\n\n<p>Unutar 30 dana neto nakon primitka ra\u010duna bankovnom doznakom, izravnim tere\u0107enjem.<\/p>\n\n<div style=\"height:35px\" aria-hidden=\"true\" class=\"wp-block-spacer\"><\/div>\n\n<p><strong>Porez na dodanu vrijednost<\/strong><\/p>\n\n<p>Primjenjuje se zakonski propisani PDV.<\/p>\n\n<div style=\"height:35px\" aria-hidden=\"true\" class=\"wp-block-spacer\"><\/div>\n\n<p><strong>Rok za oglase \/ pravo na odustanjanje<\/strong><\/p>\n\n<p>Krajnji rok za ogla\u0161avanje je 6 tjedana prije datuma objavljivanja \u010dasopisa.<\/p>\n\n<div style=\"height:35px\" aria-hidden=\"true\" class=\"wp-block-spacer\"><\/div>\n\n<p><strong>Rok za tisak<\/strong><\/p>\n\n<p>20 radnih dana prije objavljivanja.<\/p>\n\n<div style=\"height:35px\" aria-hidden=\"true\" class=\"wp-block-spacer\"><\/div>\n","protected":false},"excerpt":{"rendered":"<p>HRVATSKI! \u010casopis za u\u010denje hrvatskog jezika MEDIJSKE INFORMACIJE 2024. CJENIK br. 3, 2024 Vrijedi od 1. sije\u010dnja 2024. FL\u00dcCHTER VERLAG izdava\u010dka tvrtka Fl\u00fcchter Verlag je start-up tvrtka koja se specijalizirala na podru\u010dju u\u010denja hrvatskog jezika. Koncept Fl\u00fcchter Verlag izdava\u010dke tvrtke se sastoji od kombinacije zabavnih izvje\u0161taja i reporta\u017ea o hrvatskom \u017eivotu i kulturi oboga\u0107enih popisima [&hellip;]<\/p>\n","protected":false},"author":1,"featured_media":0,"parent":0,"menu_order":0,"comment_status":"closed","ping_status":"closed","template":"","meta":{"_uag_custom_page_level_css":"","site-sidebar-layout":"default","site-content-layout":"","ast-site-content-layout":"default","site-content-style":"default","site-sidebar-style":"default","ast-global-header-display":"","ast-banner-title-visibility":"","ast-main-header-display":"","ast-hfb-above-header-display":"","ast-hfb-below-header-display":"","ast-hfb-mobile-header-display":"","site-post-title":"disabled","ast-breadcrumbs-content":"","ast-featured-img":"","footer-sml-layout":"","ast-disable-related-posts":"","theme-transparent-header-meta":"","adv-header-id-meta":"","stick-header-meta":"","header-above-stick-meta":"","header-main-stick-meta":"","header-below-stick-meta":"","astra-migrate-meta-layouts":"default","ast-page-background-enabled":"default","ast-page-background-meta":{"desktop":{"background-color":"","background-image":"","background-repeat":"repeat","background-position":"center center","background-size":"auto","background-attachment":"scroll","background-type":"","background-media":"","overlay-type":"","overlay-color":"","overlay-opacity":"","overlay-gradient":""},"tablet":{"background-color":"","background-image":"","background-repeat":"repeat","background-position":"center center","background-size":"auto","background-attachment":"scroll","background-type":"","background-media":"","overlay-type":"","overlay-color":"","overlay-opacity":"","overlay-gradient":""},"mobile":{"background-color":"","background-image":"","background-repeat":"repeat","background-position":"center center","background-size":"auto","background-attachment":"scroll","background-type":"","background-media":"","overlay-type":"","overlay-color":"","overlay-opacity":"","overlay-gradient":""}},"ast-content-background-meta":{"desktop":{"background-color":"var(--ast-global-color-5)","background-image":"","background-repeat":"repeat","background-position":"center center","background-size":"auto","background-attachment":"scroll","background-type":"","background-media":"","overlay-type":"","overlay-color":"","overlay-opacity":"","overlay-gradient":""},"tablet":{"background-color":"var(--ast-global-color-5)","background-image":"","background-repeat":"repeat","background-position":"center center","background-size":"auto","background-attachment":"scroll","background-type":"","background-media":"","overlay-type":"","overlay-color":"","overlay-opacity":"","overlay-gradient":""},"mobile":{"background-color":"var(--ast-global-color-5)","background-image":"","background-repeat":"repeat","background-position":"center center","background-size":"auto","background-attachment":"scroll","background-type":"","background-media":"","overlay-type":"","overlay-color":"","overlay-opacity":"","overlay-gradient":""}},"jetpack_post_was_ever_published":false,"footnotes":""},"class_list":["post-3227","page","type-page","status-publish","hentry"],"uagb_featured_image_src":{"full":false,"thumbnail":false,"medium":false,"medium_large":false,"large":false,"1536x1536":false,"2048x2048":false,"mailpoet_newsletter_max":false,"woocommerce_thumbnail":false,"woocommerce_single":false,"woocommerce_gallery_thumbnail":false},"uagb_author_info":{"display_name":"Marija","author_link":"https:\/\/fluechter-verlag.de\/hr\/author\/admin\/"},"uagb_comment_info":0,"uagb_excerpt":"HRVATSKI! \u010casopis za u\u010denje hrvatskog jezika MEDIJSKE INFORMACIJE 2024. CJENIK br. 3, 2024 Vrijedi od 1. sije\u010dnja 2024. FL\u00dcCHTER VERLAG izdava\u010dka tvrtka Fl\u00fcchter Verlag je start-up tvrtka koja se specijalizirala na podru\u010dju u\u010denja hrvatskog jezika. Koncept Fl\u00fcchter Verlag izdava\u010dke tvrtke se sastoji od kombinacije zabavnih izvje\u0161taja i reporta\u017ea o hrvatskom \u017eivotu i kulturi oboga\u0107enih popisima&hellip;","jetpack_sharing_enabled":true,"_links":{"self":[{"href":"https:\/\/fluechter-verlag.de\/hr\/wp-json\/wp\/v2\/pages\/3227","targetHints":{"allow":["GET"]}}],"collection":[{"href":"https:\/\/fluechter-verlag.de\/hr\/wp-json\/wp\/v2\/pages"}],"about":[{"href":"https:\/\/fluechter-verlag.de\/hr\/wp-json\/wp\/v2\/types\/page"}],"author":[{"embeddable":true,"href":"https:\/\/fluechter-verlag.de\/hr\/wp-json\/wp\/v2\/users\/1"}],"replies":[{"embeddable":true,"href":"https:\/\/fluechter-verlag.de\/hr\/wp-json\/wp\/v2\/comments?post=3227"}],"version-history":[{"count":22,"href":"https:\/\/fluechter-verlag.de\/hr\/wp-json\/wp\/v2\/pages\/3227\/revisions"}],"predecessor-version":[{"id":5747,"href":"https:\/\/fluechter-verlag.de\/hr\/wp-json\/wp\/v2\/pages\/3227\/revisions\/5747"}],"wp:attachment":[{"href":"https:\/\/fluechter-verlag.de\/hr\/wp-json\/wp\/v2\/media?parent=3227"}],"curies":[{"name":"wp","href":"https:\/\/api.w.org\/{rel}","templated":true}]}}