{"id":12555,"date":"2025-12-31T15:52:42","date_gmt":"2025-12-31T15:52:42","guid":{"rendered":"https:\/\/fluechter-verlag.de\/?post_type=product&#038;p=12555"},"modified":"2025-12-31T17:03:39","modified_gmt":"2025-12-31T17:03:39","slug":"hrvatski-1-2026-casopis-print-hr-de-7-izdanje","status":"publish","type":"product","link":"https:\/\/fluechter-verlag.de\/hr\/proizvodi\/hrvatski-1-2026-casopis-print-hr-de-7-izdanje\/","title":{"rendered":"HRVATSKI! 1\/2026 \u010dasopis PRINT (HR\/DE) 7. izdanje"},"content":{"rendered":"<div>\n<p><strong>Tiskano izdanje<\/strong><\/p>\n<p><strong>Popisi rije\u010di: <span style=\"color: #339966;\">hrvatsko &#8211; njema\u010dki<\/span><\/strong><\/p>\n<p>Sedmo izdanje \u010dasopisa<b><i> <\/i><\/b><b>HRVATSKI! 1\/2026<\/b><b> <\/b>sadr\u017ei na 88 stranica zanimljive \u010dlanke o jeziku, kulturi, dru\u0161tvu, svakodnevnom \u017eivotu, zemljopisu i kulinarskim posebnostima Hrvatske. Omogu\u0107uje vam da na zabavan na\u010din pro\u0161irite svoje znanje hrvatskog jezika i do\u017eivite hrvatski na\u010din \u017eivota. S popisima rije\u010di odmah pored novinskog \u010dlanka vam je \u010ditanje i u\u010denje olak\u0161ano jer ne morate tra\u017eiti zna\u010denje rije\u010di koje su podcrtane u tekstu. Podcrtane rije\u010di se nalaze neposredno uz ili ispod \u010dlanka i prevedene su na njema\u010dki ili engleski jezik. Na rije\u010dima u popisu rije\u010di su dodatno ozna\u010deni dugi ili kratki naglasak rije\u010di jer je u\u010denje pravilnog naglaska u hrvatskom jeziku vrlo va\u017eno. A vi tako ne gubite vrijeme tra\u017ee\u0107i zna\u010denje rije\u010di i pravi naglasak. Svoje jezi\u010dne vje\u0161tine mo\u017eete provjeriti u zabavnim gramati\u010dkim vje\u017ebama kao i u vje\u017ebama za \u0161irenje rje\u010dnika.<\/p>\n<\/div>\n<div>\n<p>Jezi\u010dni \u010dasopis je namijenjen zabavnom u\u010denju. Prikladan je za samostalno u\u010denje kao i za u\u010denje na te\u010daju hrvatskog. Novinski \u010dlanci su napisani za razli\u010dite stupnjeve u\u010denja jezika (A1 \u2013 C2) prema Zajedni\u010dkom europskom referentnom okviru za jezike. Stoga su prikladni za po\u010detnike, za one koji ve\u0107 u\u010de, kao i za napredne u\u010denike. Zahvaljuju\u0107i podjeli na pet stupnjeva u\u010denja jezika (jako lako \u2013 A1, lako \u2013 A2, srednje \u2013 B1\/B2, te\u0161ko \u2013 C1, sjako te\u0161ko \u2013 C2) u \u010dasopisu se nalaze za svakoga odgovaraju\u0107i tekstovi. U tu svrhu slu\u017ee neke teme za u\u010denje novog, a u isto vrijeme koriste za ponavljanje i osvje\u017eavanje vokabulara za napredne u\u010denike.<\/p>\n<p>ISSN (Print. Hrvatsko-njema\u010dko izdanje) <strong>2940-0988<\/strong><\/p>\n<p>GTIN: <strong>419382331190601<\/strong><\/p>\n<p>U suradnji sa <strong> Sredi\u0161njim dr\u017eavnim uredom za Hrvate izvan Republike Hrvatske<\/strong> (Sredi\u0161nji dr\u017eavni ured za Hrvate izvan Republike Hrvatske)<\/p>\n<\/div>\n","protected":false},"excerpt":{"rendered":"<p><strong>Tiskano izdanje 1\/2026, 7. izdanje<\/strong><\/p>\n<p><strong>Popisi rije\u010di: <span style=\"color: #339966;\">hrvatsko &#8211; njema\u010dki<\/span><\/strong><\/p>\n<p>Sedmo izdanje \u010dasopisa <strong>HRVATSKI! 1\/2026<\/strong> sadr\u017ei na 88 stranica zanimljive \u010dlanke o jeziku, kulturi, dru\u0161tvu, svakodnevnom \u017eivotu, zemljopisu i kulinarskim posebnostima Hrvatske. Pro\u0161irite svoje znanje hrvatskog jezika na zabavan na\u010din i do\u017eivite hrvatski na\u010din \u017eivota. Provjerite svoje jezi\u010dne vje\u0161tine uz zabavne gramati\u010dke vje\u017ebe kao i vje\u017ebe za \u0161irenje rje\u010dnika!<\/p>\n","protected":false},"featured_media":12488,"comment_status":"open","ping_status":"closed","template":"","meta":{"_uag_custom_page_level_css":"","site-sidebar-layout":"default","site-content-layout":"default","ast-site-content-layout":"default","site-content-style":"default","site-sidebar-style":"default","ast-global-header-display":"","ast-banner-title-visibility":"","ast-main-header-display":"","ast-hfb-above-header-display":"","ast-hfb-below-header-display":"","ast-hfb-mobile-header-display":"","site-post-title":"","ast-breadcrumbs-content":"","ast-featured-img":"","footer-sml-layout":"","ast-disable-related-posts":"","theme-transparent-header-meta":"default","adv-header-id-meta":"","stick-header-meta":"","header-above-stick-meta":"","header-main-stick-meta":"","header-below-stick-meta":"","astra-migrate-meta-layouts":"set","ast-page-background-enabled":"default","ast-page-background-meta":{"desktop":{"background-color":"","background-image":"","background-repeat":"repeat","background-position":"center center","background-size":"auto","background-attachment":"scroll","background-type":"","background-media":"","overlay-type":"","overlay-color":"","overlay-opacity":"","overlay-gradient":""},"tablet":{"background-color":"","background-image":"","background-repeat":"repeat","background-position":"center center","background-size":"auto","background-attachment":"scroll","background-type":"","background-media":"","overlay-type":"","overlay-color":"","overlay-opacity":"","overlay-gradient":""},"mobile":{"background-color":"","background-image":"","background-repeat":"repeat","background-position":"center center","background-size":"auto","background-attachment":"scroll","background-type":"","background-media":"","overlay-type":"","overlay-color":"","overlay-opacity":"","overlay-gradient":""}},"ast-content-background-meta":{"desktop":{"background-color":"var(--ast-global-color-5)","background-image":"","background-repeat":"repeat","background-position":"center center","background-size":"auto","background-attachment":"scroll","background-type":"","background-media":"","overlay-type":"","overlay-color":"","overlay-opacity":"","overlay-gradient":""},"tablet":{"background-color":"var(--ast-global-color-5)","background-image":"","background-repeat":"repeat","background-position":"center center","background-size":"auto","background-attachment":"scroll","background-type":"","background-media":"","overlay-type":"","overlay-color":"","overlay-opacity":"","overlay-gradient":""},"mobile":{"background-color":"var(--ast-global-color-5)","background-image":"","background-repeat":"repeat","background-position":"center center","background-size":"auto","background-attachment":"scroll","background-type":"","background-media":"","overlay-type":"","overlay-color":"","overlay-opacity":"","overlay-gradient":""}},"jetpack_post_was_ever_published":true},"product_brand":[],"product_cat":[498,270,276,481],"product_tag":[242,254,217,251,250,249,253,243,218],"class_list":{"0":"post-12555","1":"product","2":"type-product","3":"status-publish","4":"has-post-thumbnail","6":"product_cat-hrvatsko-njemacki","7":"product_cat-pojedinacno-izdanje","8":"product_cat-print-hr-3","9":"product_cat-tiskana-izdanja","10":"product_tag-casopis-hr","11":"product_tag-citati-hrvatski","12":"product_tag-hrvatski-hr","13":"product_tag-jezicni-casopis-hr","14":"product_tag-jezicni-magazin","15":"product_tag-jezik-hrvatski","16":"product_tag-magazin-hr","17":"product_tag-novine-hr","18":"product_tag-uciti-hrvatski-hr","19":"product_shipping_class-veliko-pismo-pojedinacno-izdanje","20":"desktop-align-left","21":"tablet-align-left","22":"mobile-align-left","24":"first","25":"instock","26":"taxable","27":"shipping-taxable","28":"purchasable","29":"product-type-simple"},"uagb_featured_image_src":{"full":["https:\/\/fluechter-verlag.de\/wp-content\/uploads\/2023\/08\/HRVATSKI-1-2026-HR-DE-sedmi-broj-naslovnica.jpg",1061,1500,false],"thumbnail":["https:\/\/fluechter-verlag.de\/wp-content\/uploads\/2023\/08\/HRVATSKI-1-2026-HR-DE-sedmi-broj-naslovnica-150x150.jpg",150,150,true],"medium":["https:\/\/fluechter-verlag.de\/wp-content\/uploads\/2023\/08\/HRVATSKI-1-2026-HR-DE-sedmi-broj-naslovnica-212x300.jpg",212,300,true],"medium_large":["https:\/\/fluechter-verlag.de\/wp-content\/uploads\/2023\/08\/HRVATSKI-1-2026-HR-DE-sedmi-broj-naslovnica-768x1086.jpg",768,1086,true],"large":["https:\/\/fluechter-verlag.de\/wp-content\/uploads\/2023\/08\/HRVATSKI-1-2026-HR-DE-sedmi-broj-naslovnica-724x1024.jpg",724,1024,true],"1536x1536":["https:\/\/fluechter-verlag.de\/wp-content\/uploads\/2023\/08\/HRVATSKI-1-2026-HR-DE-sedmi-broj-naslovnica.jpg",1061,1500,false],"2048x2048":["https:\/\/fluechter-verlag.de\/wp-content\/uploads\/2023\/08\/HRVATSKI-1-2026-HR-DE-sedmi-broj-naslovnica.jpg",1061,1500,false],"mailpoet_newsletter_max":["https:\/\/fluechter-verlag.de\/wp-content\/uploads\/2023\/08\/HRVATSKI-1-2026-HR-DE-sedmi-broj-naslovnica.jpg",1061,1500,false],"woocommerce_thumbnail":["https:\/\/fluechter-verlag.de\/wp-content\/uploads\/2023\/08\/HRVATSKI-1-2026-HR-DE-sedmi-broj-naslovnica-300x424.jpg",300,424,true],"woocommerce_single":["https:\/\/fluechter-verlag.de\/wp-content\/uploads\/2023\/08\/HRVATSKI-1-2026-HR-DE-sedmi-broj-naslovnica-600x848.jpg",600,848,true],"woocommerce_gallery_thumbnail":["https:\/\/fluechter-verlag.de\/wp-content\/uploads\/2023\/08\/HRVATSKI-1-2026-HR-DE-sedmi-broj-naslovnica-100x100.jpg",100,100,true]},"uagb_author_info":{"display_name":"Marija Fl\u00fcchter-Krstulja","author_link":"https:\/\/fluechter-verlag.de\/hr\/author\/"},"uagb_comment_info":1,"uagb_excerpt":"Tiskano izdanje 1\/2026, 7. izdanje Popisi rije\u010di: hrvatsko - njema\u010dki Sedmo izdanje \u010dasopisa HRVATSKI! 1\/2026 sadr\u017ei na 88 stranica zanimljive \u010dlanke o jeziku, kulturi, dru\u0161tvu, svakodnevnom \u017eivotu, zemljopisu i kulinarskim posebnostima Hrvatske. Pro\u0161irite svoje znanje hrvatskog jezika na zabavan na\u010din i do\u017eivite hrvatski na\u010din \u017eivota. Provjerite svoje jezi\u010dne vje\u0161tine uz zabavne gramati\u010dke vje\u017ebe kao i&hellip;","jetpack_sharing_enabled":true,"_links":{"self":[{"href":"https:\/\/fluechter-verlag.de\/hr\/wp-json\/wp\/v2\/product\/12555","targetHints":{"allow":["GET"]}}],"collection":[{"href":"https:\/\/fluechter-verlag.de\/hr\/wp-json\/wp\/v2\/product"}],"about":[{"href":"https:\/\/fluechter-verlag.de\/hr\/wp-json\/wp\/v2\/types\/product"}],"replies":[{"embeddable":true,"href":"https:\/\/fluechter-verlag.de\/hr\/wp-json\/wp\/v2\/comments?post=12555"}],"wp:featuredmedia":[{"embeddable":true,"href":"https:\/\/fluechter-verlag.de\/hr\/wp-json\/wp\/v2\/media\/12488"}],"wp:attachment":[{"href":"https:\/\/fluechter-verlag.de\/hr\/wp-json\/wp\/v2\/media?parent=12555"}],"wp:term":[{"taxonomy":"product_brand","embeddable":true,"href":"https:\/\/fluechter-verlag.de\/hr\/wp-json\/wp\/v2\/product_brand?post=12555"},{"taxonomy":"product_cat","embeddable":true,"href":"https:\/\/fluechter-verlag.de\/hr\/wp-json\/wp\/v2\/product_cat?post=12555"},{"taxonomy":"product_tag","embeddable":true,"href":"https:\/\/fluechter-verlag.de\/hr\/wp-json\/wp\/v2\/product_tag?post=12555"}],"curies":[{"name":"wp","href":"https:\/\/api.w.org\/{rel}","templated":true}]}}