{"id":2356,"date":"2022-10-01T10:24:25","date_gmt":"2022-10-01T10:24:25","guid":{"rendered":"https:\/\/fluechter-verlag.de\/product\/moja-mala-hrvatska-gramatika-digital\/"},"modified":"2024-01-30T09:24:13","modified_gmt":"2024-01-30T09:24:13","slug":"meine-kleine-kroatische-grammatik-digital","status":"publish","type":"product","link":"https:\/\/fluechter-verlag.de\/hr\/proizvodi\/meine-kleine-kroatische-grammatik-digital\/","title":{"rendered":"Meine kleine kroatische Grammatik DIGITAL"},"content":{"rendered":"<p><strong>Digitalno izdanje<\/strong><\/p>\n<p><b>Na <span style=\"color: #339966;\">njema\u010dkom<\/span> jeziku<\/b><\/p>\n<p><strong>Za preuzimanje \/ download<\/strong><\/p>\n<p><strong>Bez tro\u0161kova dostave<\/strong><\/p>\n<p>Kratki gramati\u010dki pregled sadr\u017ei na \u0161est stranica sve va\u017ene teme hrvatske gramatike, obja\u0161njene na njema\u010dkom jeziku. Slu\u017ei kao podsjetnik kada brzo \u017eelite potra\u017eiti, prelistati i ponoviti neku gramati\u010dku temu.<\/p>\n<p>Prikladan je za po\u010detnike, za one koji ve\u0107 u\u010de, kao i za napredne u\u010denike. Gramati\u010dke teme su obja\u0161njene kratko i jezgrovito, \u0161to je idealno kada se \u017eelite brzo podsjetiti neke gramati\u010dke teme.<\/p>\n<p>ISBN:<strong> 978-3-9825159-1-5<\/strong><\/p>\n","protected":false},"excerpt":{"rendered":"<p><strong>Digitalno izdanje<\/strong><\/p>\n<p><b>Na <span style=\"color: #339966;\">njema\u010dkom<\/span> jeziku<\/b><\/p>\n<p><strong>Za preuzimanje \/ download<\/strong><\/p>\n<p><strong>Bez tro\u0161kova dostave<\/strong><\/p>\n<p><strong>Meine kleine kroatische Grammatik (Moja mala hrvatska gramatika)<\/strong> je gramati\u010dki pregled i na \u0161est stranica sadr\u017ei ukratko sve va\u017ene teme hrvatske gramatike, obja\u0161njene na njema\u010dkom jeziku.<\/p>\n","protected":false},"featured_media":3479,"comment_status":"open","ping_status":"closed","template":"","meta":{"_uag_custom_page_level_css":"","site-sidebar-layout":"default","site-content-layout":"default","ast-site-content-layout":"default","site-content-style":"default","site-sidebar-style":"default","ast-global-header-display":"","ast-banner-title-visibility":"","ast-main-header-display":"","ast-hfb-above-header-display":"","ast-hfb-below-header-display":"","ast-hfb-mobile-header-display":"","site-post-title":"","ast-breadcrumbs-content":"","ast-featured-img":"","footer-sml-layout":"","ast-disable-related-posts":"","theme-transparent-header-meta":"default","adv-header-id-meta":"","stick-header-meta":"","header-above-stick-meta":"","header-main-stick-meta":"","header-below-stick-meta":"","astra-migrate-meta-layouts":"set","ast-page-background-enabled":"default","ast-page-background-meta":{"desktop":{"background-color":"","background-image":"","background-repeat":"repeat","background-position":"center center","background-size":"auto","background-attachment":"scroll","background-type":"","background-media":"","overlay-type":"","overlay-color":"","overlay-opacity":"","overlay-gradient":""},"tablet":{"background-color":"","background-image":"","background-repeat":"repeat","background-position":"center center","background-size":"auto","background-attachment":"scroll","background-type":"","background-media":"","overlay-type":"","overlay-color":"","overlay-opacity":"","overlay-gradient":""},"mobile":{"background-color":"","background-image":"","background-repeat":"repeat","background-position":"center center","background-size":"auto","background-attachment":"scroll","background-type":"","background-media":"","overlay-type":"","overlay-color":"","overlay-opacity":"","overlay-gradient":""}},"ast-content-background-meta":{"desktop":{"background-color":"var(--ast-global-color-5)","background-image":"","background-repeat":"repeat","background-position":"center center","background-size":"auto","background-attachment":"scroll","background-type":"","background-media":"","overlay-type":"","overlay-color":"","overlay-opacity":"","overlay-gradient":""},"tablet":{"background-color":"var(--ast-global-color-5)","background-image":"","background-repeat":"repeat","background-position":"center center","background-size":"auto","background-attachment":"scroll","background-type":"","background-media":"","overlay-type":"","overlay-color":"","overlay-opacity":"","overlay-gradient":""},"mobile":{"background-color":"var(--ast-global-color-5)","background-image":"","background-repeat":"repeat","background-position":"center center","background-size":"auto","background-attachment":"scroll","background-type":"","background-media":"","overlay-type":"","overlay-color":"","overlay-opacity":"","overlay-gradient":""}},"jetpack_post_was_ever_published":false},"product_brand":[],"product_cat":[479,215,498],"product_tag":[236,226,220,222,224,217,230,235,229,227,225,228,218],"class_list":{"0":"post-2356","1":"product","2":"type-product","3":"status-publish","4":"has-post-thumbnail","6":"product_cat-digitalna-izdanja","7":"product_cat-gramaticki-pregled","8":"product_cat-hrvatsko-njemacki","9":"product_tag-gramaticke-teme-hr-2","10":"product_tag-gramaticki-pregled","11":"product_tag-gramatika-hr-2","12":"product_tag-hrvatska-hr-2","13":"product_tag-hrvatska-gramatika-hr-2","14":"product_tag-hrvatski-hr","15":"product_tag-mala-hr","16":"product_tag-memo-hr","17":"product_tag-moja-hr","18":"product_tag-podsjetnik-hr","19":"product_tag-pregled","20":"product_tag-pregledna-karta","21":"product_tag-uciti-hrvatski-hr","22":"desktop-align-left","23":"tablet-align-left","24":"mobile-align-left","26":"first","27":"instock","28":"downloadable","29":"virtual","30":"taxable","31":"purchasable","32":"product-type-simple"},"uagb_featured_image_src":{"full":["https:\/\/fluechter-verlag.de\/wp-content\/uploads\/2022\/10\/meine-kleine-kroatische-grammatik-hr-de-produkt.jpg",595,841,false],"thumbnail":["https:\/\/fluechter-verlag.de\/wp-content\/uploads\/2022\/10\/meine-kleine-kroatische-grammatik-hr-de-produkt-150x150.jpg",150,150,true],"medium":["https:\/\/fluechter-verlag.de\/wp-content\/uploads\/2022\/10\/meine-kleine-kroatische-grammatik-hr-de-produkt-212x300.jpg",212,300,true],"medium_large":["https:\/\/fluechter-verlag.de\/wp-content\/uploads\/2022\/10\/meine-kleine-kroatische-grammatik-hr-de-produkt.jpg",595,841,false],"large":["https:\/\/fluechter-verlag.de\/wp-content\/uploads\/2022\/10\/meine-kleine-kroatische-grammatik-hr-de-produkt.jpg",595,841,false],"1536x1536":["https:\/\/fluechter-verlag.de\/wp-content\/uploads\/2022\/10\/meine-kleine-kroatische-grammatik-hr-de-produkt.jpg",595,841,false],"2048x2048":["https:\/\/fluechter-verlag.de\/wp-content\/uploads\/2022\/10\/meine-kleine-kroatische-grammatik-hr-de-produkt.jpg",595,841,false],"mailpoet_newsletter_max":["https:\/\/fluechter-verlag.de\/wp-content\/uploads\/2022\/10\/meine-kleine-kroatische-grammatik-hr-de-produkt.jpg",595,841,false],"woocommerce_thumbnail":["https:\/\/fluechter-verlag.de\/wp-content\/uploads\/2022\/10\/meine-kleine-kroatische-grammatik-hr-de-produkt-300x424.jpg",300,424,true],"woocommerce_single":["https:\/\/fluechter-verlag.de\/wp-content\/uploads\/2022\/10\/meine-kleine-kroatische-grammatik-hr-de-produkt.jpg",595,841,false],"woocommerce_gallery_thumbnail":["https:\/\/fluechter-verlag.de\/wp-content\/uploads\/2022\/10\/meine-kleine-kroatische-grammatik-hr-de-produkt-100x100.jpg",100,100,true]},"uagb_author_info":{"display_name":"Marija","author_link":"https:\/\/fluechter-verlag.de\/hr\/author\/"},"uagb_comment_info":0,"uagb_excerpt":"Digitalno izdanje Na njema\u010dkom jeziku Za preuzimanje \/ download Bez tro\u0161kova dostave Meine kleine kroatische Grammatik (Moja mala hrvatska gramatika) je gramati\u010dki pregled i na \u0161est stranica sadr\u017ei ukratko sve va\u017ene teme hrvatske gramatike, obja\u0161njene na njema\u010dkom jeziku.","jetpack_sharing_enabled":true,"_links":{"self":[{"href":"https:\/\/fluechter-verlag.de\/hr\/wp-json\/wp\/v2\/product\/2356","targetHints":{"allow":["GET"]}}],"collection":[{"href":"https:\/\/fluechter-verlag.de\/hr\/wp-json\/wp\/v2\/product"}],"about":[{"href":"https:\/\/fluechter-verlag.de\/hr\/wp-json\/wp\/v2\/types\/product"}],"replies":[{"embeddable":true,"href":"https:\/\/fluechter-verlag.de\/hr\/wp-json\/wp\/v2\/comments?post=2356"}],"wp:featuredmedia":[{"embeddable":true,"href":"https:\/\/fluechter-verlag.de\/hr\/wp-json\/wp\/v2\/media\/3479"}],"wp:attachment":[{"href":"https:\/\/fluechter-verlag.de\/hr\/wp-json\/wp\/v2\/media?parent=2356"}],"wp:term":[{"taxonomy":"product_brand","embeddable":true,"href":"https:\/\/fluechter-verlag.de\/hr\/wp-json\/wp\/v2\/product_brand?post=2356"},{"taxonomy":"product_cat","embeddable":true,"href":"https:\/\/fluechter-verlag.de\/hr\/wp-json\/wp\/v2\/product_cat?post=2356"},{"taxonomy":"product_tag","embeddable":true,"href":"https:\/\/fluechter-verlag.de\/hr\/wp-json\/wp\/v2\/product_tag?post=2356"}],"curies":[{"name":"wp","href":"https:\/\/api.w.org\/{rel}","templated":true}]}}