{"id":2666,"date":"2022-12-01T00:01:32","date_gmt":"2022-12-01T00:01:32","guid":{"rendered":"https:\/\/fluechter-verlag.de\/?post_type=product&#038;p=2666"},"modified":"2024-01-30T09:29:20","modified_gmt":"2024-01-30T09:29:20","slug":"my-short-croatian-grammar-digital-hr-eng","status":"publish","type":"product","link":"https:\/\/fluechter-verlag.de\/hr\/proizvodi\/my-short-croatian-grammar-digital-hr-eng\/","title":{"rendered":"My Short Croatian Grammar DIGITAL"},"content":{"rendered":"<p><strong>Digitalno izdanje<\/strong><\/p>\n<p><strong>Na <span style=\"color: #ff0000;\">engleskom<\/span> jeziku<\/strong><\/p>\n<p><strong>Za preuzimanje \/ download<\/strong><\/p>\n<p><strong>Bez tro\u0161kova dostave<\/strong><\/p>\n<p>Kratki gramati\u010dki pregled sadr\u017ei na \u0161est stranica sve va\u017ene teme hrvatske gramatike, obja\u0161njene na njema\u010dkom jeziku. Slu\u017ei kao podsjetnik kada brzo \u017eelite potra\u017eiti, prelistati i ponoviti neku gramati\u010dku temu.<\/p>\n<p>Prikladan je za po\u010detnike, za one koji ve\u0107 u\u010de, kao i za napredne u\u010denike. Gramati\u010dke teme su obja\u0161njene kratko i jezgrovito, \u0161to je idealno kada se \u017eelite brzo podsjetiti neke gramati\u010dke teme.<\/p>\n<p>ISBN:<strong> 978-3-9825159-2-2<\/strong><\/p>\n","protected":false},"excerpt":{"rendered":"<p><strong>Digitalno izdanje<\/strong><\/p>\n<p><strong>Na <span style=\"color: #ff0000;\">engleskom<\/span> jeziku<\/strong><\/p>\n<p><strong>Za preuzimanje \/ download<\/strong><\/p>\n<p><strong>Bez tro\u0161kova dostave<\/strong><\/p>\n<p><strong>My Short Croatian Grammar<\/strong> je gramati\u010dki pregled i na 6 stranica sadr\u017ei sve va\u017ene teme hrvatske gramatike ukratko obja\u0161njene na engleskom jeziku.<\/p>\n","protected":false},"featured_media":3247,"comment_status":"open","ping_status":"closed","template":"","meta":{"_uag_custom_page_level_css":"","site-sidebar-layout":"default","site-content-layout":"default","ast-site-content-layout":"default","site-content-style":"default","site-sidebar-style":"default","ast-global-header-display":"","ast-banner-title-visibility":"","ast-main-header-display":"","ast-hfb-above-header-display":"","ast-hfb-below-header-display":"","ast-hfb-mobile-header-display":"","site-post-title":"","ast-breadcrumbs-content":"","ast-featured-img":"","footer-sml-layout":"","ast-disable-related-posts":"","theme-transparent-header-meta":"default","adv-header-id-meta":"","stick-header-meta":"","header-above-stick-meta":"","header-main-stick-meta":"","header-below-stick-meta":"","astra-migrate-meta-layouts":"set","ast-page-background-enabled":"default","ast-page-background-meta":{"desktop":{"background-color":"","background-image":"","background-repeat":"repeat","background-position":"center center","background-size":"auto","background-attachment":"scroll","background-type":"","background-media":"","overlay-type":"","overlay-color":"","overlay-opacity":"","overlay-gradient":""},"tablet":{"background-color":"","background-image":"","background-repeat":"repeat","background-position":"center center","background-size":"auto","background-attachment":"scroll","background-type":"","background-media":"","overlay-type":"","overlay-color":"","overlay-opacity":"","overlay-gradient":""},"mobile":{"background-color":"","background-image":"","background-repeat":"repeat","background-position":"center center","background-size":"auto","background-attachment":"scroll","background-type":"","background-media":"","overlay-type":"","overlay-color":"","overlay-opacity":"","overlay-gradient":""}},"ast-content-background-meta":{"desktop":{"background-color":"var(--ast-global-color-5)","background-image":"","background-repeat":"repeat","background-position":"center center","background-size":"auto","background-attachment":"scroll","background-type":"","background-media":"","overlay-type":"","overlay-color":"","overlay-opacity":"","overlay-gradient":""},"tablet":{"background-color":"var(--ast-global-color-5)","background-image":"","background-repeat":"repeat","background-position":"center center","background-size":"auto","background-attachment":"scroll","background-type":"","background-media":"","overlay-type":"","overlay-color":"","overlay-opacity":"","overlay-gradient":""},"mobile":{"background-color":"var(--ast-global-color-5)","background-image":"","background-repeat":"repeat","background-position":"center center","background-size":"auto","background-attachment":"scroll","background-type":"","background-media":"","overlay-type":"","overlay-color":"","overlay-opacity":"","overlay-gradient":""}},"jetpack_post_was_ever_published":false},"product_brand":[],"product_cat":[479,215,500],"product_tag":[236,226,220,224,217,231,446,445,447,230,229,227,225,228,444,218],"class_list":{"0":"post-2666","1":"product","2":"type-product","3":"status-publish","4":"has-post-thumbnail","6":"product_cat-digitalna-izdanja","7":"product_cat-gramaticki-pregled","8":"product_cat-hrvatsko-engleski","9":"product_tag-gramaticke-teme-hr-2","10":"product_tag-gramaticki-pregled","11":"product_tag-gramatika-hr-2","12":"product_tag-hrvatska-gramatika-hr-2","13":"product_tag-hrvatski-hr","14":"product_tag-hrvatsko","15":"product_tag-kratak-hr","16":"product_tag-kratka","17":"product_tag-kratki-hr","18":"product_tag-mala-hr","19":"product_tag-moja-hr","20":"product_tag-podsjetnik-hr","21":"product_tag-pregled","22":"product_tag-pregledna-karta","23":"product_tag-short-hr","24":"product_tag-uciti-hrvatski-hr","25":"desktop-align-left","26":"tablet-align-left","27":"mobile-align-left","29":"first","30":"instock","31":"downloadable","32":"virtual","33":"taxable","34":"purchasable","35":"product-type-simple"},"uagb_featured_image_src":{"full":["https:\/\/fluechter-verlag.de\/wp-content\/uploads\/2022\/11\/my-short-croatian-grammar-1-stranica.jpg",595,841,false],"thumbnail":["https:\/\/fluechter-verlag.de\/wp-content\/uploads\/2022\/11\/my-short-croatian-grammar-1-stranica-150x150.jpg",150,150,true],"medium":["https:\/\/fluechter-verlag.de\/wp-content\/uploads\/2022\/11\/my-short-croatian-grammar-1-stranica-212x300.jpg",212,300,true],"medium_large":["https:\/\/fluechter-verlag.de\/wp-content\/uploads\/2022\/11\/my-short-croatian-grammar-1-stranica.jpg",595,841,false],"large":["https:\/\/fluechter-verlag.de\/wp-content\/uploads\/2022\/11\/my-short-croatian-grammar-1-stranica.jpg",595,841,false],"1536x1536":["https:\/\/fluechter-verlag.de\/wp-content\/uploads\/2022\/11\/my-short-croatian-grammar-1-stranica.jpg",595,841,false],"2048x2048":["https:\/\/fluechter-verlag.de\/wp-content\/uploads\/2022\/11\/my-short-croatian-grammar-1-stranica.jpg",595,841,false],"mailpoet_newsletter_max":["https:\/\/fluechter-verlag.de\/wp-content\/uploads\/2022\/11\/my-short-croatian-grammar-1-stranica.jpg",595,841,false],"woocommerce_thumbnail":["https:\/\/fluechter-verlag.de\/wp-content\/uploads\/2022\/11\/my-short-croatian-grammar-1-stranica-300x424.jpg",300,424,true],"woocommerce_single":["https:\/\/fluechter-verlag.de\/wp-content\/uploads\/2022\/11\/my-short-croatian-grammar-1-stranica.jpg",595,841,false],"woocommerce_gallery_thumbnail":["https:\/\/fluechter-verlag.de\/wp-content\/uploads\/2022\/11\/my-short-croatian-grammar-1-stranica-100x100.jpg",100,100,true]},"uagb_author_info":{"display_name":"Marija","author_link":"https:\/\/fluechter-verlag.de\/hr\/author\/"},"uagb_comment_info":0,"uagb_excerpt":"Digitalno izdanje Na engleskom jeziku Za preuzimanje \/ download Bez tro\u0161kova dostave My Short Croatian Grammar je gramati\u010dki pregled i na 6 stranica sadr\u017ei sve va\u017ene teme hrvatske gramatike ukratko obja\u0161njene na engleskom jeziku.","jetpack_sharing_enabled":true,"_links":{"self":[{"href":"https:\/\/fluechter-verlag.de\/hr\/wp-json\/wp\/v2\/product\/2666","targetHints":{"allow":["GET"]}}],"collection":[{"href":"https:\/\/fluechter-verlag.de\/hr\/wp-json\/wp\/v2\/product"}],"about":[{"href":"https:\/\/fluechter-verlag.de\/hr\/wp-json\/wp\/v2\/types\/product"}],"replies":[{"embeddable":true,"href":"https:\/\/fluechter-verlag.de\/hr\/wp-json\/wp\/v2\/comments?post=2666"}],"wp:featuredmedia":[{"embeddable":true,"href":"https:\/\/fluechter-verlag.de\/hr\/wp-json\/wp\/v2\/media\/3247"}],"wp:attachment":[{"href":"https:\/\/fluechter-verlag.de\/hr\/wp-json\/wp\/v2\/media?parent=2666"}],"wp:term":[{"taxonomy":"product_brand","embeddable":true,"href":"https:\/\/fluechter-verlag.de\/hr\/wp-json\/wp\/v2\/product_brand?post=2666"},{"taxonomy":"product_cat","embeddable":true,"href":"https:\/\/fluechter-verlag.de\/hr\/wp-json\/wp\/v2\/product_cat?post=2666"},{"taxonomy":"product_tag","embeddable":true,"href":"https:\/\/fluechter-verlag.de\/hr\/wp-json\/wp\/v2\/product_tag?post=2666"}],"curies":[{"name":"wp","href":"https:\/\/api.w.org\/{rel}","templated":true}]}}