{"id":4842,"date":"2023-08-14T00:51:17","date_gmt":"2023-08-14T00:51:17","guid":{"rendered":"https:\/\/fluechter-verlag.de\/produkte\/ponuda-hrvatski-1-2023-print-pregled-gramatike-po-promotivnoj-cijeni\/"},"modified":"2025-08-16T13:45:32","modified_gmt":"2025-08-16T13:45:32","slug":"angebot-hrvatski-print-grammatikueberblick-print-zum-kennenlernpreis","status":"publish","type":"product","link":"https:\/\/fluechter-verlag.de\/hr\/proizvodi\/angebot-hrvatski-print-grammatikueberblick-print-zum-kennenlernpreis\/","title":{"rendered":"Ponuda! HRVATSKI! 1\/2023 PRINT + pregled gramatike &#8211; po promotivnoj cijeni"},"content":{"rendered":"<div>\n<p><strong>HRVATSKI! 1-2023 tiskano izdanje<\/strong><\/p>\n<p><strong>Popisi rije\u010di: <span style=\"color: #339966;\">hrvatsko \u2013 njema\u010dki<\/span><\/strong><\/p>\n<p>Jezi\u010dni \u010dasopis<b><i> <\/i><\/b><b>HRVATSKI!<\/b><b> <\/b>sadr\u017ei 80 stranica sa zanimljivim \u010dlancima o kulturi, dru\u0161tvu, svakodnevnom \u017eivotu, jeziku i kulinarskim posebnostima Hrvatske. Omogu\u0107uje vam da na zabavan na\u010din pro\u0161irite svoje znanje hrvatskog jezika i do\u017eivite hrvatski na\u010din \u017eivota. S popisima rije\u010di odmah pored novinskog \u010dlanka vam je \u010ditanje i u\u010denje olak\u0161ano jer ne morate tra\u017eiti zna\u010denje rije\u010di koje su podcrtane u tekstu. Podcrtane rije\u010di se nalaze neposredno uz ili ispod \u010dlanka i prevedene su na njema\u010dki ili engleski jezik. Na rije\u010dima u popisu rije\u010di su dodatno ozna\u010deni dugi ili kratki naglasak rije\u010di jer je u\u010denje pravilnog naglaska u hrvatskom jeziku vrlo va\u017eno. A vi tako ne gubite vrijeme tra\u017ee\u0107i zna\u010denje rije\u010di i pravi naglasak. Svoje jezi\u010dne vje\u0161tine mo\u017eete provjeriti u zabavnim gramati\u010dkim vje\u017ebama kao i u vje\u017ebama za \u0161irenje rje\u010dnika.<\/p>\n<\/div>\n<div>\n<p>Jezi\u010dni \u010dasopis je namijenjen zabavnom u\u010denju. Prikladan je za samostalno u\u010denje kao i za u\u010denje na te\u010daju hrvatskog. Novinski \u010dlanci su napisani za razli\u010dite stupnjeve u\u010denja jezika (A1 \u2013 C2) prema Zajedni\u010dkom europskom referentnom okviru za jezike. Stoga su prikladni za po\u010detnike, za one koji ve\u0107 u\u010de, kao i za napredne u\u010denike. Zahvaljuju\u0107i podjeli na pet stupnjeva u\u010denja jezika (jako lako \u2013 A1, lako \u2013 A2, srednje \u2013 B1\/B2, te\u0161ko \u2013 C1, sjako te\u0161ko \u2013 C2) u \u010dasopisu se nalaze za svakoga odgovaraju\u0107i tekstovi. U tu svrhu slu\u017ee neke teme za u\u010denje novog, a u isto vrijeme koriste za ponavljanje i osvje\u017eavanje vokabulara za napredne u\u010denike.<\/p>\n<p>ISSN (Print. Hrvatsko-njema\u010dko izdanje) <strong>2940-0988<\/strong><\/p>\n<\/div>\n<p>&nbsp;<\/p>\n<p><strong>Moja mala hrvatska gramatika<\/strong><\/p>\n<p><strong>Tiskano izdanje<\/strong><\/p>\n<p><strong>Na <span style=\"color: #339966;\">njema\u010dkom<\/span> jeziku<\/strong><\/p>\n<p>Kratki gramati\u010dki pregled sadr\u017ei na \u0161est stranica sve va\u017ene teme hrvatske gramatike, obja\u0161njene na njema\u010dkom jeziku. Slu\u017ei kao podsjetnik kada brzo \u017eelite potra\u017eiti, prelistati i ponoviti neku gramati\u010dku temu. Kao tiskani proizvod ova je gramatika napravljena kao podsjetnik na preklapanje na 6 stranica formata DIN A4 s bo\u010dnim rupama za arhiviranje u fascikl (s obje strane mat celofaniranje).<\/p>\n<p>Prikladan je za po\u010detnike, za one koji ve\u0107 u\u010de, kao i za napredne u\u010denike. Gramati\u010dke teme su obja\u0161njene kratko i jezgrovito, \u0161to je idealno kada se \u017eelite brzo podsjetiti neke gramati\u010dke teme.<\/p>\n<p>ISBN:<strong> 978-3-9825159-0-8<\/strong><\/p>\n<p>&#8212;&#8212;&#8212;&#8212;&#8212;&#8212;&#8212;&#8212;&#8212;&#8212;&#8212;-<\/p>\n<p>Cjelokupna ponuda &#8211; \u010dasopis HRVATSKI! 1\/2023 PRINT + pregled gramatike po promotivnoj cijeni \u2013 se nalazi u prodaji pod ISBN brojem: <strong>978-3-9825159-3-9<\/strong>.<\/p>\n","protected":false},"excerpt":{"rendered":"<p><span style=\"color: #ff0000;\"><strong>Ponuda! <span style=\"color: #000000;\">Idealan <\/span><\/strong><\/span><span style=\"color: #000000;\"><span style=\"color: #ff0000;\"><span style=\"caret-color: #ff0000;\"><b><span style=\"color: #000000;\">poklon za sve koji se zanimaju za hrvatski jezik!<\/span><\/b><\/span><\/span><\/span><\/p>\n<p><strong>HRVATSKI! 1-2023<\/strong> PRINT (HR\/DE) pojedina\u010dno izdanje<\/p>\n<p>i<\/p>\n<p><strong>Moja mala hrvatska gramatika PRINT<\/strong> (DE\/HR)<\/p>\n<p>po promotivnoj cijeni!<\/p>\n<p>Vrijedi do isteka zaliha.<\/p>\n<p>Treba li \u010dasopis HRVATSKI 1\/2023 PRINT i pregled gramatike PRINT zamotati u ukrasni papir? Ostavite nam kratku poruku: &#8220;Zamotati u ukrasni papir&#8221;. Va\u0161a \u0107e narud\u017eba tada biti poslana kao poklon.<\/p>\n<p>&nbsp;<\/p>\n","protected":false},"featured_media":4807,"comment_status":"open","ping_status":"closed","template":"","meta":{"_uag_custom_page_level_css":"","site-sidebar-layout":"default","site-content-layout":"default","ast-site-content-layout":"default","site-content-style":"default","site-sidebar-style":"default","ast-global-header-display":"","ast-banner-title-visibility":"","ast-main-header-display":"","ast-hfb-above-header-display":"","ast-hfb-below-header-display":"","ast-hfb-mobile-header-display":"","site-post-title":"","ast-breadcrumbs-content":"","ast-featured-img":"","footer-sml-layout":"","ast-disable-related-posts":"","theme-transparent-header-meta":"default","adv-header-id-meta":"","stick-header-meta":"","header-above-stick-meta":"","header-main-stick-meta":"","header-below-stick-meta":"","astra-migrate-meta-layouts":"set","ast-page-background-enabled":"default","ast-page-background-meta":{"desktop":{"background-color":"","background-image":"","background-repeat":"repeat","background-position":"center center","background-size":"auto","background-attachment":"scroll","background-type":"","background-media":"","overlay-type":"","overlay-color":"","overlay-opacity":"","overlay-gradient":""},"tablet":{"background-color":"","background-image":"","background-repeat":"repeat","background-position":"center center","background-size":"auto","background-attachment":"scroll","background-type":"","background-media":"","overlay-type":"","overlay-color":"","overlay-opacity":"","overlay-gradient":""},"mobile":{"background-color":"","background-image":"","background-repeat":"repeat","background-position":"center center","background-size":"auto","background-attachment":"scroll","background-type":"","background-media":"","overlay-type":"","overlay-color":"","overlay-opacity":"","overlay-gradient":""}},"ast-content-background-meta":{"desktop":{"background-color":"var(--ast-global-color-5)","background-image":"","background-repeat":"repeat","background-position":"center center","background-size":"auto","background-attachment":"scroll","background-type":"","background-media":"","overlay-type":"","overlay-color":"","overlay-opacity":"","overlay-gradient":""},"tablet":{"background-color":"var(--ast-global-color-5)","background-image":"","background-repeat":"repeat","background-position":"center center","background-size":"auto","background-attachment":"scroll","background-type":"","background-media":"","overlay-type":"","overlay-color":"","overlay-opacity":"","overlay-gradient":""},"mobile":{"background-color":"var(--ast-global-color-5)","background-image":"","background-repeat":"repeat","background-position":"center center","background-size":"auto","background-attachment":"scroll","background-type":"","background-media":"","overlay-type":"","overlay-color":"","overlay-opacity":"","overlay-gradient":""}}},"product_brand":[],"product_cat":[215,498,270,467,276,481],"product_tag":[242,219,217,231,230,229,469,468,470],"class_list":{"0":"post-4842","1":"product","2":"type-product","3":"status-publish","4":"has-post-thumbnail","6":"product_cat-gramaticki-pregled","7":"product_cat-hrvatsko-njemacki","8":"product_cat-pojedinacno-izdanje","9":"product_cat-ponude","10":"product_cat-print-hr-3","11":"product_cat-tiskana-izdanja","12":"product_tag-casopis-hr","13":"product_tag-gramatika-hr","14":"product_tag-hrvatski-hr","15":"product_tag-hrvatsko","16":"product_tag-mala-hr","17":"product_tag-moja-hr","18":"product_tag-pojedinacno-izdanje","19":"product_tag-ponuda","20":"product_tag-promotivna-cijena","21":"product_shipping_class-veliko-pismo-pojedinacno-izdanje","22":"desktop-align-left","23":"tablet-align-left","24":"mobile-align-left","26":"first","27":"instock","28":"sale","29":"taxable","30":"shipping-taxable","31":"purchasable","32":"product-type-simple"},"uagb_featured_image_src":{"full":["https:\/\/fluechter-verlag.de\/wp-content\/uploads\/2023\/07\/Ponuda-Hrvatski-12023-i-gramatika-za-HR-stranicu-HR-PONUDA.jpg",592,557,false],"thumbnail":["https:\/\/fluechter-verlag.de\/wp-content\/uploads\/2023\/07\/Ponuda-Hrvatski-12023-i-gramatika-za-HR-stranicu-HR-PONUDA-150x150.jpg",150,150,true],"medium":["https:\/\/fluechter-verlag.de\/wp-content\/uploads\/2023\/07\/Ponuda-Hrvatski-12023-i-gramatika-za-HR-stranicu-HR-PONUDA-300x282.jpg",300,282,true],"medium_large":["https:\/\/fluechter-verlag.de\/wp-content\/uploads\/2023\/07\/Ponuda-Hrvatski-12023-i-gramatika-za-HR-stranicu-HR-PONUDA.jpg",592,557,false],"large":["https:\/\/fluechter-verlag.de\/wp-content\/uploads\/2023\/07\/Ponuda-Hrvatski-12023-i-gramatika-za-HR-stranicu-HR-PONUDA.jpg",592,557,false],"1536x1536":["https:\/\/fluechter-verlag.de\/wp-content\/uploads\/2023\/07\/Ponuda-Hrvatski-12023-i-gramatika-za-HR-stranicu-HR-PONUDA.jpg",592,557,false],"2048x2048":["https:\/\/fluechter-verlag.de\/wp-content\/uploads\/2023\/07\/Ponuda-Hrvatski-12023-i-gramatika-za-HR-stranicu-HR-PONUDA.jpg",592,557,false],"mailpoet_newsletter_max":["https:\/\/fluechter-verlag.de\/wp-content\/uploads\/2023\/07\/Ponuda-Hrvatski-12023-i-gramatika-za-HR-stranicu-HR-PONUDA.jpg",592,557,false],"woocommerce_thumbnail":["https:\/\/fluechter-verlag.de\/wp-content\/uploads\/2023\/07\/Ponuda-Hrvatski-12023-i-gramatika-za-HR-stranicu-HR-PONUDA-300x282.jpg",300,282,true],"woocommerce_single":["https:\/\/fluechter-verlag.de\/wp-content\/uploads\/2023\/07\/Ponuda-Hrvatski-12023-i-gramatika-za-HR-stranicu-HR-PONUDA.jpg",592,557,false],"woocommerce_gallery_thumbnail":["https:\/\/fluechter-verlag.de\/wp-content\/uploads\/2023\/07\/Ponuda-Hrvatski-12023-i-gramatika-za-HR-stranicu-HR-PONUDA-100x100.jpg",100,100,true]},"uagb_author_info":{"display_name":"Marija Fl\u00fcchter-Krstulja","author_link":"https:\/\/fluechter-verlag.de\/hr\/author\/"},"uagb_comment_info":1,"uagb_excerpt":"Ponuda! Idealan poklon za sve koji se zanimaju za hrvatski jezik! HRVATSKI! 1-2023 PRINT (HR\/DE) pojedina\u010dno izdanje i Moja mala hrvatska gramatika PRINT (DE\/HR) po promotivnoj cijeni! Vrijedi do isteka zaliha. Treba li \u010dasopis HRVATSKI 1\/2023 PRINT i pregled gramatike PRINT zamotati u ukrasni papir? Ostavite nam kratku poruku: \"Zamotati u ukrasni papir\". Va\u0161a \u0107e&hellip;","jetpack_sharing_enabled":true,"_links":{"self":[{"href":"https:\/\/fluechter-verlag.de\/hr\/wp-json\/wp\/v2\/product\/4842","targetHints":{"allow":["GET"]}}],"collection":[{"href":"https:\/\/fluechter-verlag.de\/hr\/wp-json\/wp\/v2\/product"}],"about":[{"href":"https:\/\/fluechter-verlag.de\/hr\/wp-json\/wp\/v2\/types\/product"}],"replies":[{"embeddable":true,"href":"https:\/\/fluechter-verlag.de\/hr\/wp-json\/wp\/v2\/comments?post=4842"}],"wp:featuredmedia":[{"embeddable":true,"href":"https:\/\/fluechter-verlag.de\/hr\/wp-json\/wp\/v2\/media\/4807"}],"wp:attachment":[{"href":"https:\/\/fluechter-verlag.de\/hr\/wp-json\/wp\/v2\/media?parent=4842"}],"wp:term":[{"taxonomy":"product_brand","embeddable":true,"href":"https:\/\/fluechter-verlag.de\/hr\/wp-json\/wp\/v2\/product_brand?post=4842"},{"taxonomy":"product_cat","embeddable":true,"href":"https:\/\/fluechter-verlag.de\/hr\/wp-json\/wp\/v2\/product_cat?post=4842"},{"taxonomy":"product_tag","embeddable":true,"href":"https:\/\/fluechter-verlag.de\/hr\/wp-json\/wp\/v2\/product_tag?post=4842"}],"curies":[{"name":"wp","href":"https:\/\/api.w.org\/{rel}","templated":true}]}}