{"id":9213,"date":"2025-01-19T14:50:16","date_gmt":"2025-01-19T14:50:16","guid":{"rendered":"https:\/\/fluechter-verlag.de\/produkte\/hrvatski-poklon-pretplata-print-hr-de\/"},"modified":"2025-12-31T17:16:43","modified_gmt":"2025-12-31T17:16:43","slug":"hrvatski-poklon-pretplata-print-hr-de","status":"publish","type":"product","link":"https:\/\/fluechter-verlag.de\/hr\/proizvodi\/hrvatski-poklon-pretplata-print-hr-de\/","title":{"rendered":"HRVATSKI! POKLON PRETPLATA PRINT (HR\/DE)"},"content":{"rendered":"<p style=\"font-weight: 400;\"><span style=\"color: #ff0000;\"><strong>Poklonite dva izdanja \u010dasopisa HRVATSKI!<\/strong><\/span><\/p>\n<p style=\"font-weight: 400;\">U\u010destalost izla\u017eenja: <strong>dva puta godi\u0161nje<\/strong><\/p>\n<p style=\"font-weight: 400;\">Minimalno vrijeme pretplate: <strong>2 tiskana izdanja Hrvatski! 1\/2026 + 2\/2026<\/strong><\/p>\n<p style=\"font-weight: 400;\">Cijena \u010dasopisa u pretplati: <strong>11,50 \u20ac<\/strong><\/p>\n<p style=\"font-weight: 400;\">Otkazni rok: <strong><span style=\"color: #ff0000;\">pretplata prestaje automatski<\/span><\/strong><\/p>\n<p style=\"font-weight: 400;\">Dostava primatelju poklona <strong>bez ra\u010duna<\/strong><\/p>\n<p style=\"font-weight: 400;\">Uz <strong>personaliziranu poruku<\/strong> (jednokratno, po \u017eelji)<\/p>\n<p style=\"font-weight: 400;\">Popisi rje\u010dnika:<strong> <\/strong><span style=\"color: #339966;\"><strong>hrvatski \u2013 njema\u010dki<\/strong><\/span><\/p>\n<p style=\"font-weight: 400;\"><strong>Poklonite radost i veselje s \u010dasopisom HRVATSKI!! Kako bi va\u0161i najmiliji mogli \u010ditati i u\u010diti hrvatski onako kako su oduvijek \u017eeljeli. <\/strong><\/p>\n<p style=\"font-weight: 400;\">U na\u0161em jezi\u010dnom \u010dasopisu HRVATSKI! na\u0107i \u0107ete zanimljive \u010dlanke o jeziku, kulturi, dru\u0161tvu, svakodnevnom \u017eivotu, zemljopisu, povijesti i kulinarskim posebnostima Hrvatske. S popisima rije\u010di odmah pored novinskog \u010dlanka vam je \u010ditanje i u\u010denje olak\u0161ano jer ne morate tra\u017eiti zna\u010denje rije\u010di koje su podcrtane u tekstu. Podcrtane rije\u010di se nalaze neposredno uz ili ispod \u010dlanka i prevedene su na njema\u010dki ili engleski jezik. Na rije\u010dima u popisu rije\u010di su dodatno ozna\u010deni dugi ili kratki naglasak rije\u010di jer je u\u010denje pravilnog naglaska u hrvatskom jeziku vrlo va\u017eno. A vi tako ne gubite vrijeme tra\u017ee\u0107i zna\u010denje rije\u010di i pravi naglasak. Svoje jezi\u010dne vje\u0161tine mo\u017eete provjeriti u zabavnim gramati\u010dkim vje\u017ebama kao i u vje\u017ebama za \u0161irenje rje\u010dnika.<\/p>\n<p style=\"font-weight: 400;\">Jezi\u010dni \u010dasopis je namijenjen zabavnom u\u010denju. Prikladan je za samostalno u\u010denje kao i za u\u010denje na te\u010daju hrvatskog. Novinski \u010dlanci su napisani za razli\u010dite stupnjeve u\u010denja jezika (A1 \u2013 C2) prema Zajedni\u010dkom europskom referentnom okviru za jezike. Stoga su prikladni za po\u010detnike, za one koji ve\u0107 u\u010de, kao i za napredne u\u010denike. Zahvaljuju\u0107i podjeli na pet stupnjeva u\u010denja jezika (jako lako \u2013 A1, lako \u2013 A2, srednje \u2013 B1\/B2, te\u0161ko \u2013 C1, sjako te\u0161ko \u2013 C2) u \u010dasopisu se nalaze za svakoga odgovaraju\u0107i tekstovi. U tu svrhu slu\u017ee neke teme za u\u010denje novog, a u isto vrijeme koriste za ponavljanje i osvje\u017eavanje vokabulara za napredne u\u010denike.<\/p>\n<p style=\"font-weight: 400;\">ISSN (Print. Hrvatsko-njema\u010dko izdanje) <strong>2940-0988<\/strong><\/p>\n<p>&nbsp;<\/p>\n<p>&nbsp;<\/p>\n<p style=\"font-weight: 400;\"><span style=\"color: #339966;\"><strong>POKLON PRETPLATA &#8211; \u010cESTO POSTAVLJANA PITANJA<\/strong><\/span><\/p>\n<p>&nbsp;<\/p>\n<p style=\"font-weight: 400;\"><strong>Kada \u0107e biti isporu\u010den prvi broj iz pretplate?<\/strong><\/p>\n<p style=\"font-weight: 400;\">Nakon primitka va\u0161e narud\u017ebe dobit \u0107ete e-po\u0161tom potvrdu o primitku narud\u017ebe, a nakon nekoliko dana e-mail s potvrdom o slanju.<\/p>\n<p style=\"font-weight: 400;\"><strong>Kako \u0107u dobiti ra\u010dun za poklon pretplatu?<\/strong><\/p>\n<p style=\"font-weight: 400;\">Ra\u010dun \u0107ete dobiti u PDF formatu putem e-maila.<\/p>\n<p style=\"font-weight: 400;\"><strong>Ho\u0107e li primatelj, odnosno osoba koja prima poklon, dobiti ra\u010dun?<\/strong><\/p>\n<p style=\"font-weight: 400;\">Ne. Primatelj poklona ne\u0107e dobiti ra\u010dun. <\/p>\n<p style=\"font-weight: 400;\"><strong>\u017delim poslati personaliziranu poruku primatelju poklona? Kako to mogu u\u010diniti? <\/strong><\/p>\n<p style=\"font-weight: 400;\">Ostavite nam poruku u komentaru (napomeni) prilikom naru\u010divanja. Ako ne ostavite komentar, prilo\u017eit \u0107emo po\u0161iljki ovu poruku kada po\u0161aljemo prvi \u010dasopis iz poklon pretplate: <\/p>\n<p style=\"font-weight: 400;\"><em>Zabavite se dok u\u010dite hrvatski!<\/em><\/p>\n<p style=\"font-weight: 400;\"><em>Lijep pozdrav,<\/em><\/p>\n<p style=\"font-weight: 400;\"><em>(va\u0161e ime)<\/em><\/p>\n<p style=\"font-weight: 400;\"><strong>Produ\u017euje li se pretplata sama od sebe?<\/strong><\/p>\n<p style=\"font-weight: 400;\">Ne. Poklon pretplata automatski zavr\u0161ava nakon dva izdanja. <\/p>\n<p style=\"font-weight: 400;\"><strong>Tko mo\u017ee otkazati pretplatu? I kako? <\/strong><\/p>\n<p style=\"font-weight: 400;\">Poklon pretplata automatski istje\u010de nakon zavr\u0161etka razdoblja pretplate. Obavijest o prekidu pretplate nije potrebna. <\/p>\n<p style=\"font-weight: 400;\"><strong>Imam jo\u0161 jedno pitanje. Kome se mogu obratiti?<\/strong><\/p>\n<p style=\"font-weight: 400;\">Slobodno nas kontaktirajte e-po\u0161tom na <a href=\"mailto:info@fluechter-verlag.de\">info@fluechter-verlag.de<\/a> ili telefonom na +49 170 20 38 456.<\/p>\n<p style=\"font-weight: 400;\">\n","protected":false},"excerpt":{"rendered":"<div>\n<p><span style=\"color: #ff0000;\"><strong>Poklonite dva izdanja \u010dasopisa HRVATSKI!<\/strong><\/span><\/p>\n<\/div>\n<div>\n<p>Dostava primatelju poklona <strong>bez ra\u010duna<\/strong><\/p>\n<\/div>\n<div>\n<p><strong>Uz personaliziranu poruku<\/strong> (jednokratno, po \u017eelji)<\/p>\n<\/div>\n<div>\n<p><strong>Poklon pretplata<\/strong><span class=\"apple-converted-space\"> <\/span><span style=\"color: #ff0000;\"><strong>zavr\u0161ava automatski<\/strong><\/span><\/p>\n<\/div>\n<div>\n<p><strong>Dva tiskana izdanja godi\u0161nje<\/strong><\/p>\n<\/div>\n<div>\n<p>Popisi rje\u010dnika:<span style=\"color: #339966;\"><span class=\"apple-converted-space\"><b> <\/b><\/span><strong>hrvatski \u2013 njema\u010dki<\/strong><\/span><\/p>\n<\/div>\n<div>\n<p>Poklonite radost i veselje s \u010dasopisom<span class=\"apple-converted-space\"> <\/span><strong>HRVATSKI!<\/strong> ! Da va\u0161i najmiliji mogu \u010ditati i u\u010diti hrvatski onako kako su oduvijek \u017eeljeli.<\/p>\n<\/div>\n","protected":false},"featured_media":12548,"comment_status":"open","ping_status":"closed","template":"","meta":{"_uag_custom_page_level_css":"","site-sidebar-layout":"default","site-content-layout":"","ast-site-content-layout":"default","site-content-style":"default","site-sidebar-style":"default","ast-global-header-display":"","ast-banner-title-visibility":"","ast-main-header-display":"","ast-hfb-above-header-display":"","ast-hfb-below-header-display":"","ast-hfb-mobile-header-display":"","site-post-title":"","ast-breadcrumbs-content":"","ast-featured-img":"","footer-sml-layout":"","ast-disable-related-posts":"","theme-transparent-header-meta":"default","adv-header-id-meta":"","stick-header-meta":"","header-above-stick-meta":"","header-main-stick-meta":"","header-below-stick-meta":"","astra-migrate-meta-layouts":"set","ast-page-background-enabled":"default","ast-page-background-meta":{"desktop":{"background-color":"","background-image":"","background-repeat":"repeat","background-position":"center center","background-size":"auto","background-attachment":"scroll","background-type":"","background-media":"","overlay-type":"","overlay-color":"","overlay-opacity":"","overlay-gradient":""},"tablet":{"background-color":"","background-image":"","background-repeat":"repeat","background-position":"center center","background-size":"auto","background-attachment":"scroll","background-type":"","background-media":"","overlay-type":"","overlay-color":"","overlay-opacity":"","overlay-gradient":""},"mobile":{"background-color":"","background-image":"","background-repeat":"repeat","background-position":"center center","background-size":"auto","background-attachment":"scroll","background-type":"","background-media":"","overlay-type":"","overlay-color":"","overlay-opacity":"","overlay-gradient":""}},"ast-content-background-meta":{"desktop":{"background-color":"var(--ast-global-color-5)","background-image":"","background-repeat":"repeat","background-position":"center center","background-size":"auto","background-attachment":"scroll","background-type":"","background-media":"","overlay-type":"","overlay-color":"","overlay-opacity":"","overlay-gradient":""},"tablet":{"background-color":"var(--ast-global-color-5)","background-image":"","background-repeat":"repeat","background-position":"center center","background-size":"auto","background-attachment":"scroll","background-type":"","background-media":"","overlay-type":"","overlay-color":"","overlay-opacity":"","overlay-gradient":""},"mobile":{"background-color":"var(--ast-global-color-5)","background-image":"","background-repeat":"repeat","background-position":"center center","background-size":"auto","background-attachment":"scroll","background-type":"","background-media":"","overlay-type":"","overlay-color":"","overlay-opacity":"","overlay-gradient":""}},"jetpack_post_was_ever_published":true},"product_brand":[],"product_cat":[498,467,240,275,481],"product_tag":[242,492,254,494,222,221,217,244,251,495,493,218],"class_list":{"0":"post-9213","1":"product","2":"type-product","3":"status-publish","4":"has-post-thumbnail","6":"product_cat-hrvatsko-njemacki","7":"product_cat-ponude","8":"product_cat-pretplata","9":"product_cat-print-hr-2","10":"product_cat-tiskana-izdanja","11":"product_tag-casopis-hr","12":"product_tag-casopis-za-ucenje-hrvatskog-jezika","13":"product_tag-citati-hrvatski","14":"product_tag-dar","15":"product_tag-hrvatska-hr-2","16":"product_tag-hrvatska-hr","17":"product_tag-hrvatski-hr","18":"product_tag-hrvatski-hr-2","19":"product_tag-jezicni-casopis-hr","20":"product_tag-poklon-pretplata","21":"product_tag-pretplata","22":"product_tag-uciti-hrvatski-hr","23":"product_shipping_class-veliko-pismo-godisnja-pretplata","24":"desktop-align-left","25":"tablet-align-left","26":"mobile-align-left","28":"first","29":"instock","30":"sale","31":"taxable","32":"shipping-taxable","33":"purchasable","34":"product-type-simple"},"uagb_featured_image_src":{"full":["https:\/\/fluechter-verlag.de\/wp-content\/uploads\/2025\/01\/Ponuda-Hrvatski-POKLON-pretplata-GESCHENKABO-DE-od-12026-22026.jpg",1500,1411,false],"thumbnail":["https:\/\/fluechter-verlag.de\/wp-content\/uploads\/2025\/01\/Ponuda-Hrvatski-POKLON-pretplata-GESCHENKABO-DE-od-12026-22026-150x150.jpg",150,150,true],"medium":["https:\/\/fluechter-verlag.de\/wp-content\/uploads\/2025\/01\/Ponuda-Hrvatski-POKLON-pretplata-GESCHENKABO-DE-od-12026-22026-300x282.jpg",300,282,true],"medium_large":["https:\/\/fluechter-verlag.de\/wp-content\/uploads\/2025\/01\/Ponuda-Hrvatski-POKLON-pretplata-GESCHENKABO-DE-od-12026-22026-768x722.jpg",768,722,true],"large":["https:\/\/fluechter-verlag.de\/wp-content\/uploads\/2025\/01\/Ponuda-Hrvatski-POKLON-pretplata-GESCHENKABO-DE-od-12026-22026-1024x963.jpg",1024,963,true],"1536x1536":["https:\/\/fluechter-verlag.de\/wp-content\/uploads\/2025\/01\/Ponuda-Hrvatski-POKLON-pretplata-GESCHENKABO-DE-od-12026-22026.jpg",1500,1411,false],"2048x2048":["https:\/\/fluechter-verlag.de\/wp-content\/uploads\/2025\/01\/Ponuda-Hrvatski-POKLON-pretplata-GESCHENKABO-DE-od-12026-22026.jpg",1500,1411,false],"mailpoet_newsletter_max":["https:\/\/fluechter-verlag.de\/wp-content\/uploads\/2025\/01\/Ponuda-Hrvatski-POKLON-pretplata-GESCHENKABO-DE-od-12026-22026-1320x1242.jpg",1320,1242,true],"woocommerce_thumbnail":["https:\/\/fluechter-verlag.de\/wp-content\/uploads\/2025\/01\/Ponuda-Hrvatski-POKLON-pretplata-GESCHENKABO-DE-od-12026-22026-300x282.jpg",300,282,true],"woocommerce_single":["https:\/\/fluechter-verlag.de\/wp-content\/uploads\/2025\/01\/Ponuda-Hrvatski-POKLON-pretplata-GESCHENKABO-DE-od-12026-22026-600x564.jpg",600,564,true],"woocommerce_gallery_thumbnail":["https:\/\/fluechter-verlag.de\/wp-content\/uploads\/2025\/01\/Ponuda-Hrvatski-POKLON-pretplata-GESCHENKABO-DE-od-12026-22026-100x100.jpg",100,100,true]},"uagb_author_info":{"display_name":"Marija Fl\u00fcchter-Krstulja","author_link":"https:\/\/fluechter-verlag.de\/hr\/author\/"},"uagb_comment_info":0,"uagb_excerpt":"Poklonite dva izdanja \u010dasopisa HRVATSKI! Dostava primatelju poklona bez ra\u010duna Uz personaliziranu poruku (jednokratno, po \u017eelji) Poklon pretplata zavr\u0161ava automatski Dva tiskana izdanja godi\u0161nje Popisi rje\u010dnika: hrvatski \u2013 njema\u010dki Poklonite radost i veselje s \u010dasopisom HRVATSKI! ! Da va\u0161i najmiliji mogu \u010ditati i u\u010diti hrvatski onako kako su oduvijek \u017eeljeli.","jetpack_sharing_enabled":true,"_links":{"self":[{"href":"https:\/\/fluechter-verlag.de\/hr\/wp-json\/wp\/v2\/product\/9213","targetHints":{"allow":["GET"]}}],"collection":[{"href":"https:\/\/fluechter-verlag.de\/hr\/wp-json\/wp\/v2\/product"}],"about":[{"href":"https:\/\/fluechter-verlag.de\/hr\/wp-json\/wp\/v2\/types\/product"}],"replies":[{"embeddable":true,"href":"https:\/\/fluechter-verlag.de\/hr\/wp-json\/wp\/v2\/comments?post=9213"}],"wp:featuredmedia":[{"embeddable":true,"href":"https:\/\/fluechter-verlag.de\/hr\/wp-json\/wp\/v2\/media\/12548"}],"wp:attachment":[{"href":"https:\/\/fluechter-verlag.de\/hr\/wp-json\/wp\/v2\/media?parent=9213"}],"wp:term":[{"taxonomy":"product_brand","embeddable":true,"href":"https:\/\/fluechter-verlag.de\/hr\/wp-json\/wp\/v2\/product_brand?post=9213"},{"taxonomy":"product_cat","embeddable":true,"href":"https:\/\/fluechter-verlag.de\/hr\/wp-json\/wp\/v2\/product_cat?post=9213"},{"taxonomy":"product_tag","embeddable":true,"href":"https:\/\/fluechter-verlag.de\/hr\/wp-json\/wp\/v2\/product_tag?post=9213"}],"curies":[{"name":"wp","href":"https:\/\/api.w.org\/{rel}","templated":true}]}}