{"id":9379,"date":"2025-01-27T10:53:23","date_gmt":"2025-01-27T10:53:23","guid":{"rendered":"https:\/\/fluechter-verlag.de\/?post_type=product&#038;p=9379"},"modified":"2025-12-31T17:11:09","modified_gmt":"2025-12-31T17:11:09","slug":"hrvatski-kombinirana-pretplata-print-digital-hr-de","status":"publish","type":"product","link":"https:\/\/fluechter-verlag.de\/hr\/proizvodi\/hrvatski-kombinirana-pretplata-print-digital-hr-de\/","title":{"rendered":"HRVATSKI! Kombinirana pretplata PRINT + DIGITAL (HR\/DE)"},"content":{"rendered":"<div>\n<p><strong>Pretplatite se na kombiniranu pretplatu HRVATSKI! PRINT + DIGITAL: <\/strong>ne propustite nijedno izdanje!<\/p>\n<p style=\"font-weight: 400;\"><strong>Fleksibilna pretplata:<\/strong> tiskano i digitalno izdanje<\/p>\n<p style=\"font-weight: 400;\"><strong>U\u010destalost izla\u017eenja<\/strong>: dva puta godi\u0161nje<\/p>\n<p style=\"font-weight: 400;\"><strong>Cijena \u010dasopisa u kombiniranoj pretplati: 18,90 \u20ac <\/strong>za digitalno i tiskano izdanje zajedno<\/p>\n<p style=\"font-weight: 400;\"><strong>Cijene \u010dasopisa pojedina\u010dno:<\/strong><strong> <\/strong>Digitalni 9,90 \u20ac; Ispis 11,90 \u20ac + po\u0161tarina 3,00 \u20ac (u inozemstvu 5,00 \u20ac)<\/p>\n<p style=\"font-weight: 400;\"><strong>Tiskano izdanje<\/strong> u ovoj ponudi<strong>: je bez<\/strong><strong> po\u0161tanskih<\/strong><span style=\"color: #ff0000;\"><strong> tro\u0161kova<\/strong><\/span><strong> <\/strong><strong>!<\/strong><\/p>\n<p><strong>Digitalno izdanje: mo\u017ee se odmah preuzeti, <\/strong><strong>bez tro\u0161kova dostave<\/strong><\/p>\n<p><span style=\"color: #339966;\"><strong><span style=\"color: #333333;\">Popisi rije\u010di:<\/span> hrvatsko &#8211; njema\u010dki<\/strong><\/span><\/p>\n<p><strong>Pla\u0107ate jednom godi\u0161nje <\/strong><\/p>\n<p><strong>Automatsko produ\u017eenje pretplate<\/strong><\/p>\n<p><strong>Otkazni rok<\/strong>: mjesec dana, ali tek nakon isteka minimalnog trajanja pretplate ( 1 godina, 2 broja)<\/p>\n<p><strong>MInimalni rok pretplate: <\/strong>2 izdanja Hrvatski! 1\/2026 + 2\/2026<\/p>\n<p><strong>Prilikom sklapanja kombinirane TISKANE i DIGITALNE pretplate od <span style=\"color: #ff0000;\"><span style=\"caret-color: #ff0000;\">1. sije\u010dnja 2026.<\/span> <\/span>minimalni rok trajanja pretplate od godinu dana odnosi se na <span style=\"color: #ff0000;\">7. i 8. izdanje <\/span> \u010dasopisa HRVATSKI! (<span style=\"color: #ff0000;\">1\/2026 <span style=\"color: #000000;\">+<\/span> 2\/2026<\/span>)<\/strong><\/p>\n<p>Sedmi broj jezi\u010dnog \u010dasopisa HRVATSKI! sadr\u017ei 88 stranica zanimljivih \u010dlanaka o temama koje se ti\u010du \u200b\u200bjezika, kulture, dru\u0161tva, svakodnevnog \u017eivota, geografije i kulinarskih posebnosti Hrvatske. Omogu\u0107uje vam da na zabavan na\u010din pro\u0161irite svoje znanje hrvatskog jezika i do\u017eivite hrvatski na\u010din \u017eivota. S popisima rije\u010di odmah pored novinskog \u010dlanka vam je \u010ditanje i u\u010denje olak\u0161ano jer ne morate tra\u017eiti zna\u010denje rije\u010di koje su podcrtane u tekstu. Podcrtane rije\u010di se nalaze neposredno uz ili ispod \u010dlanka i prevedene su na njema\u010dki ili engleski jezik. Na rije\u010dima u popisu rije\u010di su dodatno ozna\u010deni dugi ili kratki naglasak rije\u010di jer je u\u010denje pravilnog naglaska u hrvatskom jeziku vrlo va\u017eno. A vi tako ne gubite vrijeme tra\u017ee\u0107i zna\u010denje rije\u010di i pravi naglasak. Svoje jezi\u010dne vje\u0161tine mo\u017eete provjeriti u zabavnim gramati\u010dkim vje\u017ebama kao i u vje\u017ebama za \u0161irenje rje\u010dnika.<\/p>\n<\/div>\n<div>\n<p>Jezi\u010dni \u010dasopis je namijenjen zabavnom u\u010denju. Prikladan je za samostalno u\u010denje kao i za u\u010denje na te\u010daju hrvatskog. Novinski \u010dlanci su napisani za razli\u010dite stupnjeve u\u010denja jezika (A1 \u2013 C2) prema Zajedni\u010dkom europskom referentnom okviru za jezike. Stoga su prikladni za po\u010detnike, za one koji ve\u0107 u\u010de, kao i za napredne u\u010denike. Zahvaljuju\u0107i podjeli na pet stupnjeva u\u010denja jezika (jako lako \u2013 A1, lako \u2013 A2, srednje \u2013 B1\/B2, te\u0161ko \u2013 C1, sjako te\u0161ko \u2013 C2) u \u010dasopisu se nalaze za svakoga odgovaraju\u0107i tekstovi. U tu svrhu slu\u017ee neke teme za u\u010denje novog, a u isto vrijeme koriste za ponavljanje i osvje\u017eavanje vokabulara za napredne u\u010denike.<\/p>\n<p>ISSN (Print. Hrvatsko-njema\u010dko izdanje) <strong>2940-0988<\/strong><\/p>\n<p>ISSN (Online. Hrvatsko-njema\u010dko izdanje) <strong>2940-0996<\/strong><\/p>\n<\/div>\n<p>&nbsp;<\/p>\n<p><span style=\"color: #339966;\"><strong>KOMBINIRANA PRETPLATA \u2013 \u010cESTO POSTAVLJANA PITANJA<\/strong><\/span><\/p>\n<p>&nbsp;<\/p>\n<p><strong>Kada \u0107e biti isporu\u010deno prvo tiskano izdanje iz kombinirane pretplate?<\/strong><\/p>\n<p><strong>Tiskano izdanje:<\/strong> Nakon primitka narud\u017ebe primit \u0107ete potvrdu e-po\u0161tom, a nakon nekoliko dana primit \u0107ete e-poruku s potvrdom slanja tiskanog izdanja.<\/p>\n<p><strong>Kako mogu \u010ditati digitalno izdanje?<\/strong><\/p>\n<p><strong>Digitalno izdanje<\/strong> se mo\u017ee odmah preuzeti (downloadati). Kao pretplatnik na digitalnu pretplatu imate pristup svojim digitalnim izdanjima u na\u0161oj digitalnoj arhivi (Preuzimanja) gdje mo\u017eete pregledati i preuzeti svoje digitalne proizvode. Da biste to mogli u\u010diniti, prijavite se sa svojom online lozinkom u &#8220;Mojem ra\u010dunu&#8221; (Moj ra\u010dun) na na\u0161oj po\u010detnoj stranici.  <\/p>\n<p>Ako ne \u017eelite otvarati ra\u010dun na na\u0161oj web stranici, digitalno izdanje \u0107ete dobiti putem e-po\u0161te.<\/p>\n<p><strong>Ho\u0107e li se moja kombinirana pretplata produ\u017eiti sama od sebe?<\/strong><\/p>\n<p>Postoji minimalni rok trajanja pretplate od jedne godine za dva izdanja. Zatim sami odlu\u010dujete koliko dugo \u017eelite biti pretpla\u0107eni na \u010dasopis. Produ\u017eenje pretplate uvijek se odnosi na dva daljnja broja.  <\/p>\n<p><strong style=\"font-size: 16px;\">Koliko traje otkazni rok?<\/strong><\/p>\n<p><span style=\"font-size: 16px;\">Otkazni rok je mjesec dana, ali tek nakon isteka minimalnog roka trajanja pretplate (1 godina, 2 broja). Pretplatu mo\u017eete otkazati u bilo kojem trenutku izravno u svom korisni\u010dkom ra\u010dunu ili kontaktiranjem korisni\u010dke slu\u017ebe. <\/span><\/p>\n<p><strong style=\"font-size: 16px;\">Imam jo\u0161 jedno pitanje. Kome se mogu obratiti?<\/strong><\/p>\n<div class=\"accordion__itemContent js-accordionItem__content\" role=\"tabpanel\" aria-hidden=\"false\">\n<div>Slobodno nas kontaktirajte e-po\u0161tom na <a href=\"mailto:info@fluechter-verlag.de\">info@fluechter-verlag.de<\/a> ili telefonom na +49 170 20 38 456.<\/div>\n<\/div>\n","protected":false},"excerpt":{"rendered":"<p><strong>Pretplatite se na kombiniranu pretplatu HRVATSKI! PRINT + DIGITAL: <\/strong>ne propustite nijedno izdanje!<\/p>\n<p style=\"font-weight: 400;\"><strong>Fleksibilna pretplata:<\/strong> tiskano i digitalno izdanje<\/p>\n<p style=\"font-weight: 400;\"><strong>U\u010destalost izla\u017eenja<\/strong>: dva puta godi\u0161nje<\/p>\n<p style=\"font-weight: 400;\"><strong>Cijena \u010dasopisa u kombiniranoj pretplati: 18,90 \u20ac <\/strong>za digitalno i tiskano izdanje<\/p>\n<p style=\"font-weight: 400;\"><strong>Tiskano izdanje<\/strong> u ovoj ponudi:<strong> <\/strong><span style=\"color: #ff0000;\"><strong>bez po\u0161tanskih tro\u0161kova<\/strong><\/span><strong>!<\/strong><\/p>\n<p><strong>Digitalno izdanje: mo\u017ee se odmah preuzeti<\/strong><\/p>\n<p><span style=\"color: #339966;\"><strong><span style=\"color: #333333;\">Popisi rije\u010di:<\/span> hrvatsko &#8211; njema\u010dki<\/strong><\/span><\/p>\n<p><strong>Pla\u0107anje jednom godi\u0161nje<\/strong><\/p>\n<p><strong>Prilikom sklapanja kombinirane TISKANE i DIGITALNE pretplate od <span style=\"color: #ff0000;\">1. sije\u010dnja 2026.<\/span> minimalni rok trajanja pretplate od godinu dana odnosi se na <span style=\"color: #ff0000;\">7. i 8. izdanje <\/span> \u010dasopisa HRVATSKI!<\/strong><\/p>\n<p>Sedmo izdanje \u010dasopisa <strong>HRVATSKI! <\/strong>sadr\u017ei na 88 stranica zanimljive \u010dlanke o jeziku, kulturi, dru\u0161tvu, svakodnevnom \u017eivotu, zemljopisu i kulinarskim posebnostima Hrvatske. Pro\u0161irite svoje znanje hrvatskog jezika na zabavan na\u010din i do\u017eivite hrvatski na\u010din \u017eivota. Provjerite svoje jezi\u010dne vje\u0161tine uz zabavne gramati\u010dke vje\u017ebe kao i vje\u017ebe za \u0161irenje rje\u010dnika!<\/p>\n","protected":false},"featured_media":12544,"comment_status":"open","ping_status":"closed","template":"","meta":{"_uag_custom_page_level_css":"","site-sidebar-layout":"default","site-content-layout":"default","ast-site-content-layout":"default","site-content-style":"default","site-sidebar-style":"default","ast-global-header-display":"","ast-banner-title-visibility":"","ast-main-header-display":"","ast-hfb-above-header-display":"","ast-hfb-below-header-display":"","ast-hfb-mobile-header-display":"","site-post-title":"","ast-breadcrumbs-content":"","ast-featured-img":"","footer-sml-layout":"","ast-disable-related-posts":"","theme-transparent-header-meta":"default","adv-header-id-meta":"","stick-header-meta":"","header-above-stick-meta":"","header-main-stick-meta":"","header-below-stick-meta":"","astra-migrate-meta-layouts":"set","ast-page-background-enabled":"default","ast-page-background-meta":{"desktop":{"background-color":"","background-image":"","background-repeat":"repeat","background-position":"center center","background-size":"auto","background-attachment":"scroll","background-type":"","background-media":"","overlay-type":"","overlay-color":"","overlay-opacity":"","overlay-gradient":""},"tablet":{"background-color":"","background-image":"","background-repeat":"repeat","background-position":"center center","background-size":"auto","background-attachment":"scroll","background-type":"","background-media":"","overlay-type":"","overlay-color":"","overlay-opacity":"","overlay-gradient":""},"mobile":{"background-color":"","background-image":"","background-repeat":"repeat","background-position":"center center","background-size":"auto","background-attachment":"scroll","background-type":"","background-media":"","overlay-type":"","overlay-color":"","overlay-opacity":"","overlay-gradient":""}},"ast-content-background-meta":{"desktop":{"background-color":"var(--ast-global-color-5)","background-image":"","background-repeat":"repeat","background-position":"center center","background-size":"auto","background-attachment":"scroll","background-type":"","background-media":"","overlay-type":"","overlay-color":"","overlay-opacity":"","overlay-gradient":""},"tablet":{"background-color":"var(--ast-global-color-5)","background-image":"","background-repeat":"repeat","background-position":"center center","background-size":"auto","background-attachment":"scroll","background-type":"","background-media":"","overlay-type":"","overlay-color":"","overlay-opacity":"","overlay-gradient":""},"mobile":{"background-color":"var(--ast-global-color-5)","background-image":"","background-repeat":"repeat","background-position":"center center","background-size":"auto","background-attachment":"scroll","background-type":"","background-media":"","overlay-type":"","overlay-color":"","overlay-opacity":"","overlay-gradient":""}},"jetpack_post_was_ever_published":true},"product_brand":[],"product_cat":[241,498,240,504],"product_tag":[242,254,217,251,250,249,253,243,218],"class_list":{"0":"post-9379","1":"product","2":"type-product","3":"status-publish","4":"has-post-thumbnail","6":"product_cat-digital-hr-2","7":"product_cat-hrvatsko-njemacki","8":"product_cat-pretplata","9":"product_cat-tiskana-digitalna-izdanja","10":"product_tag-casopis-hr","11":"product_tag-citati-hrvatski","12":"product_tag-hrvatski-hr","13":"product_tag-jezicni-casopis-hr","14":"product_tag-jezicni-magazin","15":"product_tag-jezik-hrvatski","16":"product_tag-magazin-hr","17":"product_tag-novine-hr","18":"product_tag-uciti-hrvatski-hr","19":"desktop-align-left","20":"tablet-align-left","21":"mobile-align-left","23":"first","24":"instock","25":"sale","26":"downloadable","27":"virtual","28":"taxable","29":"purchasable","30":"product-type-subscription"},"uagb_featured_image_src":{"full":["https:\/\/fluechter-verlag.de\/wp-content\/uploads\/2025\/01\/Ponuda-Hrvatski-KOmbiabo-od-12026-PRINT-DIGITAL-.jpg",1500,1452,false],"thumbnail":["https:\/\/fluechter-verlag.de\/wp-content\/uploads\/2025\/01\/Ponuda-Hrvatski-KOmbiabo-od-12026-PRINT-DIGITAL--150x150.jpg",150,150,true],"medium":["https:\/\/fluechter-verlag.de\/wp-content\/uploads\/2025\/01\/Ponuda-Hrvatski-KOmbiabo-od-12026-PRINT-DIGITAL--300x290.jpg",300,290,true],"medium_large":["https:\/\/fluechter-verlag.de\/wp-content\/uploads\/2025\/01\/Ponuda-Hrvatski-KOmbiabo-od-12026-PRINT-DIGITAL--768x743.jpg",768,743,true],"large":["https:\/\/fluechter-verlag.de\/wp-content\/uploads\/2025\/01\/Ponuda-Hrvatski-KOmbiabo-od-12026-PRINT-DIGITAL--1024x991.jpg",1024,991,true],"1536x1536":["https:\/\/fluechter-verlag.de\/wp-content\/uploads\/2025\/01\/Ponuda-Hrvatski-KOmbiabo-od-12026-PRINT-DIGITAL-.jpg",1500,1452,false],"2048x2048":["https:\/\/fluechter-verlag.de\/wp-content\/uploads\/2025\/01\/Ponuda-Hrvatski-KOmbiabo-od-12026-PRINT-DIGITAL-.jpg",1500,1452,false],"mailpoet_newsletter_max":["https:\/\/fluechter-verlag.de\/wp-content\/uploads\/2025\/01\/Ponuda-Hrvatski-KOmbiabo-od-12026-PRINT-DIGITAL--1320x1278.jpg",1320,1278,true],"woocommerce_thumbnail":["https:\/\/fluechter-verlag.de\/wp-content\/uploads\/2025\/01\/Ponuda-Hrvatski-KOmbiabo-od-12026-PRINT-DIGITAL--300x290.jpg",300,290,true],"woocommerce_single":["https:\/\/fluechter-verlag.de\/wp-content\/uploads\/2025\/01\/Ponuda-Hrvatski-KOmbiabo-od-12026-PRINT-DIGITAL--600x581.jpg",600,581,true],"woocommerce_gallery_thumbnail":["https:\/\/fluechter-verlag.de\/wp-content\/uploads\/2025\/01\/Ponuda-Hrvatski-KOmbiabo-od-12026-PRINT-DIGITAL--100x100.jpg",100,100,true]},"uagb_author_info":{"display_name":"Marija Fl\u00fcchter-Krstulja","author_link":"https:\/\/fluechter-verlag.de\/hr\/author\/"},"uagb_comment_info":0,"uagb_excerpt":"Pretplatite se na kombiniranu pretplatu HRVATSKI! PRINT + DIGITAL: ne propustite nijedno izdanje! Fleksibilna pretplata: tiskano i digitalno izdanje U\u010destalost izla\u017eenja: dva puta godi\u0161nje Cijena \u010dasopisa u kombiniranoj pretplati: 18,90 \u20ac za digitalno i tiskano izdanje Tiskano izdanje u ovoj ponudi: bez po\u0161tanskih tro\u0161kova! Digitalno izdanje: mo\u017ee se odmah preuzeti Popisi rije\u010di: hrvatsko - njema\u010dki&hellip;","jetpack_sharing_enabled":true,"_links":{"self":[{"href":"https:\/\/fluechter-verlag.de\/hr\/wp-json\/wp\/v2\/product\/9379","targetHints":{"allow":["GET"]}}],"collection":[{"href":"https:\/\/fluechter-verlag.de\/hr\/wp-json\/wp\/v2\/product"}],"about":[{"href":"https:\/\/fluechter-verlag.de\/hr\/wp-json\/wp\/v2\/types\/product"}],"replies":[{"embeddable":true,"href":"https:\/\/fluechter-verlag.de\/hr\/wp-json\/wp\/v2\/comments?post=9379"}],"wp:featuredmedia":[{"embeddable":true,"href":"https:\/\/fluechter-verlag.de\/hr\/wp-json\/wp\/v2\/media\/12544"}],"wp:attachment":[{"href":"https:\/\/fluechter-verlag.de\/hr\/wp-json\/wp\/v2\/media?parent=9379"}],"wp:term":[{"taxonomy":"product_brand","embeddable":true,"href":"https:\/\/fluechter-verlag.de\/hr\/wp-json\/wp\/v2\/product_brand?post=9379"},{"taxonomy":"product_cat","embeddable":true,"href":"https:\/\/fluechter-verlag.de\/hr\/wp-json\/wp\/v2\/product_cat?post=9379"},{"taxonomy":"product_tag","embeddable":true,"href":"https:\/\/fluechter-verlag.de\/hr\/wp-json\/wp\/v2\/product_tag?post=9379"}],"curies":[{"name":"wp","href":"https:\/\/api.w.org\/{rel}","templated":true}]}}